{"id":5960,"date":"2025-11-06T13:25:28","date_gmt":"2025-11-06T13:25:28","guid":{"rendered":"https:\/\/mysterymakers.dk\/?page_id=5960"},"modified":"2025-11-07T11:39:01","modified_gmt":"2025-11-07T11:39:01","slug":"safety-and-security","status":"publish","type":"page","link":"https:\/\/mysterymakers.dk\/en\/sikkerhed-og-adfaerd\/","title":{"rendered":"Safety and behaviour"},"content":{"rendered":"<div>\n<p>    <img decoding=\"async\" src=\"\/wp-content\/uploads\/black-map.jpg\" alt=\"\"><\/p>\n<h1>For en sikkerheds skyld<\/h1>\n<\/div>\n<div>\n<p dir=\"ltr\"><span><img decoding=\"async\" data-emoji=\"\ud83d\udd10\" class=\"an1\" alt=\"\ud83d\udd10\" aria-label=\"\ud83d\udd10\" draggable=\"false\" src=\"https:\/\/fonts.gstatic.com\/s\/e\/notoemoji\/16.0\/1f510\/32.png\" loading=\"lazy\" \/> <strong>Velkommen til Mystery Makers<\/strong><\/span><\/p>\n<p dir=\"ltr\"><span>L\u00e6s dette f\u00f8r I g\u00e5r ind. Det tager kun et \u00f8jeblik. S\u00e5 f\u00e5r I en tryg og sjov oplevelse.<\/span><\/p>\n<p dir=\"ltr\"><span><img decoding=\"async\" data-emoji=\"\ud83d\udc4d\" class=\"an1\" alt=\"\ud83d\udc4d\" aria-label=\"\ud83d\udc4d\" draggable=\"false\" src=\"https:\/\/fonts.gstatic.com\/s\/e\/notoemoji\/16.0\/1f44d\/32.png\" loading=\"lazy\" \/> Alt er planlagt, og der er ingen chokeffekter.<\/span><\/p>\n<p dir=\"ltr\"><span><img decoding=\"async\" data-emoji=\"\ud83d\udc40\" class=\"an1\" alt=\"\ud83d\udc40\" aria-label=\"\ud83d\udc40\" draggable=\"false\" src=\"https:\/\/fonts.gstatic.com\/s\/e\/notoemoji\/16.0\/1f440\/32.png\" loading=\"lazy\" \/> Gamemasteren f\u00f8lger med udefra, og I er aldrig overladt til jer selv.<\/span><\/p>\n<p dir=\"ltr\"><span><img decoding=\"async\" data-emoji=\"\ud83d\udfe5\" class=\"an1\" alt=\"\ud83d\udfe5\" aria-label=\"\ud83d\udfe5\" draggable=\"false\" src=\"https:\/\/fonts.gstatic.com\/s\/e\/notoemoji\/16.0\/1f7e5\/32.png\" loading=\"lazy\" \/> I en n\u00f8dsituation kan I altid komme ud. Enten ved at bruge n\u00f8glen i det r\u00f8de n\u00f8gleskab til at \u00e5bne n\u00f8dudgangen, eller ved at fjerne koppen over vrideren p\u00e5 d\u00f8ren og dreje den. Man vinder ikke p\u00e5 disse m\u00e5der.<\/span><\/p>\n<p dir=\"ltr\"><span><img decoding=\"async\" data-emoji=\"\ud83e\udde0\" class=\"an1\" alt=\"\ud83e\udde0\" aria-label=\"\ud83e\udde0\" draggable=\"false\" src=\"https:\/\/fonts.gstatic.com\/s\/e\/notoemoji\/16.0\/1f9e0\/32.png\" loading=\"lazy\" \/> Undlad at bruge vold. Alt kan l\u00f8ses med hjernekraft, og m\u00e5 ikke l\u00f8ses med muskelkraft.<\/span><\/p>\n<p dir=\"ltr\"><span><img decoding=\"async\" data-emoji=\"\ud83e\uddb6\" class=\"an1\" alt=\"\ud83e\uddb6\" aria-label=\"\ud83e\uddb6\" draggable=\"false\" src=\"https:\/\/fonts.gstatic.com\/s\/e\/notoemoji\/16.0\/1f9b6\/32.png\" loading=\"lazy\" \/> I skal ikke klatre. Det I skal bruge, kan n\u00e5s med f\u00f8dderne solidt plantet p\u00e5 jorden.<\/span><\/p>\n<p dir=\"ltr\"><span><img decoding=\"async\" data-emoji=\"\ud83d\ude4c\" class=\"an1\" alt=\"\ud83d\ude4c\" aria-label=\"\ud83d\ude4c\" draggable=\"false\" src=\"https:\/\/fonts.gstatic.com\/s\/e\/notoemoji\/16.0\/1f64c\/32.png\" loading=\"lazy\" \/> Pas venligst p\u00e5 rummet. I beh\u00f8ver ikke hive i elektriske ledninger eller flytte rundt p\u00e5 store m\u00f8bler.<\/span><\/p>\n<p dir=\"ltr\"><span><img decoding=\"async\" data-emoji=\"\u26d4\" class=\"an1\" alt=\"\u26d4\" aria-label=\"\u26d4\" draggable=\"false\" src=\"https:\/\/fonts.gstatic.com\/s\/e\/notoemoji\/16.0\/26d4\/32.png\" loading=\"lazy\" \/> <img decoding=\"async\" data-emoji=\"\ud83d\udcde\" class=\"an1\" alt=\"\ud83d\udcde\" aria-label=\"\ud83d\udcde\" draggable=\"false\" src=\"https:\/\/fonts.gstatic.com\/s\/e\/notoemoji\/16.0\/1f4de\/32.png\" loading=\"lazy\" \/> Mystery Room handler om n\u00e6rv\u00e6r og samarbejde. Lige som i biografen vil vi bede dig s\u00e6tte din mobil p\u00e5 flightmode. Uret tikker, dit hold har brug for dig, s\u00e5 glem dit insta-feed \u2013 du f\u00e5r brug for din hjerne i stedet.<\/span><\/p>\n<p dir=\"ltr\"><span><img decoding=\"async\" data-emoji=\"\ud83e\udde9\" class=\"an1\" alt=\"\ud83e\udde9\" aria-label=\"\ud83e\udde9\" draggable=\"false\" src=\"https:\/\/fonts.gstatic.com\/s\/e\/notoemoji\/16.0\/1f9e9\/32.png\" loading=\"lazy\" \/> <img decoding=\"async\" data-emoji=\"\ud83d\udd13\" class=\"an1\" alt=\"\ud83d\udd13\" aria-label=\"\ud83d\udd13\" draggable=\"false\" src=\"https:\/\/fonts.gstatic.com\/s\/e\/notoemoji\/16.0\/1f513\/32.png\" loading=\"lazy\" \/> N\u00e5r alle har l\u00e6st f\u00e6rdig og er klar, vil jeres gamemaster s\u00e6tte jer i gang med spillet.<\/span><\/p>\n<p dir=\"ltr\"><span>Rigtig god forn\u00f8jelse!<\/span><br aria-hidden=\"true\" \/><span>Os fra Mystery Makers<\/span><\/p>\n<\/div>\n<p><!--more--><br \/>\n<!-- {\"type\":\"layout\",\"children\":[{\"name\":\"Top - map bg\",\"type\":\"section\",\"props\":{\"animation_delay\":false,\"header_transparent\":true,\"header_transparent_noplaceholder\":true,\"header_transparent_text_color\":\"light\",\"image_position\":\"center-center\",\"overlap\":false,\"padding\":\"none\",\"style\":\"default\",\"title_breakpoint\":\"xl\",\"title_position\":\"top-left\",\"title_rotation\":\"left\",\"vertical_align\":\"\",\"width\":\"\"},\"children\":[{\"type\":\"row\",\"children\":[{\"type\":\"column\",\"props\":{\"image_position\":\"center-center\",\"position_sticky_breakpoint\":\"m\",\"width_medium\":\"1-1\"},\"children\":[{\"type\":\"slideshow\",\"props\":{\"animation\":\"fade\",\"css\":\"@media screen and (max-width: 500px) {\\n    .el-title{font-size:18px;}   \\n    \\n}\",\"image_width\":\"2560\",\"link_parallax_opacity\":\"0,1,1\",\"link_parallax_y\":\"50,0,0\",\"link_size\":\"large\",\"link_style\":\"danger\",\"link_text\":\"\",\"margin\":\"default\",\"meta_align\":\"below-title\",\"meta_element\":\"div\",\"meta_parallax_opacity\":\"0,1,1\",\"meta_parallax_y\":\"-50,0,0\",\"meta_style\":\"h6\",\"nav\":\"dotnav\",\"nav_align\":\"center\",\"nav_breakpoint\":\"\",\"nav_position\":\"bottom-center\",\"nav_position_margin\":\"medium\",\"overlay_animation\":\"parallax\",\"overlay_container\":\"default\",\"overlay_position\":\"center\",\"overlay_width\":\"xlarge\",\"show_content\":true,\"show_link\":true,\"show_meta\":true,\"show_thumbnail\":true,\"show_title\":true,\"slidenav\":\"default\",\"slidenav_breakpoint\":\"m\",\"slidenav_hover\":true,\"slidenav_margin\":\"medium\",\"slidenav_outside_breakpoint\":\"xl\",\"slideshow_autoplay\":false,\"slideshow_autoplay_pause\":true,\"slideshow_kenburns\":\"alternate\",\"slideshow_max_height\":\"300\",\"slideshow_min_height\":\"250\",\"slideshow_ratio\":\"16:7\",\"slideshow_velocity\":0.6,\"text_align\":\"center\",\"text_align_fallback\":\"center\",\"text_color\":\"light\",\"thumbnav_height\":\"75\",\"thumbnav_svg_color\":\"emphasis\",\"thumbnav_width\":\"100\",\"title_element\":\"h1\",\"title_hover_style\":\"reset\",\"title_parallax_opacity\":\"0,1,1\",\"title_parallax_x\":\"-200,0,200\"},\"children\":[{\"type\":\"slideshow_item\",\"props\":{\"content\":\"\",\"image\":\"wp-content\\\/uploads\\\/black-map.jpg\",\"media_overlay\":\"rgba(0, 0, 0, 0.5)\",\"meta\":\"\",\"thumbnail\":\"\",\"title\":\"For en sikkerheds skyld\"}}]}]}]}]},{\"type\":\"section\",\"props\":{\"image_position\":\"center-center\",\"style\":\"default\",\"title_breakpoint\":\"xl\",\"title_position\":\"top-left\",\"title_rotation\":\"left\",\"vertical_align\":\"middle\",\"width\":\"default\"},\"children\":[{\"type\":\"row\",\"children\":[{\"type\":\"column\",\"props\":{\"image_position\":\"center-center\",\"position_sticky_breakpoint\":\"m\"},\"children\":[{\"type\":\"text\",\"props\":{\"column_breakpoint\":\"m\",\"content\":\"\n\n<p dir=\\\"ltr\\\"><span><img data-emoji=\\\"\\ud83d\\udd10\\\" class=\\\"an1\\\" alt=\\\"\\ud83d\\udd10\\\" aria-label=\\\"\\ud83d\\udd10\\\" draggable=\\\"false\\\" src=\\\"https:\\\/\\\/fonts.gstatic.com\\\/s\\\/e\\\/notoemoji\\\/16.0\\\/1f510\\\/32.png\\\" loading=\\\"lazy\\\" \\\/> <strong>Velkommen til Mystery Makers<\\\/strong><\\\/span><\\\/p>\\n\n\n<p dir=\\\"ltr\\\"><span>L\\u00e6s dette f\\u00f8r I g\\u00e5r ind. Det tager kun et \\u00f8jeblik. S\\u00e5 f\\u00e5r I en tryg og sjov oplevelse.<\\\/span><\\\/p>\\n\n\n<p dir=\\\"ltr\\\"><span><img data-emoji=\\\"\\ud83d\\udc4d\\\" class=\\\"an1\\\" alt=\\\"\\ud83d\\udc4d\\\" aria-label=\\\"\\ud83d\\udc4d\\\" draggable=\\\"false\\\" src=\\\"https:\\\/\\\/fonts.gstatic.com\\\/s\\\/e\\\/notoemoji\\\/16.0\\\/1f44d\\\/32.png\\\" loading=\\\"lazy\\\" \\\/> Alt er planlagt, og der er ingen chokeffekter.<\\\/span><\\\/p>\\n\n\n<p dir=\\\"ltr\\\"><span><img data-emoji=\\\"\\ud83d\\udc40\\\" class=\\\"an1\\\" alt=\\\"\\ud83d\\udc40\\\" aria-label=\\\"\\ud83d\\udc40\\\" draggable=\\\"false\\\" src=\\\"https:\\\/\\\/fonts.gstatic.com\\\/s\\\/e\\\/notoemoji\\\/16.0\\\/1f440\\\/32.png\\\" loading=\\\"lazy\\\" \\\/> Gamemasteren f\\u00f8lger med udefra, og I er aldrig overladt til jer selv.<\\\/span><\\\/p>\\n\n\n<p dir=\\\"ltr\\\"><span><img data-emoji=\\\"\\ud83d\\udfe5\\\" class=\\\"an1\\\" alt=\\\"\\ud83d\\udfe5\\\" aria-label=\\\"\\ud83d\\udfe5\\\" draggable=\\\"false\\\" src=\\\"https:\\\/\\\/fonts.gstatic.com\\\/s\\\/e\\\/notoemoji\\\/16.0\\\/1f7e5\\\/32.png\\\" loading=\\\"lazy\\\" \\\/> I en n\\u00f8dsituation kan I altid komme ud. Enten ved at bruge n\\u00f8glen i det r\\u00f8de n\\u00f8gleskab til at \\u00e5bne n\\u00f8dudgangen, eller ved at fjerne koppen over vrideren p\\u00e5 d\\u00f8ren og dreje den. Man vinder ikke p\\u00e5 disse m\\u00e5der.<\\\/span><\\\/p>\\n\n\n<p dir=\\\"ltr\\\"><span><img data-emoji=\\\"\\ud83e\\udde0\\\" class=\\\"an1\\\" alt=\\\"\\ud83e\\udde0\\\" aria-label=\\\"\\ud83e\\udde0\\\" draggable=\\\"false\\\" src=\\\"https:\\\/\\\/fonts.gstatic.com\\\/s\\\/e\\\/notoemoji\\\/16.0\\\/1f9e0\\\/32.png\\\" loading=\\\"lazy\\\" \\\/> Undlad at bruge vold. Alt kan l\\u00f8ses med hjernekraft, og m\\u00e5 ikke l\\u00f8ses med muskelkraft.<\\\/span><\\\/p>\\n\n\n<p dir=\\\"ltr\\\"><span><img data-emoji=\\\"\\ud83e\\uddb6\\\" class=\\\"an1\\\" alt=\\\"\\ud83e\\uddb6\\\" aria-label=\\\"\\ud83e\\uddb6\\\" draggable=\\\"false\\\" src=\\\"https:\\\/\\\/fonts.gstatic.com\\\/s\\\/e\\\/notoemoji\\\/16.0\\\/1f9b6\\\/32.png\\\" loading=\\\"lazy\\\" \\\/> I skal ikke klatre. Det I skal bruge, kan n\\u00e5s med f\\u00f8dderne solidt plantet p\\u00e5 jorden.<\\\/span><\\\/p>\\n\n\n<p dir=\\\"ltr\\\"><span><img data-emoji=\\\"\\ud83d\\ude4c\\\" class=\\\"an1\\\" alt=\\\"\\ud83d\\ude4c\\\" aria-label=\\\"\\ud83d\\ude4c\\\" draggable=\\\"false\\\" src=\\\"https:\\\/\\\/fonts.gstatic.com\\\/s\\\/e\\\/notoemoji\\\/16.0\\\/1f64c\\\/32.png\\\" loading=\\\"lazy\\\" \\\/> Pas venligst p\\u00e5 rummet. I beh\\u00f8ver ikke hive i elektriske ledninger eller flytte rundt p\\u00e5 store m\\u00f8bler.<\\\/span><\\\/p>\\n\n\n<p dir=\\\"ltr\\\"><span><img data-emoji=\\\"\\u26d4\\\" class=\\\"an1\\\" alt=\\\"\\u26d4\\\" aria-label=\\\"\\u26d4\\\" draggable=\\\"false\\\" src=\\\"https:\\\/\\\/fonts.gstatic.com\\\/s\\\/e\\\/notoemoji\\\/16.0\\\/26d4\\\/32.png\\\" loading=\\\"lazy\\\" \\\/> <img data-emoji=\\\"\\ud83d\\udcde\\\" class=\\\"an1\\\" alt=\\\"\\ud83d\\udcde\\\" aria-label=\\\"\\ud83d\\udcde\\\" draggable=\\\"false\\\" src=\\\"https:\\\/\\\/fonts.gstatic.com\\\/s\\\/e\\\/notoemoji\\\/16.0\\\/1f4de\\\/32.png\\\" loading=\\\"lazy\\\" \\\/> Mystery Room handler om n\\u00e6rv\\u00e6r og samarbejde. Lige som i biografen vil vi bede dig s\\u00e6tte din mobil p\\u00e5 flightmode. Uret tikker, dit hold har brug for dig, s\\u00e5 glem dit insta-feed \\u2013 du f\\u00e5r brug for din hjerne i stedet.<\\\/span><\\\/p>\\n\n\n<p dir=\\\"ltr\\\"><span><img data-emoji=\\\"\\ud83e\\udde9\\\" class=\\\"an1\\\" alt=\\\"\\ud83e\\udde9\\\" aria-label=\\\"\\ud83e\\udde9\\\" draggable=\\\"false\\\" src=\\\"https:\\\/\\\/fonts.gstatic.com\\\/s\\\/e\\\/notoemoji\\\/16.0\\\/1f9e9\\\/32.png\\\" loading=\\\"lazy\\\" \\\/> <img data-emoji=\\\"\\ud83d\\udd13\\\" class=\\\"an1\\\" alt=\\\"\\ud83d\\udd13\\\" aria-label=\\\"\\ud83d\\udd13\\\" draggable=\\\"false\\\" src=\\\"https:\\\/\\\/fonts.gstatic.com\\\/s\\\/e\\\/notoemoji\\\/16.0\\\/1f513\\\/32.png\\\" loading=\\\"lazy\\\" \\\/> N\\u00e5r alle har l\\u00e6st f\\u00e6rdig og er klar, vil jeres gamemaster s\\u00e6tte jer i gang med spillet.<\\\/span><\\\/p>\\n\n\n<p dir=\\\"ltr\\\"><span>Rigtig god forn\\u00f8jelse!<\\\/span><br aria-hidden=\\\"true\\\" \\\/><span>Os fra Mystery Makers<\\\/span><\\\/p>\",\"margin\":\"default\"}}]}]}]}],\"version\":\"4.5.27\"} --><\/p>\n","protected":false},"excerpt":{"rendered":"<p>For en sikkerheds skyld Velkommen til Mystery Makers L\u00e6s dette f\u00f8r I g\u00e5r ind. Det tager kun et \u00f8jeblik. S\u00e5 f\u00e5r I en tryg og sjov oplevelse. Alt er planlagt, og der er ingen chokeffekter. Gamemasteren f\u00f8lger med udefra, og I er aldrig overladt til jer selv. I en n\u00f8dsituation kan I altid komme ud. [&hellip;]<\/p>\n","protected":false},"author":12,"featured_media":0,"parent":0,"menu_order":0,"comment_status":"closed","ping_status":"closed","template":"","meta":{"_acf_changed":false,"footnotes":""},"class_list":["post-5960","page","type-page","status-publish","hentry"],"acf":[],"_wp_attached_file":null,"_wp_attachment_metadata":null,"_wp_attachment_image_alt":null,"_menu_item_type":null,"_menu_item_menu_item_parent":null,"_menu_item_object_id":null,"_menu_item_object":null,"_menu_item_target":null,"_menu_item_classes":null,"_menu_item_xfn":null,"_menu_item_url":null,"_sc_disable_sc":null,"_sc_disable_admin":null,"_sc_editor":null,"_sc_allowed_devices":null,"wpml_media_processed":null,"_wp_page_template":null,"_wpcode_auto_insert":null,"_wpcode_auto_insert_number":null,"_wpcode_library_id":null,"_wpcode_conditional_logic_enabled":null,"_wpcode_priority":null,"_wpcode_note":null,"_wpcode_conditional_logic":null,"_yoast_wpseo_meta-robots-noindex":null,"_sc_description":null,"_yoast_wpseo_primary_category":null,"_oembed_0cc52318f6774d9ee312b83fd2dce3c1":null,"_oembed_time_0cc52318f6774d9ee312b83fd2dce3c1":null,"_wp_attachment_backup_sizes":null,"wp-smush-lossy":null,"wp-smpro-smush-data":null,"wp-smush-pngjpg_savings":null,"wp-smush-ignore-bulk":null,"_pum_built_in":null,"_pum_default_theme":null,"popup_theme_data_version":null,"popup_theme_settings":null,"popup_title":null,"enabled":null,"popup_settings":null,"data_version":null,"popup_open_count":null,"popup_conversion_count":null,"_aoc_tab":null,"_aoc_popup_goal":null,"_aoc_display_type":null,"_aoc_popup_appear":null,"_aoc_behaviour":null,"_aoc_content":null,"_aoc_design":null,"_aoc_advance":null,"_aoc_custom_css":null,"wpforms_form_locations":null,"popup_open_count_total":null,"popup_last_opened":null,"_pum_user_modified":null,"popup_theme_overlay":null,"popup_theme_container":null,"popup_theme_title":null,"popup_theme_content":null,"popup_theme_close":null,"_yoast_wpseo_meta-robots-nofollow":null,"_top_nav_excluded":null,"_cms_nav_minihome":null,"_wp_desired_post_slug":null,"wp-smush-transparent":null,"_thumbnail_id":null,"_yoast_wpseo_opengraph-image":null,"_yoast_wpseo_opengraph-image-id":null,"_trp_translated_slug_en_gb":null,"_emr_replace_author":null,"popup_data":null,"popup_type":null,"popup_goal":null,"popup_goal_action":null,"popup_placement":null,"popup_devices":null,"popup_views":null,"popup_conversion":null,"_pingme":null,"_encloseme":null,"_edit_lock":"1762515326:12","_edit_last":"12","_wp_old_slug":null,"_wp_old_date":null,"_wpml_word_count":null,"_wpml_media_featured":null,"_wpml_media_duplicate":null,"_last_translation_edit_mode":null,"_yoast_wpseo_title":null,"_yoast_wpseo_metadesc":null,"_yoast_wpseo_content_score":null,"_yoast_wpseo_estimated-reading-time-minutes":null,"_yoast_wpseo_wordproof_timestamp":null,"_pinterest_shares":null,"_total_shares":null,"swp_cache_timestamp":null,"_trp_automatically_translated_slug_en_gb":null,"overskrift":null,"_overskrift":null,"tekst":null,"_tekst":null,"brodtekst":null,"_brodtekst":null,"h1_overskrift":null,"_h1_overskrift":null,"hero-tekst":null,"_hero-tekst":null,"brodtekst_2":null,"_brodtekst_2":null,"yoast_head":"<!-- This site is optimized with the Yoast SEO plugin v27.5 - https:\/\/yoast.com\/product\/yoast-seo-wordpress\/ -->\n<title>Sikkerhed og adf\u00e6rd - Mystery Makers<\/title>\n<meta name=\"robots\" content=\"index, follow, max-snippet:-1, max-image-preview:large, max-video-preview:-1\" \/>\n<link rel=\"canonical\" href=\"https:\/\/mysterymakers.dk\/en\/safety-and-security\/\" \/>\n<meta property=\"og:locale\" content=\"en_GB\" \/>\n<meta property=\"og:type\" content=\"article\" \/>\n<meta property=\"og:title\" content=\"Sikkerhed og adf\u00e6rd - Mystery Makers\" \/>\n<meta property=\"og:description\" content=\"For en sikkerheds skyld Velkommen til Mystery Makers L\u00e6s dette f\u00f8r I g\u00e5r ind. Det tager kun et \u00f8jeblik. S\u00e5 f\u00e5r I en tryg og sjov oplevelse. Alt er planlagt, og der er ingen chokeffekter. Gamemasteren f\u00f8lger med udefra, og I er aldrig overladt til jer selv. I en n\u00f8dsituation kan I altid komme ud. [&hellip;]\" \/>\n<meta property=\"og:url\" content=\"https:\/\/mysterymakers.dk\/en\/safety-and-security\/\" \/>\n<meta property=\"og:site_name\" content=\"Mystery Makers\" \/>\n<meta property=\"article:modified_time\" content=\"2025-11-07T11:39:01+00:00\" \/>\n<meta property=\"og:image\" content=\"https:\/\/fonts.gstatic.com\/s\/e\/notoemoji\/16.0\/1f510\/32.png\" \/>\n<meta name=\"twitter:card\" content=\"summary_large_image\" \/>\n<meta name=\"twitter:label1\" content=\"Estimated reading time\" \/>\n\t<meta name=\"twitter:data1\" content=\"1 minute\" \/>\n<script type=\"application\/ld+json\" class=\"yoast-schema-graph\">{\"@context\":\"https:\\\/\\\/schema.org\",\"@graph\":[{\"@type\":\"WebPage\",\"@id\":\"https:\\\/\\\/mysterymakers.dk\\\/en\\\/sikkerhed-og-adfaerd\\\/\",\"url\":\"https:\\\/\\\/mysterymakers.dk\\\/en\\\/sikkerhed-og-adfaerd\\\/\",\"name\":\"Sikkerhed og adf\u00e6rd - Mystery Makers\",\"isPartOf\":{\"@id\":\"https:\\\/\\\/mysterymakers.dk\\\/en\\\/#website\"},\"primaryImageOfPage\":{\"@id\":\"https:\\\/\\\/mysterymakers.dk\\\/en\\\/sikkerhed-og-adfaerd\\\/#primaryimage\"},\"image\":{\"@id\":\"https:\\\/\\\/mysterymakers.dk\\\/en\\\/sikkerhed-og-adfaerd\\\/#primaryimage\"},\"thumbnailUrl\":\"https:\\\/\\\/fonts.gstatic.com\\\/s\\\/e\\\/notoemoji\\\/16.0\\\/1f510\\\/32.png\",\"datePublished\":\"2025-11-06T13:25:28+00:00\",\"dateModified\":\"2025-11-07T11:39:01+00:00\",\"breadcrumb\":{\"@id\":\"https:\\\/\\\/mysterymakers.dk\\\/en\\\/sikkerhed-og-adfaerd\\\/#breadcrumb\"},\"inLanguage\":\"en-GB\",\"potentialAction\":[{\"@type\":\"ReadAction\",\"target\":[\"https:\\\/\\\/mysterymakers.dk\\\/en\\\/sikkerhed-og-adfaerd\\\/\"]}]},{\"@type\":\"ImageObject\",\"inLanguage\":\"en-GB\",\"@id\":\"https:\\\/\\\/mysterymakers.dk\\\/en\\\/sikkerhed-og-adfaerd\\\/#primaryimage\",\"url\":\"https:\\\/\\\/fonts.gstatic.com\\\/s\\\/e\\\/notoemoji\\\/16.0\\\/1f510\\\/32.png\",\"contentUrl\":\"https:\\\/\\\/fonts.gstatic.com\\\/s\\\/e\\\/notoemoji\\\/16.0\\\/1f510\\\/32.png\"},{\"@type\":\"BreadcrumbList\",\"@id\":\"https:\\\/\\\/mysterymakers.dk\\\/en\\\/sikkerhed-og-adfaerd\\\/#breadcrumb\",\"itemListElement\":[{\"@type\":\"ListItem\",\"position\":1,\"name\":\"Hjem\",\"item\":\"https:\\\/\\\/mysterymakers.dk\\\/\"},{\"@type\":\"ListItem\",\"position\":2,\"name\":\"Sikkerhed og adf\u00e6rd\"}]},{\"@type\":\"WebSite\",\"@id\":\"https:\\\/\\\/mysterymakers.dk\\\/en\\\/#website\",\"url\":\"https:\\\/\\\/mysterymakers.dk\\\/en\\\/\",\"name\":\"Mystery Makers\",\"description\":\"Mange timers underholdning med venner og kollegaer\",\"potentialAction\":[{\"@type\":\"SearchAction\",\"target\":{\"@type\":\"EntryPoint\",\"urlTemplate\":\"https:\\\/\\\/mysterymakers.dk\\\/en\\\/?s={search_term_string}\"},\"query-input\":{\"@type\":\"PropertyValueSpecification\",\"valueRequired\":true,\"valueName\":\"search_term_string\"}}],\"inLanguage\":\"en-GB\"}]}<\/script>\n<!-- \/ Yoast SEO plugin. -->","yoast_head_json":{"title":"Safety and behaviour - Mystery Makers","robots":{"index":"index","follow":"follow","max-snippet":"max-snippet:-1","max-image-preview":"max-image-preview:large","max-video-preview":"max-video-preview:-1"},"canonical":"https:\/\/mysterymakers.dk\/en\/safety-and-security\/","og_locale":"en_GB","og_type":"article","og_title":"Sikkerhed og adf\u00e6rd - Mystery Makers","og_description":"For en sikkerheds skyld Velkommen til Mystery Makers L\u00e6s dette f\u00f8r I g\u00e5r ind. Det tager kun et \u00f8jeblik. S\u00e5 f\u00e5r I en tryg og sjov oplevelse. Alt er planlagt, og der er ingen chokeffekter. Gamemasteren f\u00f8lger med udefra, og I er aldrig overladt til jer selv. I en n\u00f8dsituation kan I altid komme ud. [&hellip;]","og_url":"https:\/\/mysterymakers.dk\/en\/safety-and-security\/","og_site_name":"Mystery Makers","article_modified_time":"2025-11-07T11:39:01+00:00","og_image":[{"url":"https:\/\/fonts.gstatic.com\/s\/e\/notoemoji\/16.0\/1f510\/32.png","type":"","width":"","height":""}],"twitter_card":"summary_large_image","twitter_misc":{"Estimated reading time":"1 minute"},"schema":{"@context":"https:\/\/schema.org","@graph":[{"@type":"WebPage","@id":"https:\/\/mysterymakers.dk\/en\/sikkerhed-og-adfaerd\/","url":"https:\/\/mysterymakers.dk\/en\/sikkerhed-og-adfaerd\/","name":"Safety and behaviour - Mystery Makers","isPartOf":{"@id":"https:\/\/mysterymakers.dk\/en\/#website"},"primaryImageOfPage":{"@id":"https:\/\/mysterymakers.dk\/en\/sikkerhed-og-adfaerd\/#primaryimage"},"image":{"@id":"https:\/\/mysterymakers.dk\/en\/sikkerhed-og-adfaerd\/#primaryimage"},"thumbnailUrl":"https:\/\/fonts.gstatic.com\/s\/e\/notoemoji\/16.0\/1f510\/32.png","datePublished":"2025-11-06T13:25:28+00:00","dateModified":"2025-11-07T11:39:01+00:00","breadcrumb":{"@id":"https:\/\/mysterymakers.dk\/en\/sikkerhed-og-adfaerd\/#breadcrumb"},"inLanguage":"en-GB","potentialAction":[{"@type":"ReadAction","target":["https:\/\/mysterymakers.dk\/en\/sikkerhed-og-adfaerd\/"]}]},{"@type":"ImageObject","inLanguage":"en-GB","@id":"https:\/\/mysterymakers.dk\/en\/sikkerhed-og-adfaerd\/#primaryimage","url":"https:\/\/fonts.gstatic.com\/s\/e\/notoemoji\/16.0\/1f510\/32.png","contentUrl":"https:\/\/fonts.gstatic.com\/s\/e\/notoemoji\/16.0\/1f510\/32.png"},{"@type":"BreadcrumbList","@id":"https:\/\/mysterymakers.dk\/en\/sikkerhed-og-adfaerd\/#breadcrumb","itemListElement":[{"@type":"ListItem","position":1,"name":"Hjem","item":"https:\/\/mysterymakers.dk\/"},{"@type":"ListItem","position":2,"name":"Sikkerhed og adf\u00e6rd"}]},{"@type":"WebSite","@id":"https:\/\/mysterymakers.dk\/en\/#website","url":"https:\/\/mysterymakers.dk\/en\/","name":"Mystery Makers","description":"Hours of entertainment with friends and colleagues","potentialAction":[{"@type":"SearchAction","target":{"@type":"EntryPoint","urlTemplate":"https:\/\/mysterymakers.dk\/en\/?s={search_term_string}"},"query-input":{"@type":"PropertyValueSpecification","valueRequired":true,"valueName":"search_term_string"}}],"inLanguage":"en-GB"}]}},"_links":{"self":[{"href":"https:\/\/mysterymakers.dk\/en\/wp-json\/wp\/v2\/pages\/5960","targetHints":{"allow":["GET"]}}],"collection":[{"href":"https:\/\/mysterymakers.dk\/en\/wp-json\/wp\/v2\/pages"}],"about":[{"href":"https:\/\/mysterymakers.dk\/en\/wp-json\/wp\/v2\/types\/page"}],"author":[{"embeddable":true,"href":"https:\/\/mysterymakers.dk\/en\/wp-json\/wp\/v2\/users\/12"}],"replies":[{"embeddable":true,"href":"https:\/\/mysterymakers.dk\/en\/wp-json\/wp\/v2\/comments?post=5960"}],"version-history":[{"count":7,"href":"https:\/\/mysterymakers.dk\/en\/wp-json\/wp\/v2\/pages\/5960\/revisions"}],"predecessor-version":[{"id":5971,"href":"https:\/\/mysterymakers.dk\/en\/wp-json\/wp\/v2\/pages\/5960\/revisions\/5971"}],"wp:attachment":[{"href":"https:\/\/mysterymakers.dk\/en\/wp-json\/wp\/v2\/media?parent=5960"}],"curies":[{"name":"wp","href":"https:\/\/api.w.org\/{rel}","templated":true}]}}