{"id":5946,"date":"2025-11-04T13:05:36","date_gmt":"2025-11-04T13:05:36","guid":{"rendered":"https:\/\/mysterymakers.dk\/?page_id=5946"},"modified":"2025-11-05T12:10:38","modified_gmt":"2025-11-05T12:10:38","slug":"thorvaldsens-welcome-letter","status":"publish","type":"page","link":"https:\/\/mysterymakers.dk\/en\/thorvaldsens-velkomstbrev\/","title":{"rendered":"Thorvaldsen's letter of welcome"},"content":{"rendered":"<div>\n<p>    <img decoding=\"async\" src=\"\/wp-content\/uploads\/black-map.jpg\" alt=\"\"><\/p>\n<h1>MYSTERY HUNT<br \/> THORVALDSENS MUSEUM<\/h1>\n<\/div>\n<div>\n<p><img decoding=\"async\" data-emoji=\"\ud83d\ude80\" class=\"an1\" alt=\"\ud83d\ude80\" aria-label=\"\ud83d\ude80\" draggable=\"false\" src=\"https:\/\/fonts.gstatic.com\/s\/e\/notoemoji\/16.0\/1f680\/32.png\" loading=\"lazy\" \/><span>\u00a0<\/span><strong>S\u00c5DAN BEGYNDER I<\/strong><\/p>\n<p><img decoding=\"async\" data-emoji=\"\ud83d\udc65\" class=\"an1\" alt=\"\ud83d\udc65\" aria-label=\"\ud83d\udc65\" draggable=\"false\" src=\"https:\/\/fonts.gstatic.com\/s\/e\/notoemoji\/16.0\/1f465\/32.png\" loading=\"lazy\" \/><span>\u00a0<\/span><strong>1\u20132 grupper<\/strong><br \/><img decoding=\"async\" data-emoji=\"\u27a1\ufe0f\" class=\"an1\" alt=\"\u27a1\ufe0f\" aria-label=\"\u27a1\ufe0f\" draggable=\"false\" src=\"https:\/\/fonts.gstatic.com\/s\/e\/notoemoji\/16.0\/27a1_fe0f\/32.png\" loading=\"lazy\" \/><span>\u00a0<\/span>Find et roligt sted i<span>\u00a0<\/span><strong>stueetagen<\/strong>.<br \/><img decoding=\"async\" data-emoji=\"\u2b1b\ufe0f\" class=\"an1\" alt=\"\u2b1b\ufe0f\" aria-label=\"\u2b1b\ufe0f\" draggable=\"false\" src=\"https:\/\/fonts.gstatic.com\/s\/e\/notoemoji\/16.0\/2b1b_fe0f\/32.png\" loading=\"lazy\" \/><span>\u00a0<\/span>\u00c5bn d\u00e9r jeres sorte \u00e6ske.<\/p>\n<p><img decoding=\"async\" data-emoji=\"\ud83d\udc65\" class=\"an1\" alt=\"\ud83d\udc65\" aria-label=\"\ud83d\udc65\" draggable=\"false\" src=\"https:\/\/fonts.gstatic.com\/s\/e\/notoemoji\/16.0\/1f465\/32.png\" loading=\"lazy\" \/><span>\u00a0<\/span><strong>3 grupper eller flere<\/strong><br \/><img decoding=\"async\" data-emoji=\"\ud83d\uddfa\ufe0f\" class=\"an1\" alt=\"\ud83d\uddfa\ufe0f\" aria-label=\"\ud83d\uddfa\ufe0f\" draggable=\"false\" src=\"https:\/\/fonts.gstatic.com\/s\/e\/notoemoji\/16.0\/1f5fa_fe0f\/32.png\" loading=\"lazy\" \/><span>\u00a0<\/span>Der er<span>\u00a0<\/span><strong>to ruter<\/strong>:<br \/>\u2022<span>\u00a0<\/span><strong>Hammerruten<\/strong><br \/>\u2022<span>\u00a0<\/span><strong>Mejselruten<\/strong><\/p>\n<p><img decoding=\"async\" data-emoji=\"\ud83d\udc49\" class=\"an1\" alt=\"\ud83d\udc49\" aria-label=\"\ud83d\udc49\" draggable=\"false\" src=\"https:\/\/fonts.gstatic.com\/s\/e\/notoemoji\/16.0\/1f449\/32.png\" loading=\"lazy\" \/><span>\u00a0<\/span>To grupper kan starte samtidigt \u2013 \u00e9n p\u00e5 hver rute.<br \/><img decoding=\"async\" data-emoji=\"\ud83d\udeb6\u200d\u2640\ufe0f\" class=\"an1\" alt=\"\ud83d\udeb6\u200d\u2640\ufe0f\" aria-label=\"\ud83d\udeb6\u200d\u2640\ufe0f\" draggable=\"false\" src=\"https:\/\/fonts.gstatic.com\/s\/e\/notoemoji\/16.0\/1f6b6_200d_2640_fe0f\/32.png\" loading=\"lazy\" \/><span>\u00a0<\/span>Send de to f\u00f8rste grupper afsted.<br \/><img decoding=\"async\" data-emoji=\"\u27a1\ufe0f\" class=\"an1\" alt=\"\u27a1\ufe0f\" aria-label=\"\u27a1\ufe0f\" draggable=\"false\" src=\"https:\/\/fonts.gstatic.com\/s\/e\/notoemoji\/16.0\/27a1_fe0f\/32.png\" loading=\"lazy\" \/><span>\u00a0<\/span>Find et roligt sted i<span>\u00a0<\/span><strong>stueetagen<\/strong><span>\u00a0<\/span>og \u00e5bn d\u00e9r jeres sorte \u00e6ske.<br \/><img decoding=\"async\" data-emoji=\"\u23f3\" class=\"an1\" alt=\"\u23f3\" aria-label=\"\u23f3\" draggable=\"false\" src=\"https:\/\/fonts.gstatic.com\/s\/e\/notoemoji\/16.0\/23f3\/32.png\" loading=\"lazy\" \/><span>\u00a0<\/span>Vent<span>\u00a0<\/span><strong>10 minutter<\/strong>, f\u00f8r I sender de n\u00e6ste to grupper afsted \u2013 og forts\u00e6t s\u00e5dan.<\/p>\n<p><img decoding=\"async\" data-emoji=\"\u2665\ufe0f\" class=\"an1\" alt=\"\u2665\ufe0f\" aria-label=\"\u2665\ufe0f\" draggable=\"false\" src=\"https:\/\/fonts.gstatic.com\/s\/e\/notoemoji\/16.0\/2665_fe0f\/32.png\" loading=\"lazy\" \/>\u00a0Tak for opm\u00e6rksomheden. Mystery Hunt handler om n\u00e6rv\u00e6r og samarbejde, og vi anbefaler at I l\u00e6gger mobiltelefonen fra jer resten af oplevelsens varighed.<img decoding=\"async\" data-emoji=\"\u2665\ufe0f\" class=\"an1\" alt=\"\u2665\ufe0f\" aria-label=\"\u2665\ufe0f\" draggable=\"false\" src=\"https:\/\/fonts.gstatic.com\/s\/e\/notoemoji\/16.0\/2665_fe0f\/32.png\" loading=\"lazy\" \/><\/p>\n<\/div>\n<p><!--more--><br \/>\n<!-- {\"type\":\"layout\",\"children\":[{\"name\":\"Top - map bg\",\"type\":\"section\",\"props\":{\"animation_delay\":false,\"header_transparent\":true,\"header_transparent_noplaceholder\":true,\"header_transparent_text_color\":\"light\",\"image_position\":\"center-center\",\"overlap\":false,\"padding\":\"none\",\"style\":\"default\",\"title_breakpoint\":\"xl\",\"title_position\":\"top-left\",\"title_rotation\":\"left\",\"vertical_align\":\"\",\"width\":\"\"},\"children\":[{\"type\":\"row\",\"children\":[{\"type\":\"column\",\"props\":{\"image_position\":\"center-center\",\"position_sticky_breakpoint\":\"m\",\"width_medium\":\"1-1\"},\"children\":[{\"type\":\"slideshow\",\"props\":{\"animation\":\"fade\",\"css\":\"@media screen and (max-width: 500px) {\\n    .el-title{font-size:18px;}   \\n    \\n}\",\"image_width\":\"2560\",\"link_parallax_opacity\":\"0,1,1\",\"link_parallax_y\":\"50,0,0\",\"link_size\":\"large\",\"link_style\":\"danger\",\"link_text\":\"\",\"margin\":\"default\",\"meta_align\":\"below-title\",\"meta_element\":\"div\",\"meta_parallax_opacity\":\"0,1,1\",\"meta_parallax_y\":\"-50,0,0\",\"meta_style\":\"h6\",\"nav\":\"dotnav\",\"nav_align\":\"center\",\"nav_breakpoint\":\"\",\"nav_position\":\"bottom-center\",\"nav_position_margin\":\"medium\",\"overlay_animation\":\"parallax\",\"overlay_container\":\"default\",\"overlay_position\":\"center\",\"overlay_width\":\"xlarge\",\"show_content\":true,\"show_link\":true,\"show_meta\":true,\"show_thumbnail\":true,\"show_title\":true,\"slidenav\":\"default\",\"slidenav_breakpoint\":\"m\",\"slidenav_hover\":true,\"slidenav_margin\":\"medium\",\"slidenav_outside_breakpoint\":\"xl\",\"slideshow_autoplay\":false,\"slideshow_autoplay_pause\":true,\"slideshow_kenburns\":\"alternate\",\"slideshow_max_height\":\"300\",\"slideshow_min_height\":\"250\",\"slideshow_ratio\":\"16:7\",\"slideshow_velocity\":0.6,\"text_align\":\"center\",\"text_align_fallback\":\"center\",\"text_color\":\"light\",\"thumbnav_height\":\"75\",\"thumbnav_svg_color\":\"emphasis\",\"thumbnav_width\":\"100\",\"title_element\":\"h1\",\"title_hover_style\":\"reset\",\"title_parallax_opacity\":\"0,1,1\",\"title_parallax_x\":\"-200,0,200\"},\"children\":[{\"type\":\"slideshow_item\",\"props\":{\"content\":\"\",\"image\":\"wp-content\\\/uploads\\\/black-map.jpg\",\"media_overlay\":\"rgba(0, 0, 0, 0.5)\",\"meta\":\"\",\"thumbnail\":\"\",\"title\":\"MYSTERY HUNT<br \/> THORVALDSENS MUSEUM\"}}]}]}]}]},{\"type\":\"section\",\"props\":{\"image_position\":\"center-center\",\"style\":\"default\",\"title_breakpoint\":\"xl\",\"title_position\":\"top-left\",\"title_rotation\":\"left\",\"vertical_align\":\"middle\",\"width\":\"default\"},\"children\":[{\"type\":\"row\",\"children\":[{\"type\":\"column\",\"props\":{\"image_position\":\"center-center\",\"position_sticky_breakpoint\":\"m\"},\"children\":[{\"type\":\"text\",\"props\":{\"column_breakpoint\":\"m\",\"content\":\"\n\n<p><img data-emoji=\\\"\\ud83d\\ude80\\\" class=\\\"an1\\\" alt=\\\"\\ud83d\\ude80\\\" aria-label=\\\"\\ud83d\\ude80\\\" draggable=\\\"false\\\" src=\\\"https:\\\/\\\/fonts.gstatic.com\\\/s\\\/e\\\/notoemoji\\\/16.0\\\/1f680\\\/32.png\\\" loading=\\\"lazy\\\" \\\/><span>\\u00a0<\\\/span><strong>S\\u00c5DAN BEGYNDER I<\\\/strong><\\\/p>\\n\n\n<p><img data-emoji=\\\"\\ud83d\\udc65\\\" class=\\\"an1\\\" alt=\\\"\\ud83d\\udc65\\\" aria-label=\\\"\\ud83d\\udc65\\\" draggable=\\\"false\\\" src=\\\"https:\\\/\\\/fonts.gstatic.com\\\/s\\\/e\\\/notoemoji\\\/16.0\\\/1f465\\\/32.png\\\" loading=\\\"lazy\\\" \\\/><span>\\u00a0<\\\/span><strong>1\\u20132 grupper<\\\/strong><br \\\/><img data-emoji=\\\"\\u27a1\\ufe0f\\\" class=\\\"an1\\\" alt=\\\"\\u27a1\\ufe0f\\\" aria-label=\\\"\\u27a1\\ufe0f\\\" draggable=\\\"false\\\" src=\\\"https:\\\/\\\/fonts.gstatic.com\\\/s\\\/e\\\/notoemoji\\\/16.0\\\/27a1_fe0f\\\/32.png\\\" loading=\\\"lazy\\\" \\\/><span>\\u00a0<\\\/span>Find et roligt sted i<span>\\u00a0<\\\/span><strong>stueetagen<\\\/strong>.<br \\\/><img data-emoji=\\\"\\u2b1b\\ufe0f\\\" class=\\\"an1\\\" alt=\\\"\\u2b1b\\ufe0f\\\" aria-label=\\\"\\u2b1b\\ufe0f\\\" draggable=\\\"false\\\" src=\\\"https:\\\/\\\/fonts.gstatic.com\\\/s\\\/e\\\/notoemoji\\\/16.0\\\/2b1b_fe0f\\\/32.png\\\" loading=\\\"lazy\\\" \\\/><span>\\u00a0<\\\/span>\\u00c5bn d\\u00e9r jeres sorte \\u00e6ske.<\\\/p>\\n\n\n<p><img data-emoji=\\\"\\ud83d\\udc65\\\" class=\\\"an1\\\" alt=\\\"\\ud83d\\udc65\\\" aria-label=\\\"\\ud83d\\udc65\\\" draggable=\\\"false\\\" src=\\\"https:\\\/\\\/fonts.gstatic.com\\\/s\\\/e\\\/notoemoji\\\/16.0\\\/1f465\\\/32.png\\\" loading=\\\"lazy\\\" \\\/><span>\\u00a0<\\\/span><strong>3 grupper eller flere<\\\/strong><br \\\/><img data-emoji=\\\"\\ud83d\\uddfa\\ufe0f\\\" class=\\\"an1\\\" alt=\\\"\\ud83d\\uddfa\\ufe0f\\\" aria-label=\\\"\\ud83d\\uddfa\\ufe0f\\\" draggable=\\\"false\\\" src=\\\"https:\\\/\\\/fonts.gstatic.com\\\/s\\\/e\\\/notoemoji\\\/16.0\\\/1f5fa_fe0f\\\/32.png\\\" loading=\\\"lazy\\\" \\\/><span>\\u00a0<\\\/span>Der er<span>\\u00a0<\\\/span><strong>to ruter<\\\/strong>:<br \\\/>\\u2022<span>\\u00a0<\\\/span><strong>Hammerruten<\\\/strong><br \\\/>\\u2022<span>\\u00a0<\\\/span><strong>Mejselruten<\\\/strong><\\\/p>\\n\n\n<p><img data-emoji=\\\"\\ud83d\\udc49\\\" class=\\\"an1\\\" alt=\\\"\\ud83d\\udc49\\\" aria-label=\\\"\\ud83d\\udc49\\\" draggable=\\\"false\\\" src=\\\"https:\\\/\\\/fonts.gstatic.com\\\/s\\\/e\\\/notoemoji\\\/16.0\\\/1f449\\\/32.png\\\" loading=\\\"lazy\\\" \\\/><span>\\u00a0<\\\/span>To grupper kan starte samtidigt \\u2013 \\u00e9n p\\u00e5 hver rute.<br \\\/><img data-emoji=\\\"\\ud83d\\udeb6\\u200d\\u2640\\ufe0f\\\" class=\\\"an1\\\" alt=\\\"\\ud83d\\udeb6\\u200d\\u2640\\ufe0f\\\" aria-label=\\\"\\ud83d\\udeb6\\u200d\\u2640\\ufe0f\\\" draggable=\\\"false\\\" src=\\\"https:\\\/\\\/fonts.gstatic.com\\\/s\\\/e\\\/notoemoji\\\/16.0\\\/1f6b6_200d_2640_fe0f\\\/32.png\\\" loading=\\\"lazy\\\" \\\/><span>\\u00a0<\\\/span>Send de to f\\u00f8rste grupper afsted.<br \\\/><img data-emoji=\\\"\\u27a1\\ufe0f\\\" class=\\\"an1\\\" alt=\\\"\\u27a1\\ufe0f\\\" aria-label=\\\"\\u27a1\\ufe0f\\\" draggable=\\\"false\\\" src=\\\"https:\\\/\\\/fonts.gstatic.com\\\/s\\\/e\\\/notoemoji\\\/16.0\\\/27a1_fe0f\\\/32.png\\\" loading=\\\"lazy\\\" \\\/><span>\\u00a0<\\\/span>Find et roligt sted i<span>\\u00a0<\\\/span><strong>stueetagen<\\\/strong><span>\\u00a0<\\\/span>og \\u00e5bn d\\u00e9r jeres sorte \\u00e6ske.<br \\\/><img data-emoji=\\\"\\u23f3\\\" class=\\\"an1\\\" alt=\\\"\\u23f3\\\" aria-label=\\\"\\u23f3\\\" draggable=\\\"false\\\" src=\\\"https:\\\/\\\/fonts.gstatic.com\\\/s\\\/e\\\/notoemoji\\\/16.0\\\/23f3\\\/32.png\\\" loading=\\\"lazy\\\" \\\/><span>\\u00a0<\\\/span>Vent<span>\\u00a0<\\\/span><strong>10 minutter<\\\/strong>, f\\u00f8r I sender de n\\u00e6ste to grupper afsted \\u2013 og forts\\u00e6t s\\u00e5dan.<\\\/p>\\n\n\n<p><br \\\/><img data-emoji=\\\"\\u2665\\ufe0f\\\" class=\\\"an1\\\" alt=\\\"\\u2665\\ufe0f\\\" aria-label=\\\"\\u2665\\ufe0f\\\" draggable=\\\"false\\\" src=\\\"https:\\\/\\\/fonts.gstatic.com\\\/s\\\/e\\\/notoemoji\\\/16.0\\\/2665_fe0f\\\/32.png\\\" loading=\\\"lazy\\\" \\\/>\\u00a0Tak for opm\\u00e6rksomheden. Mystery Hunt handler om n\\u00e6rv\\u00e6r og samarbejde, og vi anbefaler at I l\\u00e6gger mobiltelefonen fra jer resten af oplevelsens varighed.<img data-emoji=\\\"\\u2665\\ufe0f\\\" class=\\\"an1\\\" alt=\\\"\\u2665\\ufe0f\\\" aria-label=\\\"\\u2665\\ufe0f\\\" draggable=\\\"false\\\" src=\\\"https:\\\/\\\/fonts.gstatic.com\\\/s\\\/e\\\/notoemoji\\\/16.0\\\/2665_fe0f\\\/32.png\\\" loading=\\\"lazy\\\" \\\/><\\\/p>\",\"margin\":\"default\"}}]}]}]}],\"version\":\"4.5.27\"} --><\/p>\n","protected":false},"excerpt":{"rendered":"<p>MYSTERY HUNT THORVALDSENS MUSEUM \u00a0S\u00c5DAN BEGYNDER I \u00a01\u20132 grupper\u00a0Find et roligt sted i\u00a0stueetagen.\u00a0\u00c5bn d\u00e9r jeres sorte \u00e6ske. \u00a03 grupper eller flere\u00a0Der er\u00a0to ruter:\u2022\u00a0Hammerruten\u2022\u00a0Mejselruten \u00a0To grupper kan starte samtidigt \u2013 \u00e9n p\u00e5 hver rute.\u00a0Send de to f\u00f8rste grupper afsted.\u00a0Find et roligt sted i\u00a0stueetagen\u00a0og \u00e5bn d\u00e9r jeres sorte \u00e6ske.\u00a0Vent\u00a010 minutter, f\u00f8r I sender de n\u00e6ste to grupper [&hellip;]<\/p>\n","protected":false},"author":12,"featured_media":0,"parent":0,"menu_order":0,"comment_status":"closed","ping_status":"closed","template":"","meta":{"_acf_changed":false,"footnotes":""},"class_list":["post-5946","page","type-page","status-publish","hentry"],"acf":[],"_wp_attached_file":null,"_wp_attachment_metadata":null,"_wp_attachment_image_alt":null,"_menu_item_type":null,"_menu_item_menu_item_parent":null,"_menu_item_object_id":null,"_menu_item_object":null,"_menu_item_target":null,"_menu_item_classes":null,"_menu_item_xfn":null,"_menu_item_url":null,"_sc_disable_sc":null,"_sc_disable_admin":null,"_sc_editor":null,"_sc_allowed_devices":null,"wpml_media_processed":null,"_wp_page_template":null,"_wpcode_auto_insert":null,"_wpcode_auto_insert_number":null,"_wpcode_library_id":null,"_wpcode_conditional_logic_enabled":null,"_wpcode_priority":null,"_wpcode_note":null,"_wpcode_conditional_logic":null,"_yoast_wpseo_meta-robots-noindex":null,"_sc_description":null,"_yoast_wpseo_primary_category":null,"_oembed_0cc52318f6774d9ee312b83fd2dce3c1":null,"_oembed_time_0cc52318f6774d9ee312b83fd2dce3c1":null,"_wp_attachment_backup_sizes":null,"wp-smush-lossy":null,"wp-smpro-smush-data":null,"wp-smush-pngjpg_savings":null,"wp-smush-ignore-bulk":null,"_pum_built_in":null,"_pum_default_theme":null,"popup_theme_data_version":null,"popup_theme_settings":null,"popup_title":null,"enabled":null,"popup_settings":null,"data_version":null,"popup_open_count":null,"popup_conversion_count":null,"_aoc_tab":null,"_aoc_popup_goal":null,"_aoc_display_type":null,"_aoc_popup_appear":null,"_aoc_behaviour":null,"_aoc_content":null,"_aoc_design":null,"_aoc_advance":null,"_aoc_custom_css":null,"wpforms_form_locations":null,"popup_open_count_total":null,"popup_last_opened":null,"_pum_user_modified":null,"popup_theme_overlay":null,"popup_theme_container":null,"popup_theme_title":null,"popup_theme_content":null,"popup_theme_close":null,"_yoast_wpseo_meta-robots-nofollow":null,"_top_nav_excluded":null,"_cms_nav_minihome":null,"_wp_desired_post_slug":null,"wp-smush-transparent":null,"_thumbnail_id":null,"_yoast_wpseo_opengraph-image":null,"_yoast_wpseo_opengraph-image-id":null,"_trp_translated_slug_en_gb":null,"_emr_replace_author":null,"popup_data":null,"popup_type":null,"popup_goal":null,"popup_goal_action":null,"popup_placement":null,"popup_devices":null,"popup_views":null,"popup_conversion":null,"_pingme":null,"_encloseme":null,"_edit_lock":"1762344485:12","_edit_last":"12","_wp_old_slug":null,"_wp_old_date":null,"_wpml_word_count":null,"_wpml_media_featured":null,"_wpml_media_duplicate":null,"_last_translation_edit_mode":null,"_yoast_wpseo_title":null,"_yoast_wpseo_metadesc":null,"_yoast_wpseo_content_score":"60","_yoast_wpseo_estimated-reading-time-minutes":"0","_yoast_wpseo_wordproof_timestamp":null,"_pinterest_shares":null,"_total_shares":null,"swp_cache_timestamp":null,"_trp_automatically_translated_slug_en_gb":null,"overskrift":null,"_overskrift":null,"tekst":null,"_tekst":null,"brodtekst":null,"_brodtekst":null,"h1_overskrift":null,"_h1_overskrift":null,"hero-tekst":null,"_hero-tekst":null,"brodtekst_2":null,"_brodtekst_2":null,"yoast_head":"<!-- This site is optimized with the Yoast SEO plugin v27.4 - https:\/\/yoast.com\/product\/yoast-seo-wordpress\/ -->\n<title>Thorvaldsens velkomstbrev - Mystery Makers<\/title>\n<meta name=\"robots\" content=\"index, follow, max-snippet:-1, max-image-preview:large, max-video-preview:-1\" \/>\n<link rel=\"canonical\" href=\"https:\/\/mysterymakers.dk\/en\/thorvaldsens-welcome-letter\/\" \/>\n<meta property=\"og:locale\" content=\"en_GB\" \/>\n<meta property=\"og:type\" content=\"article\" \/>\n<meta property=\"og:title\" content=\"Thorvaldsens velkomstbrev - Mystery Makers\" \/>\n<meta property=\"og:description\" content=\"MYSTERY HUNT THORVALDSENS MUSEUM \u00a0S\u00c5DAN BEGYNDER I \u00a01\u20132 grupper\u00a0Find et roligt sted i\u00a0stueetagen.\u00a0\u00c5bn d\u00e9r jeres sorte \u00e6ske. \u00a03 grupper eller flere\u00a0Der er\u00a0to ruter:\u2022\u00a0Hammerruten\u2022\u00a0Mejselruten \u00a0To grupper kan starte samtidigt \u2013 \u00e9n p\u00e5 hver rute.\u00a0Send de to f\u00f8rste grupper afsted.\u00a0Find et roligt sted i\u00a0stueetagen\u00a0og \u00e5bn d\u00e9r jeres sorte \u00e6ske.\u00a0Vent\u00a010 minutter, f\u00f8r I sender de n\u00e6ste to grupper [&hellip;]\" \/>\n<meta property=\"og:url\" content=\"https:\/\/mysterymakers.dk\/en\/thorvaldsens-welcome-letter\/\" \/>\n<meta property=\"og:site_name\" content=\"Mystery Makers\" \/>\n<meta property=\"article:modified_time\" content=\"2025-11-05T12:10:38+00:00\" \/>\n<meta property=\"og:image\" content=\"https:\/\/fonts.gstatic.com\/s\/e\/notoemoji\/16.0\/1f680\/32.png\" \/>\n<meta name=\"twitter:card\" content=\"summary_large_image\" \/>\n<script type=\"application\/ld+json\" class=\"yoast-schema-graph\">{\"@context\":\"https:\\\/\\\/schema.org\",\"@graph\":[{\"@type\":\"WebPage\",\"@id\":\"https:\\\/\\\/mysterymakers.dk\\\/en\\\/thorvaldsens-velkomstbrev\\\/\",\"url\":\"https:\\\/\\\/mysterymakers.dk\\\/en\\\/thorvaldsens-velkomstbrev\\\/\",\"name\":\"Thorvaldsens velkomstbrev - Mystery Makers\",\"isPartOf\":{\"@id\":\"https:\\\/\\\/mysterymakers.dk\\\/en\\\/#website\"},\"primaryImageOfPage\":{\"@id\":\"https:\\\/\\\/mysterymakers.dk\\\/en\\\/thorvaldsens-velkomstbrev\\\/#primaryimage\"},\"image\":{\"@id\":\"https:\\\/\\\/mysterymakers.dk\\\/en\\\/thorvaldsens-velkomstbrev\\\/#primaryimage\"},\"thumbnailUrl\":\"https:\\\/\\\/fonts.gstatic.com\\\/s\\\/e\\\/notoemoji\\\/16.0\\\/1f680\\\/32.png\",\"datePublished\":\"2025-11-04T13:05:36+00:00\",\"dateModified\":\"2025-11-05T12:10:38+00:00\",\"breadcrumb\":{\"@id\":\"https:\\\/\\\/mysterymakers.dk\\\/en\\\/thorvaldsens-velkomstbrev\\\/#breadcrumb\"},\"inLanguage\":\"en-GB\",\"potentialAction\":[{\"@type\":\"ReadAction\",\"target\":[\"https:\\\/\\\/mysterymakers.dk\\\/en\\\/thorvaldsens-velkomstbrev\\\/\"]}]},{\"@type\":\"ImageObject\",\"inLanguage\":\"en-GB\",\"@id\":\"https:\\\/\\\/mysterymakers.dk\\\/en\\\/thorvaldsens-velkomstbrev\\\/#primaryimage\",\"url\":\"https:\\\/\\\/fonts.gstatic.com\\\/s\\\/e\\\/notoemoji\\\/16.0\\\/1f680\\\/32.png\",\"contentUrl\":\"https:\\\/\\\/fonts.gstatic.com\\\/s\\\/e\\\/notoemoji\\\/16.0\\\/1f680\\\/32.png\"},{\"@type\":\"BreadcrumbList\",\"@id\":\"https:\\\/\\\/mysterymakers.dk\\\/en\\\/thorvaldsens-velkomstbrev\\\/#breadcrumb\",\"itemListElement\":[{\"@type\":\"ListItem\",\"position\":1,\"name\":\"Hjem\",\"item\":\"https:\\\/\\\/mysterymakers.dk\\\/\"},{\"@type\":\"ListItem\",\"position\":2,\"name\":\"Thorvaldsens velkomstbrev\"}]},{\"@type\":\"WebSite\",\"@id\":\"https:\\\/\\\/mysterymakers.dk\\\/en\\\/#website\",\"url\":\"https:\\\/\\\/mysterymakers.dk\\\/en\\\/\",\"name\":\"Mystery Makers\",\"description\":\"Mange timers underholdning med venner og kollegaer\",\"potentialAction\":[{\"@type\":\"SearchAction\",\"target\":{\"@type\":\"EntryPoint\",\"urlTemplate\":\"https:\\\/\\\/mysterymakers.dk\\\/en\\\/?s={search_term_string}\"},\"query-input\":{\"@type\":\"PropertyValueSpecification\",\"valueRequired\":true,\"valueName\":\"search_term_string\"}}],\"inLanguage\":\"en-GB\"}]}<\/script>\n<!-- \/ Yoast SEO plugin. -->","yoast_head_json":{"title":"Thorvaldsen's welcome letter - Mystery Makers","robots":{"index":"index","follow":"follow","max-snippet":"max-snippet:-1","max-image-preview":"max-image-preview:large","max-video-preview":"max-video-preview:-1"},"canonical":"https:\/\/mysterymakers.dk\/en\/thorvaldsens-welcome-letter\/","og_locale":"en_GB","og_type":"article","og_title":"Thorvaldsens velkomstbrev - Mystery Makers","og_description":"MYSTERY HUNT THORVALDSENS MUSEUM \u00a0S\u00c5DAN BEGYNDER I \u00a01\u20132 grupper\u00a0Find et roligt sted i\u00a0stueetagen.\u00a0\u00c5bn d\u00e9r jeres sorte \u00e6ske. \u00a03 grupper eller flere\u00a0Der er\u00a0to ruter:\u2022\u00a0Hammerruten\u2022\u00a0Mejselruten \u00a0To grupper kan starte samtidigt \u2013 \u00e9n p\u00e5 hver rute.\u00a0Send de to f\u00f8rste grupper afsted.\u00a0Find et roligt sted i\u00a0stueetagen\u00a0og \u00e5bn d\u00e9r jeres sorte \u00e6ske.\u00a0Vent\u00a010 minutter, f\u00f8r I sender de n\u00e6ste to grupper [&hellip;]","og_url":"https:\/\/mysterymakers.dk\/en\/thorvaldsens-welcome-letter\/","og_site_name":"Mystery Makers","article_modified_time":"2025-11-05T12:10:38+00:00","og_image":[{"url":"https:\/\/fonts.gstatic.com\/s\/e\/notoemoji\/16.0\/1f680\/32.png","type":"","width":"","height":""}],"twitter_card":"summary_large_image","schema":{"@context":"https:\/\/schema.org","@graph":[{"@type":"WebPage","@id":"https:\/\/mysterymakers.dk\/en\/thorvaldsens-velkomstbrev\/","url":"https:\/\/mysterymakers.dk\/en\/thorvaldsens-velkomstbrev\/","name":"Thorvaldsen's welcome letter - Mystery Makers","isPartOf":{"@id":"https:\/\/mysterymakers.dk\/en\/#website"},"primaryImageOfPage":{"@id":"https:\/\/mysterymakers.dk\/en\/thorvaldsens-velkomstbrev\/#primaryimage"},"image":{"@id":"https:\/\/mysterymakers.dk\/en\/thorvaldsens-velkomstbrev\/#primaryimage"},"thumbnailUrl":"https:\/\/fonts.gstatic.com\/s\/e\/notoemoji\/16.0\/1f680\/32.png","datePublished":"2025-11-04T13:05:36+00:00","dateModified":"2025-11-05T12:10:38+00:00","breadcrumb":{"@id":"https:\/\/mysterymakers.dk\/en\/thorvaldsens-velkomstbrev\/#breadcrumb"},"inLanguage":"en-GB","potentialAction":[{"@type":"ReadAction","target":["https:\/\/mysterymakers.dk\/en\/thorvaldsens-velkomstbrev\/"]}]},{"@type":"ImageObject","inLanguage":"en-GB","@id":"https:\/\/mysterymakers.dk\/en\/thorvaldsens-velkomstbrev\/#primaryimage","url":"https:\/\/fonts.gstatic.com\/s\/e\/notoemoji\/16.0\/1f680\/32.png","contentUrl":"https:\/\/fonts.gstatic.com\/s\/e\/notoemoji\/16.0\/1f680\/32.png"},{"@type":"BreadcrumbList","@id":"https:\/\/mysterymakers.dk\/en\/thorvaldsens-velkomstbrev\/#breadcrumb","itemListElement":[{"@type":"ListItem","position":1,"name":"Hjem","item":"https:\/\/mysterymakers.dk\/"},{"@type":"ListItem","position":2,"name":"Thorvaldsens velkomstbrev"}]},{"@type":"WebSite","@id":"https:\/\/mysterymakers.dk\/en\/#website","url":"https:\/\/mysterymakers.dk\/en\/","name":"Mystery Makers","description":"Hours of entertainment with friends and colleagues","potentialAction":[{"@type":"SearchAction","target":{"@type":"EntryPoint","urlTemplate":"https:\/\/mysterymakers.dk\/en\/?s={search_term_string}"},"query-input":{"@type":"PropertyValueSpecification","valueRequired":true,"valueName":"search_term_string"}}],"inLanguage":"en-GB"}]}},"_links":{"self":[{"href":"https:\/\/mysterymakers.dk\/en\/wp-json\/wp\/v2\/pages\/5946","targetHints":{"allow":["GET"]}}],"collection":[{"href":"https:\/\/mysterymakers.dk\/en\/wp-json\/wp\/v2\/pages"}],"about":[{"href":"https:\/\/mysterymakers.dk\/en\/wp-json\/wp\/v2\/types\/page"}],"author":[{"embeddable":true,"href":"https:\/\/mysterymakers.dk\/en\/wp-json\/wp\/v2\/users\/12"}],"replies":[{"embeddable":true,"href":"https:\/\/mysterymakers.dk\/en\/wp-json\/wp\/v2\/comments?post=5946"}],"version-history":[{"count":4,"href":"https:\/\/mysterymakers.dk\/en\/wp-json\/wp\/v2\/pages\/5946\/revisions"}],"predecessor-version":[{"id":5958,"href":"https:\/\/mysterymakers.dk\/en\/wp-json\/wp\/v2\/pages\/5946\/revisions\/5958"}],"wp:attachment":[{"href":"https:\/\/mysterymakers.dk\/en\/wp-json\/wp\/v2\/media?parent=5946"}],"curies":[{"name":"wp","href":"https:\/\/api.w.org\/{rel}","templated":true}]}}