{"id":575,"date":"2022-06-28T10:11:44","date_gmt":"2022-06-28T10:11:44","guid":{"rendered":"https:\/\/mysterymakers.dk\/?page_id=575"},"modified":"2022-08-31T13:16:24","modified_gmt":"2022-08-31T13:16:24","slug":"the-philosophy-behind-mystery-makers","status":"publish","type":"page","link":"https:\/\/mysterymakers.dk\/en\/filosofien-bag-mystery-makers\/","title":{"rendered":"The philosophy behind Mystery Makers\u00ae"},"content":{"rendered":"<div>\n<p>    <img decoding=\"async\" src=\"\/wp-content\/uploads\/black-map.jpg\" alt=\"\"><\/p>\n<h1>Filosofien bag Mystery Makers\u00ae<\/h1>\n<\/div>\n<div>\n<div class=\"row-bg-wrap\">\n<div class=\"row-bg   \"><\/div>\n<\/div>\n<div class=\"col span_12  left\">\n<div class=\"vc_col-sm-6 wpb_column column_container vc_column_container col no-extra-padding instance-2\" data-border-animation=\"\" data-border-animation-delay=\"\" data-border-width=\"none\" data-border-style=\"solid\" data-border-color=\"\" data-bg-cover=\"\" data-padding-pos=\"all\" data-has-bg-color=\"false\" data-bg-color=\"\" data-bg-opacity=\"1\" data-hover-bg=\"\" data-hover-bg-opacity=\"1\" data-animation=\"\" data-delay=\"0\">\n<div class=\"vc_column-inner\">\n<div class=\"wpb_wrapper\">\n<div class=\"wpb_text_column wpb_content_element \">\n<div class=\"wpb_wrapper\">\n<p>Mysterier er vigtige. De f\u00e5r os til at undre os og til at stille sp\u00f8rgsm\u00e5l. I vores s\u00f8gen efter svar bliver vi klogere p\u00e5 verden omkring os. Men i dag er de hvide pletter p\u00e5 landkortet v\u00e6k, og myter og mysterier er for manges vedkommende noget, der h\u00f8rer fortiden til. Vi savner det ukendte og det g\u00e5defulde, der lokker os til at udforske og anskue verden p\u00e5 nye m\u00e5der \u2013 og ikke mindst de ting, der f\u00e5r os til at tvivle p\u00e5 de ting, vi tror, vi ved. Derfor er vi en gruppe ildsj\u00e6le, der g\u00f8r alt hvad vi kan for at fylde verden med g\u00e5der og hemmeligheder.<\/p>\n<\/div>\n<\/div>\n<\/div>\n<\/div>\n<\/div>\n<div class=\"vc_col-sm-6 wpb_column column_container vc_column_container col no-extra-padding instance-3\" data-border-animation=\"\" data-border-animation-delay=\"\" data-border-width=\"none\" data-border-style=\"solid\" data-border-color=\"\" data-bg-cover=\"\" data-padding-pos=\"all\" data-has-bg-color=\"false\" data-bg-color=\"\" data-bg-opacity=\"1\" data-hover-bg=\"\" data-hover-bg-opacity=\"1\" data-animation=\"\" data-delay=\"0\">\n<div class=\"vc_column-inner\">\n<div class=\"wpb_wrapper\">\n<div class=\"wpb_text_column wpb_content_element \">\n<div class=\"wpb_wrapper\">\n<p>Vi skaber underholdning, der pirrer nysgerrigheden og udfordrer intelligensen. Vi har d\u00f8bt det Enterbrainment. Vores<span>\u00a0<\/span><a href=\"\/om-mystery-room\/\">g\u00e5derum<span>\u00a0<\/span><\/a>og<span>\u00a0<\/span><a href=\"\/om-mystery-hunt\/\">skattejagte<span>\u00a0<\/span><\/a>s\u00e6tter deltagerne i centrum af mysteriet. Og alle vores skattejagte foreg\u00e5r p\u00e5 historiske steder, der skaber en unik stemning, du ikke finder andre steder end hos os. Du bliver nu selv helten, s\u00e5 oplevelsen bliver endnu mere involverende og n\u00e6rv\u00e6rende. Gennem legen bliver du klogere. P\u00e5 dig selv, dine venner, kolleger og ikke mindst p\u00e5 verden. Mysteriernes tid er ikke forbi!<\/p>\n<\/div>\n<\/div>\n<\/div>\n<\/div>\n<\/div>\n<\/div>\n<\/div>\n<div>\n<div>\n<p><span>I 2019 valgte over 60.000 glade g\u00e6ster Mystery Makers unikke sortiment af intelligent underholdning. Vi har mere end 40 fantastiske ansatte og er lykkelige for at blive k\u00e5ret til\u00a0<\/span><em>Bedste Kultur Oplevelse i K\u00f8benhavn 2018.<\/em><span>\u00a0 Du kan finde Mystery Makers i K\u00f8benhavn, Helsing\u00f8r,\u00a0<\/span><a href=\"https:\/\/mystery.at\/\">Vienna<\/a><span>\u00a0og Budapest.<\/span><\/p>\n<\/div>\n<\/div>\n<div>\n<p>        <img decoding=\"async\" src=\"\/wp-content\/uploads\/mysterymakers-logo-01.png\" alt=\"\"><\/p>\n<h3>VORES LOGO ER SFINKSEN<\/h3>\n<div>\n<p>I mytologien er Sfinksen et v\u00e6sen med kvindehoved, l\u00f8vekrop og \u00f8rnevinger. Hun bevogtede antikkens storby Theben, og stillede alle tilrejsende en g\u00e5de p\u00e5 liv og d\u00f8d. Kunne de ikke l\u00f8se Sfinksens g\u00e5de blev de fl\u00e5et og dr\u00e6bt i hendes kl\u00f8er.<\/p>\n<p>Gennem tiden har statuer af Sfinksen vogtet indgange til pyramider og templer, som symbol p\u00e5 magt, styrke og visdom.<\/p>\n<\/div>\n<\/div>\n<p><!--more--><br \/>\n<!-- {\"type\":\"layout\",\"children\":[{\"name\":\"Top - map bg\",\"type\":\"section\",\"props\":{\"style\":\"default\",\"width\":\"\",\"vertical_align\":\"\",\"title_position\":\"top-left\",\"title_rotation\":\"left\",\"title_breakpoint\":\"xl\",\"image_position\":\"center-center\",\"padding\":\"none\",\"animation_delay\":false,\"overlap\":false,\"header_transparent\":\"light\",\"header_transparent_noplaceholder\":true},\"children\":[{\"name\":\"\",\"type\":\"row\",\"children\":[{\"name\":\"\",\"type\":\"column\",\"props\":{\"image_position\":\"center-center\",\"media_overlay_gradient\":\"\",\"width_medium\":\"1-1\",\"position_sticky_breakpoint\":\"m\"},\"children\":[{\"name\":\"\",\"type\":\"slideshow\",\"props\":{\"show_title\":true,\"show_meta\":true,\"show_content\":true,\"show_link\":true,\"show_thumbnail\":true,\"slideshow_min_height\":\"250\",\"slideshow_autoplay_pause\":true,\"nav\":\"dotnav\",\"nav_position\":\"bottom-center\",\"nav_position_margin\":\"medium\",\"nav_align\":\"center\",\"nav_breakpoint\":\"\",\"thumbnav_width\":\"100\",\"thumbnav_height\":\"75\",\"slidenav\":\"default\",\"slidenav_margin\":\"medium\",\"slidenav_breakpoint\":\"m\",\"overlay_position\":\"center\",\"overlay_animation\":\"parallax\",\"title_element\":\"h1\",\"meta_style\":\"h6\",\"meta_align\":\"below-title\",\"link_text\":\"\",\"link_style\":\"danger\",\"margin\":\"default\",\"slideshow_height\":\"\",\"text_color\":\"light\",\"slideshow_animation\":\"\",\"overlay_container\":\"default\",\"overlay_width\":\"xlarge\",\"overlay_parallax_x_start\":\"\",\"overlay_parallax_x_end\":\"\",\"text_align\":\"center\",\"text_align_fallback\":\"center\",\"slideshow_autoplay\":false,\"slideshow_velocity\":0.59999999999999998,\"slidenav_outside_breakpoint\":\"xl\",\"image_width\":\"2560\",\"thumbnav_svg_color\":\"emphasis\",\"meta_element\":\"div\",\"slidenav_hover\":true,\"slideshow_ratio\":\"16:7\",\"slideshow_max_height\":\"300\",\"animation\":\"fade\",\"title_parallax_x_start\":\"-200\",\"title_parallax_x_end\":\"200\",\"title_parallax_opacity_start\":\"0\",\"title_parallax_opacity_end\":\"1\",\"meta_parallax_y_start\":\"-50\",\"meta_parallax_y_end\":\"0\",\"meta_parallax_opacity_start\":\"0\",\"meta_parallax_opacity_end\":\"1\",\"link_parallax_y_start\":\"50\",\"link_parallax_y_end\":\"0\",\"link_parallax_opacity_start\":\"0\",\"link_parallax_opacity_end\":\"1\",\"title_parallax_y_start\":\"\",\"title_parallax_y_end\":\"\",\"link_size\":\"large\",\"slideshow_kenburns\":\"alternate\",\"css\":\"@media screen and (max-width: 500px) {\\n    .el-title{font-size:18px;}   \\n    \\n}\"},\"children\":[{\"type\":\"slideshow_item\",\"props\":{\"link_text\":\"\",\"image\":\"wp-content\\\/uploads\\\/black-map.jpg\",\"link\":\"\",\"meta\":\"\",\"title\":\"Filosofien bag Mystery Makers\\u00ae\",\"image_alt\":\"\",\"media_overlay\":\"rgba(0, 0, 0, 0.5)\",\"content\":\"\",\"thumbnail\":\"\"}}]}]}]}]},{\"type\":\"section\",\"props\":{\"style\":\"default\",\"width\":\"default\",\"vertical_align\":\"middle\",\"title_position\":\"top-left\",\"title_rotation\":\"left\",\"title_breakpoint\":\"xl\",\"image_position\":\"center-center\"},\"children\":[{\"type\":\"row\",\"props\":{\"layout\":\"2-3,1-3\"},\"children\":[{\"type\":\"column\",\"props\":{\"position_sticky_breakpoint\":\"m\",\"image_position\":\"center-center\",\"media_overlay_gradient\":\"\",\"width_medium\":\"2-3\"},\"children\":[{\"name\":\"\",\"type\":\"text\",\"props\":{\"column_breakpoint\":\"m\",\"margin\":\"medium\",\"content\":\"\n\n<div class=\\\"row-bg-wrap\\\">\\n\n\n<div class=\\\"row-bg   \\\"><\\\/div>\\n<\\\/div>\\n\n\n<div class=\\\"col span_12  left\\\">\\n\n\n<div class=\\\"vc_col-sm-6 wpb_column column_container vc_column_container col no-extra-padding instance-2\\\" data-border-animation=\\\"\\\" data-border-animation-delay=\\\"\\\" data-border-width=\\\"none\\\" data-border-style=\\\"solid\\\" data-border-color=\\\"\\\" data-bg-cover=\\\"\\\" data-padding-pos=\\\"all\\\" data-has-bg-color=\\\"false\\\" data-bg-color=\\\"\\\" data-bg-opacity=\\\"1\\\" data-hover-bg=\\\"\\\" data-hover-bg-opacity=\\\"1\\\" data-animation=\\\"\\\" data-delay=\\\"0\\\">\\n\n\n<div class=\\\"vc_column-inner\\\">\\n\n\n<div class=\\\"wpb_wrapper\\\">\\n\n\n<div class=\\\"wpb_text_column wpb_content_element \\\">\\n\n\n<div class=\\\"wpb_wrapper\\\">\\n\n\n<p>Mysterier er vigtige. De f\\u00e5r os til at undre os og til at stille sp\\u00f8rgsm\\u00e5l. I vores s\\u00f8gen efter svar bliver vi klogere p\\u00e5 verden omkring os. Men i dag er de hvide pletter p\\u00e5 landkortet v\\u00e6k, og myter og mysterier er for manges vedkommende noget, der h\\u00f8rer fortiden til. Vi savner det ukendte og det g\\u00e5defulde, der lokker os til at udforske og anskue verden p\\u00e5 nye m\\u00e5der \\u2013 og ikke mindst de ting, der f\\u00e5r os til at tvivle p\\u00e5 de ting, vi tror, vi ved. Derfor er vi en gruppe ildsj\\u00e6le, der g\\u00f8r alt hvad vi kan for at fylde verden med g\\u00e5der og hemmeligheder.<\\\/p>\\n<\\\/div>\\n<\\\/div>\\n<\\\/div>\\n<\\\/div>\\n<\\\/div>\\n\n\n<div class=\\\"vc_col-sm-6 wpb_column column_container vc_column_container col no-extra-padding instance-3\\\" data-border-animation=\\\"\\\" data-border-animation-delay=\\\"\\\" data-border-width=\\\"none\\\" data-border-style=\\\"solid\\\" data-border-color=\\\"\\\" data-bg-cover=\\\"\\\" data-padding-pos=\\\"all\\\" data-has-bg-color=\\\"false\\\" data-bg-color=\\\"\\\" data-bg-opacity=\\\"1\\\" data-hover-bg=\\\"\\\" data-hover-bg-opacity=\\\"1\\\" data-animation=\\\"\\\" data-delay=\\\"0\\\">\\n\n\n<div class=\\\"vc_column-inner\\\">\\n\n\n<div class=\\\"wpb_wrapper\\\">\\n\n\n<div class=\\\"wpb_text_column wpb_content_element \\\">\\n\n\n<div class=\\\"wpb_wrapper\\\">\\n\n\n<p>Vi skaber underholdning, der pirrer nysgerrigheden og udfordrer intelligensen. Vi har d\\u00f8bt det Enterbrainment. Vores<span>\\u00a0<\\\/span><a href=\\\"\\\/om-mystery-room\\\/\\\">g\\u00e5derum<span>\\u00a0<\\\/span><\\\/a>og<span>\\u00a0<\\\/span><a href=\\\"\\\/om-mystery-hunt\\\/\\\">skattejagte<span>\\u00a0<\\\/span><\\\/a>s\\u00e6tter deltagerne i centrum af mysteriet. Og alle vores skattejagte foreg\\u00e5r p\\u00e5 historiske steder, der skaber en unik stemning, du ikke finder andre steder end hos os. Du bliver nu selv helten, s\\u00e5 oplevelsen bliver endnu mere involverende og n\\u00e6rv\\u00e6rende. Gennem legen bliver du klogere. P\\u00e5 dig selv, dine venner, kolleger og ikke mindst p\\u00e5 verden. Mysteriernes tid er ikke forbi!<\\\/p>\\n<\\\/div>\\n<\\\/div>\\n<\\\/div>\\n<\\\/div>\\n<\\\/div>\\n<\\\/div>\"}}]},{\"type\":\"column\",\"props\":{\"position_sticky_breakpoint\":\"m\",\"image_position\":\"center-center\",\"media_overlay_gradient\":\"\",\"width_medium\":\"1-3\"},\"children\":[{\"type\":\"panel\",\"props\":{\"link_text\":\"Read more\",\"title_hover_style\":\"reset\",\"title_element\":\"h3\",\"title_align\":\"top\",\"title_grid_width\":\"1-2\",\"title_grid_breakpoint\":\"m\",\"meta_style\":\"meta\",\"meta_align\":\"below-title\",\"meta_element\":\"div\",\"content_column_breakpoint\":\"m\",\"icon_width\":80,\"image_align\":\"top\",\"image_grid_width\":\"1-2\",\"image_grid_breakpoint\":\"m\",\"image_svg_color\":\"emphasis\",\"link_style\":\"default\",\"margin\":\"default\",\"content\":\"\n\n<p><span>I 2019 valgte over 60.000 glade g\\u00e6ster Mystery Makers unikke sortiment af intelligent underholdning. Vi har mere end 40 fantastiske ansatte og er lykkelige for at blive k\\u00e5ret til\\u00a0<\\\/span><em>Bedste Kultur Oplevelse i K\\u00f8benhavn 2018.<\\\/em><span>\\u00a0 Du kan finde Mystery Makers i K\\u00f8benhavn, Helsing\\u00f8r,\\u00a0<\\\/span><a href=\\\"https:\\\/\\\/mystery.at\\\/\\\">Vienna<\\\/a><span>\\u00a0og Budapest.<\\\/span><\\\/p>\",\"panel_style\":\"tile-secondary\",\"panel_padding\":\"default\"}}]}]}]},{\"type\":\"section\",\"props\":{\"style\":\"muted\",\"width\":\"default\",\"vertical_align\":\"middle\",\"title_position\":\"top-left\",\"title_rotation\":\"left\",\"title_breakpoint\":\"xl\",\"image_position\":\"center-center\"},\"children\":[{\"type\":\"row\",\"children\":[{\"type\":\"column\",\"props\":{\"position_sticky_breakpoint\":\"m\",\"image_position\":\"center-center\",\"media_overlay_gradient\":\"\"},\"children\":[{\"type\":\"panel\",\"props\":{\"link_text\":\"Read more\",\"title_hover_style\":\"reset\",\"title_element\":\"h3\",\"title_align\":\"top\",\"title_grid_width\":\"1-2\",\"title_grid_breakpoint\":\"m\",\"meta_style\":\"meta\",\"meta_align\":\"below-title\",\"meta_element\":\"div\",\"content_column_breakpoint\":\"m\",\"icon_width\":80,\"image_align\":\"left\",\"image_grid_width\":\"2-5\",\"image_grid_breakpoint\":\"m\",\"image_svg_color\":\"emphasis\",\"link_style\":\"default\",\"margin\":\"default\",\"title\":\"VORES LOGO ER SFINKSEN\",\"content\":\"\n\n<p>I mytologien er Sfinksen et v\\u00e6sen med kvindehoved, l\\u00f8vekrop og \\u00f8rnevinger. Hun bevogtede antikkens storby Theben, og stillede alle tilrejsende en g\\u00e5de p\\u00e5 liv og d\\u00f8d. Kunne de ikke l\\u00f8se Sfinksens g\\u00e5de blev de fl\\u00e5et og dr\\u00e6bt i hendes kl\\u00f8er.<\\\/p>\\n\n\n<p>Gennem tiden har statuer af Sfinksen vogtet indgange til pyramider og templer, som symbol p\\u00e5 magt, styrke og visdom.<\\\/p>\",\"image\":\"wp-content\\\/uploads\\\/mysterymakers-logo-01.png\",\"panel_padding\":\"small\",\"image_vertical_align\":true}}]}]}]}],\"version\":\"2.7.22\"} --><\/p>\n","protected":false},"excerpt":{"rendered":"<p>Filosofien bag Mystery Makers\u00ae Mysterier er vigtige. De f\u00e5r os til at undre os og til at stille sp\u00f8rgsm\u00e5l. I vores s\u00f8gen efter svar bliver vi klogere p\u00e5 verden omkring os. Men i dag er de hvide pletter p\u00e5 landkortet v\u00e6k, og myter og mysterier er for manges vedkommende noget, der h\u00f8rer fortiden til. Vi [&hellip;]<\/p>\n","protected":false},"author":1,"featured_media":0,"parent":0,"menu_order":0,"comment_status":"closed","ping_status":"closed","template":"","meta":{"_acf_changed":false,"footnotes":""},"class_list":["post-575","page","type-page","status-publish","hentry"],"acf":[],"_wp_attached_file":null,"_wp_attachment_metadata":null,"_wp_attachment_image_alt":null,"_menu_item_type":null,"_menu_item_menu_item_parent":null,"_menu_item_object_id":null,"_menu_item_object":null,"_menu_item_target":null,"_menu_item_classes":null,"_menu_item_xfn":null,"_menu_item_url":null,"_sc_disable_sc":null,"_sc_disable_admin":null,"_sc_editor":null,"_sc_allowed_devices":null,"wpml_media_processed":null,"_wp_page_template":null,"_wpcode_auto_insert":null,"_wpcode_auto_insert_number":null,"_wpcode_library_id":null,"_wpcode_conditional_logic_enabled":null,"_wpcode_priority":null,"_wpcode_note":null,"_wpcode_conditional_logic":null,"_yoast_wpseo_meta-robots-noindex":null,"_sc_description":null,"_yoast_wpseo_primary_category":null,"_oembed_0cc52318f6774d9ee312b83fd2dce3c1":null,"_oembed_time_0cc52318f6774d9ee312b83fd2dce3c1":null,"_wp_attachment_backup_sizes":null,"wp-smush-lossy":null,"wp-smpro-smush-data":null,"wp-smush-pngjpg_savings":null,"wp-smush-ignore-bulk":null,"_pum_built_in":null,"_pum_default_theme":null,"popup_theme_data_version":null,"popup_theme_settings":null,"popup_title":null,"enabled":null,"popup_settings":null,"data_version":null,"popup_open_count":null,"popup_conversion_count":null,"_aoc_tab":null,"_aoc_popup_goal":null,"_aoc_display_type":null,"_aoc_popup_appear":null,"_aoc_behaviour":null,"_aoc_content":null,"_aoc_design":null,"_aoc_advance":null,"_aoc_custom_css":null,"wpforms_form_locations":null,"popup_open_count_total":null,"popup_last_opened":null,"_pum_user_modified":null,"popup_theme_overlay":null,"popup_theme_container":null,"popup_theme_title":null,"popup_theme_content":null,"popup_theme_close":null,"_yoast_wpseo_meta-robots-nofollow":null,"_top_nav_excluded":null,"_cms_nav_minihome":null,"_wp_desired_post_slug":null,"wp-smush-transparent":null,"_thumbnail_id":null,"_yoast_wpseo_opengraph-image":null,"_yoast_wpseo_opengraph-image-id":null,"_trp_translated_slug_en_gb":null,"_emr_replace_author":null,"popup_data":null,"popup_type":null,"popup_goal":null,"popup_goal_action":null,"popup_placement":null,"popup_devices":null,"popup_views":null,"popup_conversion":null,"_pingme":null,"_encloseme":null,"_edit_lock":"1717404795:2","_edit_last":"1","_wp_old_slug":null,"_wp_old_date":null,"_wpml_word_count":"{\"total\":339,\"to_translate\":{\"en\":339}}","_wpml_media_featured":"1","_wpml_media_duplicate":"0","_last_translation_edit_mode":null,"_yoast_wpseo_title":"Mystery Makers filosofi - L\u00e6s alt om vores filosofi og tilgang til underholdning","_yoast_wpseo_metadesc":"Hos Mystery Makers har vi en klar og konkret filosofi, der gennemsyrer alt hvad vi laver. L\u00e6s alt om vores visioner lige her.","_yoast_wpseo_content_score":"90","_yoast_wpseo_estimated-reading-time-minutes":"4","_yoast_wpseo_wordproof_timestamp":"","_pinterest_shares":null,"_total_shares":null,"swp_cache_timestamp":null,"_trp_automatically_translated_slug_en_gb":null,"overskrift":null,"_overskrift":null,"tekst":null,"_tekst":null,"brodtekst":null,"_brodtekst":null,"h1_overskrift":null,"_h1_overskrift":null,"hero-tekst":null,"_hero-tekst":null,"brodtekst_2":null,"_brodtekst_2":null,"yoast_head":"<!-- This site is optimized with the Yoast SEO plugin v27.3 - https:\/\/yoast.com\/product\/yoast-seo-wordpress\/ -->\n<title>Mystery Makers filosofi - L\u00e6s alt om vores filosofi og tilgang til underholdning<\/title>\n<meta name=\"description\" content=\"Hos Mystery Makers har vi en klar og konkret filosofi, der gennemsyrer alt hvad vi laver. L\u00e6s alt om vores visioner lige her.\" \/>\n<meta name=\"robots\" content=\"index, follow, max-snippet:-1, max-image-preview:large, max-video-preview:-1\" \/>\n<link rel=\"canonical\" href=\"https:\/\/mysterymakers.dk\/en\/the-philosophy-behind-mystery-makers\/\" \/>\n<meta property=\"og:locale\" content=\"en_GB\" \/>\n<meta property=\"og:type\" content=\"article\" \/>\n<meta property=\"og:title\" content=\"Mystery Makers filosofi - L\u00e6s alt om vores filosofi og tilgang til underholdning\" \/>\n<meta property=\"og:description\" content=\"Hos Mystery Makers har vi en klar og konkret filosofi, der gennemsyrer alt hvad vi laver. L\u00e6s alt om vores visioner lige her.\" \/>\n<meta property=\"og:url\" content=\"https:\/\/mysterymakers.dk\/en\/the-philosophy-behind-mystery-makers\/\" \/>\n<meta property=\"og:site_name\" content=\"Mystery Makers\" \/>\n<meta property=\"article:modified_time\" content=\"2022-08-31T13:16:24+00:00\" \/>\n<meta property=\"og:image\" content=\"https:\/\/mysterymakers.dk\/wp-content\/uploads\/Mystery-Hunt-Christiansborg-01-1.jpg\" \/>\n\t<meta property=\"og:image:width\" content=\"1911\" \/>\n\t<meta property=\"og:image:height\" content=\"1078\" \/>\n\t<meta property=\"og:image:type\" content=\"image\/jpeg\" \/>\n<meta name=\"twitter:card\" content=\"summary_large_image\" \/>\n<meta name=\"twitter:label1\" content=\"Estimated reading time\" \/>\n\t<meta name=\"twitter:data1\" content=\"4 minutes\" \/>\n<script type=\"application\/ld+json\" class=\"yoast-schema-graph\">{\"@context\":\"https:\\\/\\\/schema.org\",\"@graph\":[{\"@type\":\"WebPage\",\"@id\":\"https:\\\/\\\/mysterymakers.dk\\\/en\\\/filosofien-bag-mystery-makers\\\/\",\"url\":\"https:\\\/\\\/mysterymakers.dk\\\/en\\\/filosofien-bag-mystery-makers\\\/\",\"name\":\"Mystery Makers filosofi - L\u00e6s alt om vores filosofi og tilgang til underholdning\",\"isPartOf\":{\"@id\":\"https:\\\/\\\/mysterymakers.dk\\\/en\\\/#website\"},\"datePublished\":\"2022-06-28T10:11:44+00:00\",\"dateModified\":\"2022-08-31T13:16:24+00:00\",\"description\":\"Hos Mystery Makers har vi en klar og konkret filosofi, der gennemsyrer alt hvad vi laver. L\u00e6s alt om vores visioner lige her.\",\"breadcrumb\":{\"@id\":\"https:\\\/\\\/mysterymakers.dk\\\/en\\\/filosofien-bag-mystery-makers\\\/#breadcrumb\"},\"inLanguage\":\"en-GB\",\"potentialAction\":[{\"@type\":\"ReadAction\",\"target\":[\"https:\\\/\\\/mysterymakers.dk\\\/en\\\/filosofien-bag-mystery-makers\\\/\"]}]},{\"@type\":\"BreadcrumbList\",\"@id\":\"https:\\\/\\\/mysterymakers.dk\\\/en\\\/filosofien-bag-mystery-makers\\\/#breadcrumb\",\"itemListElement\":[{\"@type\":\"ListItem\",\"position\":1,\"name\":\"Hjem\",\"item\":\"https:\\\/\\\/mysterymakers.dk\\\/\"},{\"@type\":\"ListItem\",\"position\":2,\"name\":\"Filosofien bag Mystery Makers\u00ae\"}]},{\"@type\":\"WebSite\",\"@id\":\"https:\\\/\\\/mysterymakers.dk\\\/en\\\/#website\",\"url\":\"https:\\\/\\\/mysterymakers.dk\\\/en\\\/\",\"name\":\"Mystery Makers\",\"description\":\"Mange timers underholdning med venner og kollegaer\",\"potentialAction\":[{\"@type\":\"SearchAction\",\"target\":{\"@type\":\"EntryPoint\",\"urlTemplate\":\"https:\\\/\\\/mysterymakers.dk\\\/en\\\/?s={search_term_string}\"},\"query-input\":{\"@type\":\"PropertyValueSpecification\",\"valueRequired\":true,\"valueName\":\"search_term_string\"}}],\"inLanguage\":\"en-GB\"}]}<\/script>\n<!-- \/ Yoast SEO plugin. -->","yoast_head_json":{"title":"Mystery Makers philosophy - Read all about our philosophy and approach to entertainment","description":"At Mystery Makers, we have a clear and concrete philosophy that permeates everything we do. Read all about our vision right here.","robots":{"index":"index","follow":"follow","max-snippet":"max-snippet:-1","max-image-preview":"max-image-preview:large","max-video-preview":"max-video-preview:-1"},"canonical":"https:\/\/mysterymakers.dk\/en\/the-philosophy-behind-mystery-makers\/","og_locale":"en_GB","og_type":"article","og_title":"Mystery Makers filosofi - L\u00e6s alt om vores filosofi og tilgang til underholdning","og_description":"Hos Mystery Makers har vi en klar og konkret filosofi, der gennemsyrer alt hvad vi laver. L\u00e6s alt om vores visioner lige her.","og_url":"https:\/\/mysterymakers.dk\/en\/the-philosophy-behind-mystery-makers\/","og_site_name":"Mystery Makers","article_modified_time":"2022-08-31T13:16:24+00:00","og_image":[{"width":1911,"height":1078,"url":"https:\/\/mysterymakers.dk\/wp-content\/uploads\/Mystery-Hunt-Christiansborg-01-1.jpg","type":"image\/jpeg"}],"twitter_card":"summary_large_image","twitter_misc":{"Estimated reading time":"4 minutes"},"schema":{"@context":"https:\/\/schema.org","@graph":[{"@type":"WebPage","@id":"https:\/\/mysterymakers.dk\/en\/filosofien-bag-mystery-makers\/","url":"https:\/\/mysterymakers.dk\/en\/filosofien-bag-mystery-makers\/","name":"Mystery Makers philosophy - Read all about our philosophy and approach to entertainment","isPartOf":{"@id":"https:\/\/mysterymakers.dk\/en\/#website"},"datePublished":"2022-06-28T10:11:44+00:00","dateModified":"2022-08-31T13:16:24+00:00","description":"At Mystery Makers, we have a clear and concrete philosophy that permeates everything we do. Read all about our vision right here.","breadcrumb":{"@id":"https:\/\/mysterymakers.dk\/en\/filosofien-bag-mystery-makers\/#breadcrumb"},"inLanguage":"en-GB","potentialAction":[{"@type":"ReadAction","target":["https:\/\/mysterymakers.dk\/en\/filosofien-bag-mystery-makers\/"]}]},{"@type":"BreadcrumbList","@id":"https:\/\/mysterymakers.dk\/en\/filosofien-bag-mystery-makers\/#breadcrumb","itemListElement":[{"@type":"ListItem","position":1,"name":"Hjem","item":"https:\/\/mysterymakers.dk\/"},{"@type":"ListItem","position":2,"name":"Filosofien bag Mystery Makers\u00ae"}]},{"@type":"WebSite","@id":"https:\/\/mysterymakers.dk\/en\/#website","url":"https:\/\/mysterymakers.dk\/en\/","name":"Mystery Makers","description":"Hours of entertainment with friends and colleagues","potentialAction":[{"@type":"SearchAction","target":{"@type":"EntryPoint","urlTemplate":"https:\/\/mysterymakers.dk\/en\/?s={search_term_string}"},"query-input":{"@type":"PropertyValueSpecification","valueRequired":true,"valueName":"search_term_string"}}],"inLanguage":"en-GB"}]}},"_links":{"self":[{"href":"https:\/\/mysterymakers.dk\/en\/wp-json\/wp\/v2\/pages\/575","targetHints":{"allow":["GET"]}}],"collection":[{"href":"https:\/\/mysterymakers.dk\/en\/wp-json\/wp\/v2\/pages"}],"about":[{"href":"https:\/\/mysterymakers.dk\/en\/wp-json\/wp\/v2\/types\/page"}],"author":[{"embeddable":true,"href":"https:\/\/mysterymakers.dk\/en\/wp-json\/wp\/v2\/users\/1"}],"replies":[{"embeddable":true,"href":"https:\/\/mysterymakers.dk\/en\/wp-json\/wp\/v2\/comments?post=575"}],"version-history":[{"count":0,"href":"https:\/\/mysterymakers.dk\/en\/wp-json\/wp\/v2\/pages\/575\/revisions"}],"wp:attachment":[{"href":"https:\/\/mysterymakers.dk\/en\/wp-json\/wp\/v2\/media?parent=575"}],"curies":[{"name":"wp","href":"https:\/\/api.w.org\/{rel}","templated":true}]}}