{"id":1758,"date":"2022-08-29T09:07:20","date_gmt":"2022-08-29T09:07:20","guid":{"rendered":"https:\/\/mysterymakers.dk\/?page_id=1758"},"modified":"2024-09-24T11:22:19","modified_gmt":"2024-09-24T11:22:19","slug":"mystery-makers-eateries","status":"publish","type":"page","link":"https:\/\/mysterymakers.dk\/en\/spisesteder-mystery-makers\/","title":{"rendered":"Places to eat close to Mystery Makers"},"content":{"rendered":"<div>\n<p>    <img decoding=\"async\" src=\"\/wp-content\/uploads\/black-map.jpg\" alt=\"\"><\/p>\n<h1>Spisesteder t\u00e6t p\u00e5 Mystery Makers<\/h1>\n<\/div>\n<ul>\n<li>\n<h3>SALT<\/h3>\n<p>Moderne dansk mad<\/p>\n<div>\n<p><strong>Adresse:<\/strong>\u200b Toldbodgade 24-28, 1253 K\u00f8benhavn K<\/p>\n<p><strong>Telefon:<\/strong>\u200b 33 74 14 44<\/p>\n<p><a href=\"https:\/\/saltrestaurant.dk\/\" target=\"_blank\" rel=\"noopener\">https:\/\/saltrestaurant.dk\/<\/a><\/p>\n<\/p>\n<\/div>\n<\/li>\n<li>\n<h3>Cafe Oscar<\/h3>\n<p>Caf\u00e9 mad, fx burger<\/p>\n<div>\n<p><strong>Adresse<\/strong>: Bredgade 58, 1260 K\u00f8benhavn K\u200b<\/p>\n<p><strong>Telefon<\/strong>: 33 12 50 10\u200b<\/p>\n<p><a href=\"https:\/\/www.cafeoscar.dk\/\" target=\"_blank\" rel=\"noopener\">https:\/\/www.cafeoscar.dk\/\u00a0<\/a><\/p>\n<\/div>\n<\/li>\n<li>\n<h3>Toldbod Bodega<\/h3>\n<p>Sm\u00f8rrebr\u00f8d, gl.dags dansk mad<\/p>\n<div>\n<p><strong>Adresse<\/strong>:\u200b Esplanaden 4, 1263 K\u00f8benhavn K<\/p>\n<p><strong>Telefon<\/strong>:\u200b 33 12 93 31<\/p>\n<p><a href=\"http:\/\/www.toldbod-bodega.dk\/\" target=\"_blank\" rel=\"noopener\">http:\/\/www.toldbod-bodega.dk\/<\/a><\/p>\n<\/div>\n<\/li>\n<li>\n<h3>Nakorn Thai<\/h3>\n<p>Thailandsk<\/p>\n<div>\n<p><strong>Adresse<\/strong>: Store Kongensgade 87, 1264 K\u00f8benhavn K<\/p>\n<p><strong>Telefon<\/strong>: 33 11 81 10<\/p>\n<p><a href=\"http:\/\/www.nakornthai.dk\/\" target=\"_blank\" rel=\"noopener\">http:\/\/www.nakornthai.dk\/\u00a0<\/a><\/p>\n<\/div>\n<\/li>\n<li>\n<h3>Restaurant Lumskebugten<\/h3>\n<p>Finere dansk\/fransk k\u00f8kken<\/p>\n<div>\n<p><strong>Adresse<\/strong>:\u200b Esplanaden 21, 1263 K\u00f8benhavn K<\/p>\n<p><strong>Telefon<\/strong>: 33156029<\/p>\n<p><a href=\"http:\/\/www.lumskebugten.dk\/index.php?r=site\/page&amp;id=43\" target=\"_blank\" rel=\"noopener\">http:\/\/www.lumskebugten.dk\/index.php?r=site\/page&amp;id=43<\/a><\/p>\n<\/div>\n<\/li>\n<li>\n<h3>Vespa \/ Cofoco<\/h3>\n<p>Italiensk<\/p>\n<div>\n<p><strong>Adresse<\/strong>: Store Kongensgade 90, 1264 K\u00f8benhavn K<\/p>\n<p><strong>Telefon<\/strong>: 33 11 37 00<\/p>\n<p><a href=\"https:\/\/cofoco.dk\/en\/restaurants\/vespa\/\" target=\"_blank\" rel=\"noopener\">https:\/\/cofoco.dk\/en\/restaurants\/vespa\/\u00a0<\/a><\/p>\n<\/div>\n<\/li>\n<li>\n<h3>MASH Bredgade<\/h3>\n<p>Finere dansk\/grill<\/p>\n<div>\n<p><strong>Adresse<\/strong>:\u200b Bredgade 20, 1260 K\u00f8benhavn K<\/p>\n<p><strong>Telefon<\/strong>:\u200b 33 13 93 00<\/p>\n<p><a href=\"https:\/\/mashsteak.dk\/restauranter\/mash-bredgade\/\" target=\"_blank\" rel=\"noopener\">http:\/\/www.mashsteak.dk\/restauranter\/vis\/mash-city\u00a0<\/a><\/p>\n<\/div>\n<\/li>\n<li>\n<h3>MADKLUBBEN K\u00d8BENHAVN<\/h3>\n<p>Blandet moderne bistro<\/p>\n<div>\n<p><strong>Adresse<\/strong>: Store Kongensgade 66, 1264 K\u00f8benhavn K<\/p>\n<p><strong>Telefon<\/strong>: 33 32 32 34<\/p>\n<p><a href=\"https:\/\/madklubben.dk\/restauranter\/madklubben-koebenhavn\/\" target=\"_blank\" rel=\"noopener\">http:\/\/madklubben.dk\/bistro-de-luxe\/ \u00a0<\/a><\/p>\n<\/div>\n<\/li>\n<li>\n<h3>Bistro Boheme<\/h3>\n<p>Fransk<\/p>\n<div>\n<p><strong>Adresse<\/strong>:\u200b Esplanaden 8, 1263 K\u00f8benhavn K<\/p>\n<p><strong>Telefon<\/strong>: 33939844<\/p>\n<p><a href=\"http:\/\/bistroboheme.dk\/\" target=\"_blank\" rel=\"noopener\">http:\/\/bistroboheme.dk\/\u00a0<\/a><\/p>\n<\/div>\n<\/li>\n<li>\n<h3>Madbaren Marmorkirken<\/h3>\n<p>Deluxe pizza &#038; sandwiches<\/p>\n<div>\n<p><strong>Adresse<\/strong>: Store Kongensgade 77, 1264 K\u00f8benhavn K<\/p>\n<p><strong>Telefon<\/strong>: 42 90 90 65<\/p>\n<p><a href=\"https:\/\/madbaren.com\/\" target=\"_blank\" rel=\"noopener\">https:\/\/madbaren.com\/<\/a><\/p>\n<\/div>\n<\/li>\n<\/ul>\n<p><!--more--><br \/>\n<!-- {\"name\":\"priser - privat\",\"type\":\"layout\",\"children\":[{\"name\":\"Top - map bg\",\"type\":\"section\",\"props\":{\"style\":\"default\",\"width\":\"\",\"vertical_align\":\"\",\"title_position\":\"top-left\",\"title_rotation\":\"left\",\"title_breakpoint\":\"xl\",\"image_position\":\"center-center\",\"padding\":\"none\",\"animation_delay\":false,\"overlap\":false,\"header_transparent\":\"light\",\"header_transparent_noplaceholder\":true},\"children\":[{\"name\":\"\",\"type\":\"row\",\"children\":[{\"name\":\"\",\"type\":\"column\",\"props\":{\"image_position\":\"center-center\",\"media_overlay_gradient\":\"\",\"width_medium\":\"1-1\",\"position_sticky_breakpoint\":\"m\"},\"children\":[{\"name\":\"\",\"type\":\"slideshow\",\"props\":{\"show_title\":true,\"show_meta\":true,\"show_content\":true,\"show_link\":true,\"show_thumbnail\":true,\"slideshow_min_height\":\"250\",\"slideshow_autoplay_pause\":true,\"nav\":\"dotnav\",\"nav_position\":\"bottom-center\",\"nav_position_margin\":\"medium\",\"nav_align\":\"center\",\"nav_breakpoint\":\"\",\"thumbnav_width\":\"100\",\"thumbnav_height\":\"75\",\"slidenav\":\"default\",\"slidenav_margin\":\"medium\",\"slidenav_breakpoint\":\"m\",\"overlay_position\":\"center\",\"overlay_animation\":\"parallax\",\"title_element\":\"h1\",\"meta_style\":\"h6\",\"meta_align\":\"below-title\",\"link_text\":\"\",\"link_style\":\"danger\",\"margin\":\"default\",\"slideshow_height\":\"\",\"text_color\":\"light\",\"slideshow_animation\":\"\",\"overlay_container\":\"default\",\"overlay_width\":\"xlarge\",\"text_align\":\"center\",\"text_align_fallback\":\"center\",\"slideshow_autoplay\":false,\"slideshow_velocity\":0.59999999999999998,\"slidenav_outside_breakpoint\":\"xl\",\"image_width\":\"2560\",\"thumbnav_svg_color\":\"emphasis\",\"meta_element\":\"div\",\"slidenav_hover\":true,\"slideshow_ratio\":\"16:7\",\"slideshow_max_height\":\"300\",\"animation\":\"fade\",\"link_size\":\"large\",\"slideshow_kenburns\":\"alternate\",\"css\":\"@media screen and (max-width: 500px) {\\n    .el-title{font-size:18px;}   \\n    \\n}\",\"title_parallax_x\":\"-200,0,200\",\"title_parallax_opacity\":\"0,1,1\",\"meta_parallax_y\":\"-50,0,0\",\"meta_parallax_opacity\":\"0,1,1\",\"link_parallax_y\":\"50,0,0\",\"link_parallax_opacity\":\"0,1,1\"},\"children\":[{\"type\":\"slideshow_item\",\"props\":{\"link_text\":\"\",\"image\":\"wp-content\\\/uploads\\\/black-map.jpg\",\"link\":\"\",\"meta\":\"\",\"title\":\"Spisesteder t\\u00e6t p\\u00e5 Mystery Makers\",\"image_alt\":\"\",\"media_overlay\":\"rgba(0, 0, 0, 0.5)\",\"content\":\"\",\"thumbnail\":\"\"}}]}]}]}]},{\"type\":\"section\",\"props\":{\"style\":\"default\",\"width\":\"default\",\"vertical_align\":\"middle\",\"title_position\":\"top-left\",\"title_rotation\":\"left\",\"title_breakpoint\":\"xl\",\"image_position\":\"center-center\"},\"children\":[{\"type\":\"row\",\"children\":[{\"type\":\"column\",\"props\":{\"position_sticky_breakpoint\":\"m\",\"image_position\":\"center-center\",\"media_overlay_gradient\":\"\"},\"children\":[{\"type\":\"grid\",\"props\":{\"show_title\":true,\"show_meta\":true,\"show_content\":true,\"show_image\":true,\"show_link\":true,\"grid_default\":\"1\",\"grid_medium\":\"2\",\"filter_style\":\"tab\",\"filter_all\":true,\"filter_position\":\"top\",\"filter_align\":\"left\",\"filter_grid_width\":\"auto\",\"filter_grid_breakpoint\":\"m\",\"title_hover_style\":\"reset\",\"title_element\":\"h3\",\"title_align\":\"top\",\"title_grid_width\":\"1-2\",\"title_grid_breakpoint\":\"m\",\"meta_style\":\"text-meta\",\"meta_align\":\"below-title\",\"meta_element\":\"div\",\"content_column_breakpoint\":\"m\",\"icon_width\":80,\"image_align\":\"top\",\"image_grid_width\":\"1-2\",\"image_grid_breakpoint\":\"m\",\"image_svg_color\":\"emphasis\",\"link_text\":\"Read more\",\"link_style\":\"default\",\"margin\":\"default\",\"item_animation\":true,\"panel_style\":\"card-default\",\"panel_image_no_padding\":false,\"panel_padding\":\"default\",\"title_style\":\"h4\",\"parallax_easing\":\"1\"},\"children\":[{\"type\":\"grid_item\",\"props\":{\"title\":\"SALT\",\"content\":\"\n\n<p><strong>Adresse:<\\\/strong>\\u200b Toldbodgade 24-28, 1253 K\\u00f8benhavn K<\\\/p>\\n\n\n<p><strong>Telefon:<\\\/strong>\\u200b 33 74 14 44<\\\/p>\\n\n\n<p><a href=\\\"https:\\\/\\\/saltrestaurant.dk\\\/\\\" target=\\\"_blank\\\" rel=\\\"noopener\\\">https:\\\/\\\/saltrestaurant.dk\\\/<\\\/a><\\\/p>\\n\n\n<p><\\\/p>\",\"meta\":\"Moderne dansk mad\",\"link\":\"\",\"link_text\":\"\"}},{\"type\":\"grid_item\",\"props\":{\"title\":\"Cafe Oscar\",\"content\":\"\n\n<p><strong>Adresse<\\\/strong>: Bredgade 58, 1260 K\\u00f8benhavn K\\u200b<\\\/p>\\n\n\n<p><strong>Telefon<\\\/strong>: 33 12 50 10\\u200b<\\\/p>\\n\n\n<p><a href=\\\"https:\\\/\\\/www.cafeoscar.dk\\\/\\\" target=\\\"_blank\\\" rel=\\\"noopener\\\">https:\\\/\\\/www.cafeoscar.dk\\\/\\u00a0<\\\/a><\\\/p>\",\"meta\":\"Caf\\u00e9 mad, fx burger\",\"link\":\"\",\"link_text\":\"\"}},{\"type\":\"grid_item\",\"props\":{\"title\":\"Toldbod Bodega\",\"content\":\"\n\n<p><strong>Adresse<\\\/strong>:\\u200b Esplanaden 4, 1263 K\\u00f8benhavn K<\\\/p>\\n\n\n<p><strong>Telefon<\\\/strong>:\\u200b 33 12 93 31<\\\/p>\\n\n\n<p><a href=\\\"http:\\\/\\\/www.toldbod-bodega.dk\\\/\\\" target=\\\"_blank\\\" rel=\\\"noopener\\\">http:\\\/\\\/www.toldbod-bodega.dk\\\/<\\\/a><\\\/p>\",\"meta\":\"Sm\\u00f8rrebr\\u00f8d, gl.dags dansk mad\",\"link\":\"\",\"link_text\":\"\"}},{\"type\":\"grid_item\",\"props\":{\"title\":\"Nakorn Thai\",\"content\":\"\n\n<p><strong>Adresse<\\\/strong>: Store Kongensgade 87, 1264 K\\u00f8benhavn K<\\\/p>\\n\n\n<p><strong>Telefon<\\\/strong>: 33 11 81 10<\\\/p>\\n\n\n<p><a href=\\\"http:\\\/\\\/www.nakornthai.dk\\\/\\\" target=\\\"_blank\\\" rel=\\\"noopener\\\">http:\\\/\\\/www.nakornthai.dk\\\/\\u00a0<\\\/a><\\\/p>\",\"meta\":\"Thailandsk\",\"link\":\"\",\"link_text\":\"\"}},{\"type\":\"grid_item\",\"props\":{\"title\":\"Restaurant Lumskebugten\",\"content\":\"\n\n<p><strong>Adresse<\\\/strong>:\\u200b Esplanaden 21, 1263 K\\u00f8benhavn K<\\\/p>\\n\n\n<p><strong>Telefon<\\\/strong>: 33156029<\\\/p>\\n\n\n<p><a href=\\\"http:\\\/\\\/www.lumskebugten.dk\\\/index.php?r=site\\\/page&amp;id=43\\\" target=\\\"_blank\\\" rel=\\\"noopener\\\">http:\\\/\\\/www.lumskebugten.dk\\\/index.php?r=site\\\/page&amp;id=43<\\\/a><\\\/p>\",\"meta\":\"Finere dansk\\\/fransk k\\u00f8kken\",\"link\":\"\",\"link_text\":\"\"}},{\"type\":\"grid_item\",\"props\":{\"title\":\"Vespa \\\/ Cofoco\",\"content\":\"\n\n<p><strong>Adresse<\\\/strong>: Store Kongensgade 90, 1264 K\\u00f8benhavn K<\\\/p>\\n\n\n<p><strong>Telefon<\\\/strong>: 33 11 37 00<\\\/p>\\n\n\n<p><a href=\\\"https:\\\/\\\/cofoco.dk\\\/en\\\/restaurants\\\/vespa\\\/\\\" target=\\\"_blank\\\" rel=\\\"noopener\\\">https:\\\/\\\/cofoco.dk\\\/en\\\/restaurants\\\/vespa\\\/\\u00a0<\\\/a><\\\/p>\",\"meta\":\"Italiensk\",\"link\":\"\",\"link_text\":\"\"}},{\"type\":\"grid_item\",\"props\":{\"title\":\"MASH Bredgade\",\"content\":\"\n\n<p><strong>Adresse<\\\/strong>:\\u200b Bredgade 20, 1260 K\\u00f8benhavn K<\\\/p>\\n\n\n<p><strong>Telefon<\\\/strong>:\\u200b 33 13 93 00<\\\/p>\\n\n\n<p><a href=\\\"https:\\\/\\\/mashsteak.dk\\\/restauranter\\\/mash-bredgade\\\/\\\" target=\\\"_blank\\\" rel=\\\"noopener\\\">http:\\\/\\\/www.mashsteak.dk\\\/restauranter\\\/vis\\\/mash-city\\u00a0<\\\/a><\\\/p>\",\"meta\":\"Finere dansk\\\/grill\",\"link\":\"\",\"link_text\":\"\"}},{\"type\":\"grid_item\",\"props\":{\"title\":\"MADKLUBBEN K\\u00d8BENHAVN\",\"content\":\"\n\n<p><strong>Adresse<\\\/strong>: Store Kongensgade 66, 1264 K\\u00f8benhavn K<\\\/p>\\n\n\n<p><strong>Telefon<\\\/strong>: 33 32 32 34<\\\/p>\\n\n\n<p><a href=\\\"https:\\\/\\\/madklubben.dk\\\/restauranter\\\/madklubben-koebenhavn\\\/\\\" target=\\\"_blank\\\" rel=\\\"noopener\\\">http:\\\/\\\/madklubben.dk\\\/bistro-de-luxe\\\/ \\u00a0<\\\/a><\\\/p>\",\"meta\":\"Blandet moderne bistro\",\"link\":\"\",\"link_text\":\"\"}},{\"type\":\"grid_item\",\"props\":{\"title\":\"Bistro Boheme\",\"content\":\"\n\n<p><strong>Adresse<\\\/strong>:\\u200b Esplanaden 8, 1263 K\\u00f8benhavn K<\\\/p>\\n\n\n<p><strong>Telefon<\\\/strong>: 33939844<\\\/p>\\n\n\n<p><a href=\\\"http:\\\/\\\/bistroboheme.dk\\\/\\\" target=\\\"_blank\\\" rel=\\\"noopener\\\">http:\\\/\\\/bistroboheme.dk\\\/\\u00a0<\\\/a><\\\/p>\",\"meta\":\"Fransk\",\"link\":\"\",\"link_text\":\"\"}},{\"type\":\"grid_item\",\"props\":{\"title\":\"Madbaren Marmorkirken\",\"content\":\"\n\n<p><strong>Adresse<\\\/strong>: Store Kongensgade 77, 1264 K\\u00f8benhavn K<\\\/p>\\n\n\n<p><strong>Telefon<\\\/strong>: 42 90 90 65<\\\/p>\\n\n\n<p><a href=\\\"https:\\\/\\\/madbaren.com\\\/\\\" target=\\\"_blank\\\" rel=\\\"noopener\\\">https:\\\/\\\/madbaren.com\\\/<\\\/a><\\\/p>\",\"meta\":\"Deluxe pizza & sandwiches\",\"link\":\"\",\"link_text\":\"\"}}]}]}]}]}],\"version\":\"3.0.0\"} --><\/p>\n","protected":false},"excerpt":{"rendered":"<p>Spisesteder t\u00e6t p\u00e5 Mystery Makers SALT Moderne dansk mad Adresse:\u200b Toldbodgade 24-28, 1253 K\u00f8benhavn K Telefon:\u200b 33 74 14 44 https:\/\/saltrestaurant.dk\/ Cafe Oscar Caf\u00e9 mad, fx burger Adresse: Bredgade 58, 1260 K\u00f8benhavn K\u200b Telefon: 33 12 50 10\u200b https:\/\/www.cafeoscar.dk\/\u00a0 Toldbod Bodega Sm\u00f8rrebr\u00f8d, gl.dags dansk mad Adresse:\u200b Esplanaden 4, 1263 K\u00f8benhavn K Telefon:\u200b 33 12 93 [&hellip;]<\/p>\n","protected":false},"author":1,"featured_media":0,"parent":0,"menu_order":0,"comment_status":"closed","ping_status":"closed","template":"","meta":{"_acf_changed":false,"footnotes":""},"class_list":["post-1758","page","type-page","status-publish","hentry"],"acf":[],"_wp_attached_file":null,"_wp_attachment_metadata":null,"_wp_attachment_image_alt":null,"_menu_item_type":null,"_menu_item_menu_item_parent":null,"_menu_item_object_id":null,"_menu_item_object":null,"_menu_item_target":null,"_menu_item_classes":null,"_menu_item_xfn":null,"_menu_item_url":null,"_sc_disable_sc":null,"_sc_disable_admin":null,"_sc_editor":null,"_sc_allowed_devices":null,"wpml_media_processed":null,"_wp_page_template":null,"_wpcode_auto_insert":null,"_wpcode_auto_insert_number":null,"_wpcode_library_id":null,"_wpcode_conditional_logic_enabled":null,"_wpcode_priority":null,"_wpcode_note":null,"_wpcode_conditional_logic":null,"_yoast_wpseo_meta-robots-noindex":null,"_sc_description":null,"_yoast_wpseo_primary_category":null,"_oembed_0cc52318f6774d9ee312b83fd2dce3c1":"<blockquote class=\"wp-embedded-content\" data-secret=\"6Kwg0BKoq3\"><a href=\"https:\/\/saltrestaurant.dk\/\">Forside<\/a><\/blockquote><iframe class=\"wp-embedded-content\" sandbox=\"allow-scripts\" security=\"restricted\" style=\"position: absolute; clip: rect(1px, 1px, 1px, 1px);\" title=\"&#8220;Forside&#8221; &#8212; Saltrestaurant.dk\" src=\"https:\/\/saltrestaurant.dk\/embed\/#?secret=6Kwg0BKoq3\" data-secret=\"6Kwg0BKoq3\" width=\"500\" height=\"282\" frameborder=\"0\" marginwidth=\"0\" marginheight=\"0\" scrolling=\"no\"><\/iframe>","_oembed_time_0cc52318f6774d9ee312b83fd2dce3c1":"1661764202","_wp_attachment_backup_sizes":null,"wp-smush-lossy":null,"wp-smpro-smush-data":null,"wp-smush-pngjpg_savings":null,"wp-smush-ignore-bulk":null,"_pum_built_in":null,"_pum_default_theme":null,"popup_theme_data_version":null,"popup_theme_settings":null,"popup_title":null,"enabled":null,"popup_settings":null,"data_version":null,"popup_open_count":null,"popup_conversion_count":null,"_aoc_tab":null,"_aoc_popup_goal":null,"_aoc_display_type":null,"_aoc_popup_appear":null,"_aoc_behaviour":null,"_aoc_content":null,"_aoc_design":null,"_aoc_advance":null,"_aoc_custom_css":null,"wpforms_form_locations":null,"popup_open_count_total":null,"popup_last_opened":null,"_pum_user_modified":null,"popup_theme_overlay":null,"popup_theme_container":null,"popup_theme_title":null,"popup_theme_content":null,"popup_theme_close":null,"_yoast_wpseo_meta-robots-nofollow":null,"_top_nav_excluded":null,"_cms_nav_minihome":null,"_wp_desired_post_slug":null,"wp-smush-transparent":null,"_thumbnail_id":null,"_yoast_wpseo_opengraph-image":null,"_yoast_wpseo_opengraph-image-id":null,"_trp_translated_slug_en_gb":null,"_emr_replace_author":null,"popup_data":null,"popup_type":null,"popup_goal":null,"popup_goal_action":null,"popup_placement":null,"popup_devices":null,"popup_views":null,"popup_conversion":null,"_pingme":null,"_encloseme":null,"_edit_lock":"1727176817:2","_edit_last":"2","_wp_old_slug":null,"_wp_old_date":null,"_wpml_word_count":"{\"total\":191,\"to_translate\":{\"en\":191}}","_wpml_media_featured":"1","_wpml_media_duplicate":"1","_last_translation_edit_mode":null,"_yoast_wpseo_title":"Spisesteder t\u00e6t p\u00e5 Mystery Makers - Mystery Makers","_yoast_wpseo_metadesc":"Nyd en l\u00e6kker middag t\u00e6t p\u00e5 Mystery Makers. Uanset om I foretr\u00e6kker dansk, italiensk eller thailandsk mad, har vi de bedste anbefalinger. Se mere her!","_yoast_wpseo_content_score":"90","_yoast_wpseo_estimated-reading-time-minutes":"2","_yoast_wpseo_wordproof_timestamp":"","_pinterest_shares":null,"_total_shares":null,"swp_cache_timestamp":null,"_trp_automatically_translated_slug_en_gb":null,"overskrift":null,"_overskrift":null,"tekst":null,"_tekst":null,"brodtekst":null,"_brodtekst":null,"h1_overskrift":null,"_h1_overskrift":null,"hero-tekst":null,"_hero-tekst":null,"brodtekst_2":null,"_brodtekst_2":null,"yoast_head":"<!-- This site is optimized with the Yoast SEO plugin v27.3 - https:\/\/yoast.com\/product\/yoast-seo-wordpress\/ -->\n<title>Spisesteder t\u00e6t p\u00e5 Mystery Makers - Mystery Makers<\/title>\n<meta name=\"description\" content=\"Nyd en l\u00e6kker middag t\u00e6t p\u00e5 Mystery Makers. Uanset om I foretr\u00e6kker dansk, italiensk eller thailandsk mad, har vi de bedste anbefalinger. Se mere her!\" \/>\n<meta name=\"robots\" content=\"index, follow, max-snippet:-1, max-image-preview:large, max-video-preview:-1\" \/>\n<link rel=\"canonical\" href=\"https:\/\/mysterymakers.dk\/en\/mystery-makers-eateries\/\" \/>\n<meta property=\"og:locale\" content=\"en_GB\" \/>\n<meta property=\"og:type\" content=\"article\" \/>\n<meta property=\"og:title\" content=\"Spisesteder t\u00e6t p\u00e5 Mystery Makers - Mystery Makers\" \/>\n<meta property=\"og:description\" content=\"Nyd en l\u00e6kker middag t\u00e6t p\u00e5 Mystery Makers. Uanset om I foretr\u00e6kker dansk, italiensk eller thailandsk mad, har vi de bedste anbefalinger. Se mere her!\" \/>\n<meta property=\"og:url\" content=\"https:\/\/mysterymakers.dk\/en\/mystery-makers-eateries\/\" \/>\n<meta property=\"og:site_name\" content=\"Mystery Makers\" \/>\n<meta property=\"article:modified_time\" content=\"2024-09-24T11:22:19+00:00\" \/>\n<meta property=\"og:image\" content=\"https:\/\/mysterymakers.dk\/wp-content\/uploads\/Mystery-Hunt-Christiansborg-01-1.jpg\" \/>\n\t<meta property=\"og:image:width\" content=\"1911\" \/>\n\t<meta property=\"og:image:height\" content=\"1078\" \/>\n\t<meta property=\"og:image:type\" content=\"image\/jpeg\" \/>\n<meta name=\"twitter:card\" content=\"summary_large_image\" \/>\n<meta name=\"twitter:label1\" content=\"Estimated reading time\" \/>\n\t<meta name=\"twitter:data1\" content=\"2 minutes\" \/>\n<script type=\"application\/ld+json\" class=\"yoast-schema-graph\">{\"@context\":\"https:\\\/\\\/schema.org\",\"@graph\":[{\"@type\":\"WebPage\",\"@id\":\"https:\\\/\\\/mysterymakers.dk\\\/en\\\/spisesteder-mystery-makers\\\/\",\"url\":\"https:\\\/\\\/mysterymakers.dk\\\/en\\\/spisesteder-mystery-makers\\\/\",\"name\":\"Spisesteder t\u00e6t p\u00e5 Mystery Makers - Mystery Makers\",\"isPartOf\":{\"@id\":\"https:\\\/\\\/mysterymakers.dk\\\/en\\\/#website\"},\"datePublished\":\"2022-08-29T09:07:20+00:00\",\"dateModified\":\"2024-09-24T11:22:19+00:00\",\"description\":\"Nyd en l\u00e6kker middag t\u00e6t p\u00e5 Mystery Makers. Uanset om I foretr\u00e6kker dansk, italiensk eller thailandsk mad, har vi de bedste anbefalinger. Se mere her!\",\"breadcrumb\":{\"@id\":\"https:\\\/\\\/mysterymakers.dk\\\/en\\\/spisesteder-mystery-makers\\\/#breadcrumb\"},\"inLanguage\":\"en-GB\",\"potentialAction\":[{\"@type\":\"ReadAction\",\"target\":[\"https:\\\/\\\/mysterymakers.dk\\\/en\\\/spisesteder-mystery-makers\\\/\"]}]},{\"@type\":\"BreadcrumbList\",\"@id\":\"https:\\\/\\\/mysterymakers.dk\\\/en\\\/spisesteder-mystery-makers\\\/#breadcrumb\",\"itemListElement\":[{\"@type\":\"ListItem\",\"position\":1,\"name\":\"Hjem\",\"item\":\"https:\\\/\\\/mysterymakers.dk\\\/\"},{\"@type\":\"ListItem\",\"position\":2,\"name\":\"Spisesteder t\u00e6t p\u00e5 Mystery Makers\"}]},{\"@type\":\"WebSite\",\"@id\":\"https:\\\/\\\/mysterymakers.dk\\\/en\\\/#website\",\"url\":\"https:\\\/\\\/mysterymakers.dk\\\/en\\\/\",\"name\":\"Mystery Makers\",\"description\":\"Mange timers underholdning med venner og kollegaer\",\"potentialAction\":[{\"@type\":\"SearchAction\",\"target\":{\"@type\":\"EntryPoint\",\"urlTemplate\":\"https:\\\/\\\/mysterymakers.dk\\\/en\\\/?s={search_term_string}\"},\"query-input\":{\"@type\":\"PropertyValueSpecification\",\"valueRequired\":true,\"valueName\":\"search_term_string\"}}],\"inLanguage\":\"en-GB\"}]}<\/script>\n<!-- \/ Yoast SEO plugin. -->","yoast_head_json":{"title":"Places to eat close to Mystery Makers - Mystery Makers","description":"Enjoy a delicious dinner close to Mystery Makers. Whether you prefer Danish, Italian or Thai food, we have the best recommendations. See more here!","robots":{"index":"index","follow":"follow","max-snippet":"max-snippet:-1","max-image-preview":"max-image-preview:large","max-video-preview":"max-video-preview:-1"},"canonical":"https:\/\/mysterymakers.dk\/en\/mystery-makers-eateries\/","og_locale":"en_GB","og_type":"article","og_title":"Spisesteder t\u00e6t p\u00e5 Mystery Makers - Mystery Makers","og_description":"Nyd en l\u00e6kker middag t\u00e6t p\u00e5 Mystery Makers. Uanset om I foretr\u00e6kker dansk, italiensk eller thailandsk mad, har vi de bedste anbefalinger. Se mere her!","og_url":"https:\/\/mysterymakers.dk\/en\/mystery-makers-eateries\/","og_site_name":"Mystery Makers","article_modified_time":"2024-09-24T11:22:19+00:00","og_image":[{"width":1911,"height":1078,"url":"https:\/\/mysterymakers.dk\/wp-content\/uploads\/Mystery-Hunt-Christiansborg-01-1.jpg","type":"image\/jpeg"}],"twitter_card":"summary_large_image","twitter_misc":{"Estimated reading time":"2 minutes"},"schema":{"@context":"https:\/\/schema.org","@graph":[{"@type":"WebPage","@id":"https:\/\/mysterymakers.dk\/en\/spisesteder-mystery-makers\/","url":"https:\/\/mysterymakers.dk\/en\/spisesteder-mystery-makers\/","name":"Places to eat close to Mystery Makers - Mystery Makers","isPartOf":{"@id":"https:\/\/mysterymakers.dk\/en\/#website"},"datePublished":"2022-08-29T09:07:20+00:00","dateModified":"2024-09-24T11:22:19+00:00","description":"Enjoy a delicious dinner close to Mystery Makers. Whether you prefer Danish, Italian or Thai food, we have the best recommendations. See more here!","breadcrumb":{"@id":"https:\/\/mysterymakers.dk\/en\/spisesteder-mystery-makers\/#breadcrumb"},"inLanguage":"en-GB","potentialAction":[{"@type":"ReadAction","target":["https:\/\/mysterymakers.dk\/en\/spisesteder-mystery-makers\/"]}]},{"@type":"BreadcrumbList","@id":"https:\/\/mysterymakers.dk\/en\/spisesteder-mystery-makers\/#breadcrumb","itemListElement":[{"@type":"ListItem","position":1,"name":"Hjem","item":"https:\/\/mysterymakers.dk\/"},{"@type":"ListItem","position":2,"name":"Spisesteder t\u00e6t p\u00e5 Mystery Makers"}]},{"@type":"WebSite","@id":"https:\/\/mysterymakers.dk\/en\/#website","url":"https:\/\/mysterymakers.dk\/en\/","name":"Mystery Makers","description":"Hours of entertainment with friends and colleagues","potentialAction":[{"@type":"SearchAction","target":{"@type":"EntryPoint","urlTemplate":"https:\/\/mysterymakers.dk\/en\/?s={search_term_string}"},"query-input":{"@type":"PropertyValueSpecification","valueRequired":true,"valueName":"search_term_string"}}],"inLanguage":"en-GB"}]}},"_links":{"self":[{"href":"https:\/\/mysterymakers.dk\/en\/wp-json\/wp\/v2\/pages\/1758","targetHints":{"allow":["GET"]}}],"collection":[{"href":"https:\/\/mysterymakers.dk\/en\/wp-json\/wp\/v2\/pages"}],"about":[{"href":"https:\/\/mysterymakers.dk\/en\/wp-json\/wp\/v2\/types\/page"}],"author":[{"embeddable":true,"href":"https:\/\/mysterymakers.dk\/en\/wp-json\/wp\/v2\/users\/1"}],"replies":[{"embeddable":true,"href":"https:\/\/mysterymakers.dk\/en\/wp-json\/wp\/v2\/comments?post=1758"}],"version-history":[{"count":0,"href":"https:\/\/mysterymakers.dk\/en\/wp-json\/wp\/v2\/pages\/1758\/revisions"}],"wp:attachment":[{"href":"https:\/\/mysterymakers.dk\/en\/wp-json\/wp\/v2\/media?parent=1758"}],"curies":[{"name":"wp","href":"https:\/\/api.w.org\/{rel}","templated":true}]}}