{"id":1465,"date":"2022-08-16T11:13:07","date_gmt":"2022-08-16T11:13:07","guid":{"rendered":"https:\/\/mysterymakers.dk\/?page_id=1465"},"modified":"2024-06-21T12:27:56","modified_gmt":"2024-06-21T12:27:56","slug":"school-trip-mystery-room-the-lab","status":"publish","type":"page","link":"https:\/\/mysterymakers.dk\/en\/skoleudflugt-mystery-room-the-lab\/","title":{"rendered":"School trip Mystery Room The lab"},"content":{"rendered":"<div>\n<p>    <img decoding=\"async\" src=\"\/wp-content\/uploads\/image-1.jpg\" alt=\"\"><\/p>\n<h1>Tag klassen med i Mystery Room <\/h1>\n<div>\n<p><em>\u00bbDu kan l\u00e6re mere om et menneske ved \u00e9n times spil end ved et \u00e5rs samtale.\u00ab<br \/><\/em><strong>\u2013\u00a0Platon<\/strong><\/p>\n<\/div>\n<p><a href=\"#info\">L\u00e6s mere<\/a><\/p>\n<\/div>\n<h2>L\u00e6ring gennem leg<\/h2>\n<div>\n<p><span>Tr\u00e6nger dine elever til en sjov l\u00e6ringsoplevelse, der s\u00e6tter deres samarbejds- og probleml\u00f8sningsevner lidt ekstra p\u00e5 pr\u00f8ve?<\/span><\/p>\n<p><span>The Lab er et spil hvor dine elever ikke har hverken tid eller lyst til at kigge p\u00e5 deres mobiltelefoner. I rummet gemmer der sig nemlig en lang r\u00e6kke kryptiske genstande og komplicerede g\u00e5der. Hvad er dagens mission? At slippe ud af rummet inden 60 minutter er g\u00e5et!\u00a0<\/span><\/p>\n<p><em>&#8220;God klasseaktivitet \u2013<span>\u00a0<\/span><\/em><span><em>Super sp\u00e6ndende oplevelse, der virkelig f\u00e5r gang i t\u00e6nkningen.\u201d<\/em><br \/>\u2013 Nanna, klassel\u00e6rer<\/span><\/p>\n<\/div>\n<p>\n    <a href=\"\/kontakt\/\">Kontakt os for et tilbud<\/a>\n<\/p>\n<ul>\n<li>\n<p>4 \u2013 69 deltagere<\/p>\n<\/li>\n<li>\n<p>Varighed: 90 min. <\/p>\n<\/li>\n<li>\n<p>K\u00f8benhavn K<\/p>\n<\/li>\n<li>\n<p>Sprog: DK &#038; ENG<\/p>\n<\/li>\n<\/ul>\n<h3>Ofte stillede sp\u00f8rgsm\u00e5l<\/h3>\n<ul>\n<li>\n<h3>Hvad koster det?<\/h3>\n<div>\n<p><span>Mystery Makers vil gerne st\u00f8tte op om alle de undervisere, der ser v\u00e6rdien i at skabe l\u00e6ring gennem leg. Derfor kan vi tilbyde nogle rigtig fine priser, hvor alle kan v\u00e6re med.\u00a0<\/span><a href=\"\/kontakt\/\">Kontakt os her<\/a><span>\u00a0for at f\u00e5 et tilbud.<\/span><\/p>\n<\/div>\n<\/li>\n<li>\n<h3>Hvor mange kan vi v\u00e6re?<\/h3>\n<div>\n<p>I kan v\u00e6re op til <strong>36\u00a0deltagere<\/strong> delt op i fire hold af <strong>4-9 deltagere pr. rum<\/strong>.\u00a0<\/p>\n<p>I kan helt v\u00e6re op til <strong>69 deltagere<\/strong> fordelt p\u00e5 flere hold i alle Mystery Room p\u00e5 \u00e9n gang.<\/p>\n<p><strong>Er det ikke for mange deltagere pr. rum?\u00a0<br \/><\/strong>Nej, tv\u00e6rtimod. <span>Mystery Room er\u00a0<\/span><strong>fysisk st\u00f8rre<\/strong><span>\u00a0end typiske escape rooms, og g\u00e5derne er specialdesignet til at\u00a0<\/span><strong>aktivere jer alle sammen<\/strong><span>\u00a0p\u00e5 samme tid.<\/span><\/p>\n<\/div>\n<\/li>\n<li>\n<h3>Hvor l\u00e6nge tager det?<\/h3>\n<div>\n<p>Vi anbefaler, at I s\u00e6tter 1,5 time af til hele oplevelsen:<\/p>\n<ul>\n<li>15 minutter til ankomst og spilintroduktion.<\/li>\n<li>60 minutters spil.<\/li>\n<li>15 minutters debrief med Gamemasteren, der stiller skarpt p\u00e5 jeres superkr\u00e6fter som team.<\/li>\n<\/ul>\n<\/div>\n<\/li>\n<li>\n<h3>Hvad er l\u00e6rerens rolle?<\/h3>\n<div>\n<p><span>Du skal booke oplevelsen og dele din klasse op i mindre grupper alt efter hvad I booker. Derudover skal du bare v\u00e6re den trygge guide, der fragter dem til og fra oplevelsen. Om du vil deltage i oplevelsen, eller v\u00e6re med som observat\u00f8r, er helt op til dig.<\/span><\/p>\n<\/div>\n<\/li>\n<li>\n<h3>Andre gode ting at vide<\/h3>\n<div>\n<ul>\n<li>Ankom venligst <strong>pr\u00e6cist<\/strong> p\u00e5 dit bookede tidspunkt for at undg\u00e5 forsinkelser.<\/li>\n<li>For at passe godt p\u00e5 hinanden beder vi jer om at v\u00e6re <strong>\u00e6dru<\/strong> under hele oplevelsen.\u00a0<\/li>\n<li><strong>Alle kan v\u00e6re med<\/strong>, og vi kan sagtens lade d\u00f8ren v\u00e6re<strong> ul\u00e5st<\/strong>.<\/li>\n<li>Rummene er store og lyse, s\u00e5 <strong>ingen vil f\u00f8le klaustrofobi<\/strong>.<\/li>\n<li>Der er <strong>ingen chokeffekter<\/strong> eller live skuespillere.\u00a0<\/li>\n<li><span style=\"font-size: 16px;\">The Lab er egnet til <strong>k\u00f8restolsbrugere<\/strong>.<\/span><\/li>\n<\/ul>\n<\/div>\n<\/li>\n<\/ul>\n<p>\n    <a href=\"\/kontakt\/\">Kontakt os for et tilbud<\/a>\n<\/p>\n<p><!--more--><br \/>\n<!-- {\"name\":\"Skoleudflugt \",\"type\":\"layout\",\"children\":[{\"name\":\"Hero\",\"type\":\"section\",\"props\":{\"animation_delay\":false,\"header_transparent\":true,\"header_transparent_noplaceholder\":true,\"header_transparent_text_color\":\"light\",\"image_position\":\"center-center\",\"overlap\":false,\"padding\":\"none\",\"style\":\"default\",\"title_breakpoint\":\"xl\",\"title_position\":\"top-left\",\"title_rotation\":\"left\",\"vertical_align\":\"\",\"width\":\"\"},\"children\":[{\"type\":\"row\",\"children\":[{\"type\":\"column\",\"props\":{\"image_position\":\"center-center\",\"position_sticky_breakpoint\":\"m\",\"width_medium\":\"1-1\"},\"children\":[{\"type\":\"slideshow\",\"props\":{\"animation\":\"fade\",\"css\":\".el-element a.el-link.uk-button.uk-button-primary.uk-button-large {\\n    background-color: #00a783;\\n    color: #fcfcfb;\\n}\\n\\na.el-link.uk-button.uk-button-primary.uk-button-large:hover {\\n    background-color: #00745b;\\n    color: #fcfcfb;\\n}\",\"image_width\":\"2560\",\"link_parallax_opacity\":\"0,1,1\",\"link_parallax_y\":\"50,0,0\",\"link_size\":\"large\",\"link_style\":\"primary\",\"link_text\":\"\",\"margin\":\"default\",\"meta_align\":\"above-title\",\"meta_element\":\"div\",\"meta_parallax_opacity\":\"0,1,1\",\"meta_parallax_y\":\"-50,0,0\",\"meta_style\":\"h6\",\"nav\":\"dotnav\",\"nav_align\":\"center\",\"nav_breakpoint\":\"\",\"nav_position\":\"bottom-center\",\"nav_position_margin\":\"medium\",\"overlay_animation\":\"parallax\",\"overlay_container\":\"default\",\"overlay_position\":\"center\",\"overlay_width\":\"2xlarge\",\"show_content\":true,\"show_link\":true,\"show_meta\":true,\"show_thumbnail\":true,\"show_title\":true,\"slidenav\":\"default\",\"slidenav_breakpoint\":\"m\",\"slidenav_hover\":true,\"slidenav_margin\":\"medium\",\"slidenav_outside_breakpoint\":\"xl\",\"slideshow_autoplay\":false,\"slideshow_autoplay_pause\":true,\"slideshow_max_height\":\"600\",\"slideshow_min_height\":\"400\",\"slideshow_velocity\":0.6,\"text_align\":\"center\",\"text_align_fallback\":\"center\",\"text_color\":\"light\",\"thumbnav_height\":\"75\",\"thumbnav_svg_color\":\"emphasis\",\"thumbnav_width\":\"100\",\"title_element\":\"h1\",\"title_parallax_opacity\":\"0,1,1\",\"title_parallax_x\":\"-200,0,200\",\"title_style\":\"heading-small\"},\"children\":[{\"type\":\"slideshow_item\",\"props\":{\"content\":\"\n\n<p><em>\\u00bbDu kan l\\u00e6re mere om et menneske ved \\u00e9n times spil end ved et \\u00e5rs samtale.\\u00ab<br \\\/><\\\/em><strong>\\u2013\\u00a0Platon<\\\/strong><\\\/p>\",\"image\":\"\\\/wp-content\\\/uploads\\\/image-1.jpg\",\"link\":\"#info\",\"link_text\":\"L\\u00e6s mere\",\"media_overlay\":\"rgba(0, 0, 0, 0.68)\",\"meta\":\"\",\"title\":\"Tag klassen med i Mystery Room \"}}]}]}]}]},{\"type\":\"section\",\"props\":{\"id\":\"info\",\"image_position\":\"center-center\",\"padding_remove_bottom\":false,\"padding_remove_top\":false,\"style\":\"default\",\"title_breakpoint\":\"xl\",\"title_position\":\"top-left\",\"title_rotation\":\"left\",\"vertical_align\":\"\",\"width\":\"\"},\"children\":[{\"type\":\"row\",\"props\":{\"column_gap\":\"large\",\"id\":\"om\",\"margin\":\"large\",\"margin_remove_top\":false,\"match\":false,\"row_gap\":\"collapse\",\"width\":\"large\"},\"children\":[{\"type\":\"column\",\"props\":{\"image_position\":\"center-center\",\"position_sticky_breakpoint\":\"m\"},\"children\":[{\"type\":\"headline\",\"props\":{\"content\":\"L\\u00e6ring gennem leg\",\"margin\":\"small\",\"margin_remove_bottom\":false,\"margin_remove_top\":false,\"text_align\":\"center\",\"title_element\":\"h2\"}},{\"type\":\"text\",\"props\":{\"block_align\":\"center\",\"column_breakpoint\":\"m\",\"content\":\"\n\n<p><span>Tr\\u00e6nger dine elever til en sjov l\\u00e6ringsoplevelse, der s\\u00e6tter deres samarbejds- og probleml\\u00f8sningsevner lidt ekstra p\\u00e5 pr\\u00f8ve?<\\\/span><\\\/p>\\n\n\n<p><span>The Lab er et spil hvor dine elever ikke har hverken tid eller lyst til at kigge p\\u00e5 deres mobiltelefoner. I rummet gemmer der sig nemlig en lang r\\u00e6kke kryptiske genstande og komplicerede g\\u00e5der. Hvad er dagens mission? At slippe ud af rummet inden 60 minutter er g\\u00e5et!\\u00a0<\\\/span><\\\/p>\\n\n\n<p><em>\\\"God klasseaktivitet \\u2013<span>\\u00a0<\\\/span><\\\/em><span><em>Super sp\\u00e6ndende oplevelse, der virkelig f\\u00e5r gang i t\\u00e6nkningen.\\u201d<\\\/em><br \\\/>\\u2013 Nanna, klassel\\u00e6rer<\\\/span><\\\/p>\",\"margin\":\"default\",\"margin_remove_top\":false,\"maxwidth\":\"2xlarge\",\"text_align\":\"center\"}},{\"type\":\"button\",\"props\":{\"button_size\":\"large\",\"fullwidth\":false,\"grid_column_gap\":\"small\",\"grid_row_gap\":\"small\",\"margin\":\"default\",\"text_align\":\"center\"},\"children\":[{\"type\":\"button_item\",\"props\":{\"button_style\":\"primary\",\"content\":\"Kontakt os for et tilbud\",\"icon_align\":\"left\",\"lightbox_height\":\"900\",\"lightbox_width\":\"900\",\"link\":\"\\\/kontakt\\\/\",\"link_title\":\"Book nu\"}}]},{\"type\":\"grid\",\"props\":{\"content_column_breakpoint\":\"m\",\"content_margin\":\"remove\",\"css\":\".el-meta{\\n    font-size: 14px;\\n    font-weight: 600;}\",\"filter_align\":\"left\",\"filter_all\":true,\"filter_grid_breakpoint\":\"m\",\"filter_grid_width\":\"auto\",\"filter_position\":\"top\",\"filter_style\":\"tab\",\"grid_column_gap\":\"small\",\"grid_default\":\"2\",\"grid_large\":\"4\",\"grid_medium\":\"\",\"grid_row_gap\":\"small\",\"grid_xlarge\":\"4\",\"icon_color\":\"primary\",\"icon_width\":\"40\",\"id\":\"om-mh\",\"image_align\":\"top\",\"image_grid_breakpoint\":\"\",\"image_grid_column_gap\":\"small\",\"image_grid_width\":\"auto\",\"image_svg_color\":\"emphasis\",\"image_svg_inline\":true,\"item_animation\":true,\"link_style\":\"default\",\"link_text\":\"Read more\",\"margin\":\"default\",\"meta_align\":\"below-title\",\"meta_color\":\"emphasis\",\"meta_element\":\"div\",\"meta_margin\":\"small\",\"meta_style\":\"text-meta\",\"panel_padding\":\"default\",\"panel_style\":\"card-default\",\"parallax_easing\":\"1\",\"show_content\":true,\"show_image\":true,\"show_link\":true,\"show_meta\":true,\"show_title\":true,\"text_align\":\"center\",\"title_align\":\"top\",\"title_element\":\"div\",\"title_grid_breakpoint\":\"m\",\"title_grid_width\":\"small\",\"title_hover_style\":\"reset\",\"title_margin\":\"small\",\"title_style\":\"h3\"},\"children\":[{\"type\":\"grid_item\",\"props\":{\"_condition\":true,\"content\":\"\",\"icon\":\"users\",\"image\":\"\",\"meta\":\"4 \\u2013 69 deltagere\"}},{\"type\":\"grid_item\",\"props\":{\"_condition\":true,\"content\":\"\",\"icon\":\"future\",\"image\":\"\",\"meta\":\"Varighed: 90 min. \"}},{\"type\":\"grid_item\",\"props\":{\"_condition\":true,\"content\":\"\",\"icon\":\"location\",\"image\":\"\",\"meta\":\"K\\u00f8benhavn K\"}},{\"type\":\"grid_item\",\"props\":{\"icon\":\"comment\",\"meta\":\"Sprog: DK & ENG\"}}],\"name\":\"Hunt grid final\"}]}]}],\"name\":\"info\"},{\"type\":\"section\",\"props\":{\"image_position\":\"center-center\",\"padding_remove_top\":false,\"style\":\"muted\",\"title_breakpoint\":\"xl\",\"title_position\":\"top-left\",\"title_rotation\":\"left\",\"vertical_align\":\"\",\"width\":\"default\"},\"children\":[{\"type\":\"row\",\"children\":[{\"type\":\"column\",\"props\":{\"image_position\":\"center-center\",\"position_sticky_breakpoint\":\"m\"},\"children\":[{\"type\":\"headline\",\"props\":{\"content\":\"Ofte stillede sp\\u00f8rgsm\\u00e5l\",\"margin_remove_top\":false,\"title_element\":\"h3\",\"title_style\":\"h3\"}},{\"type\":\"accordion\",\"props\":{\"collapsible\":true,\"content_column_breakpoint\":\"m\",\"image_align\":\"top\",\"image_grid_breakpoint\":\"m\",\"image_grid_width\":\"1-2\",\"image_svg_color\":\"emphasis\",\"link_style\":\"default\",\"link_text\":\"Read more\",\"margin\":\"default\",\"show_image\":true,\"show_link\":true},\"children\":[{\"type\":\"accordion_item\",\"props\":{\"content\":\"\n\n<p><span>Mystery Makers vil gerne st\\u00f8tte op om alle de undervisere, der ser v\\u00e6rdien i at skabe l\\u00e6ring gennem leg. Derfor kan vi tilbyde nogle rigtig fine priser, hvor alle kan v\\u00e6re med.\\u00a0<\\\/span><a href=\\\"\\\/kontakt\\\/\\\">Kontakt os her<\\\/a><span>\\u00a0for at f\\u00e5 et tilbud.<\\\/span><\\\/p>\",\"title\":\"Hvad koster det?\"}},{\"type\":\"accordion_item\",\"props\":{\"content\":\"\n\n<p>I kan v\\u00e6re op til <strong>36\\u00a0deltagere<\\\/strong> delt op i fire hold af <strong>4-9 deltagere pr. rum<\\\/strong>.\\u00a0<\\\/p>\\n\n\n<p>I kan helt v\\u00e6re op til <strong>69 deltagere<\\\/strong> fordelt p\\u00e5 flere hold i alle Mystery Room p\\u00e5 \\u00e9n gang.<\\\/p>\\n\n\n<p><strong>Er det ikke for mange deltagere pr. rum?\\u00a0<br \\\/><\\\/strong>Nej, tv\\u00e6rtimod. <span>Mystery Room er\\u00a0<\\\/span><strong>fysisk st\\u00f8rre<\\\/strong><span>\\u00a0end typiske escape rooms, og g\\u00e5derne er specialdesignet til at\\u00a0<\\\/span><strong>aktivere jer alle sammen<\\\/strong><span>\\u00a0p\\u00e5 samme tid.<\\\/span><\\\/p>\",\"title\":\"Hvor mange kan vi v\\u00e6re?\"}},{\"type\":\"accordion_item\",\"props\":{\"content\":\"\n\n<p>Vi anbefaler, at I s\\u00e6tter 1,5 time af til hele oplevelsen:<\\\/p>\\n\n\n<ul>\\n\n\n<li>15 minutter til ankomst og spilintroduktion.<\\\/li>\\n\n\n<li>60 minutters spil.<\\\/li>\\n\n\n<li>15 minutters debrief med Gamemasteren, der stiller skarpt p\\u00e5 jeres superkr\\u00e6fter som team.<\\\/li>\\n<\\\/ul>\",\"title\":\"Hvor l\\u00e6nge tager det?\"}},{\"type\":\"accordion_item\",\"props\":{\"content\":\"\n\n<p><span>Du skal booke oplevelsen og dele din klasse op i mindre grupper alt efter hvad I booker. Derudover skal du bare v\\u00e6re den trygge guide, der fragter dem til og fra oplevelsen. Om du vil deltage i oplevelsen, eller v\\u00e6re med som observat\\u00f8r, er helt op til dig.<\\\/span><\\\/p>\",\"title\":\"Hvad er l\\u00e6rerens rolle?\"}},{\"type\":\"accordion_item\",\"props\":{\"content\":\"\n\n<ul>\\n\n\n<li>Ankom venligst <strong>pr\\u00e6cist<\\\/strong> p\\u00e5 dit bookede tidspunkt for at undg\\u00e5 forsinkelser.<\\\/li>\\n\n\n<li>For at passe godt p\\u00e5 hinanden beder vi jer om at v\\u00e6re <strong>\\u00e6dru<\\\/strong> under hele oplevelsen.\\u00a0<\\\/li>\\n\n\n<li><strong>Alle kan v\\u00e6re med<\\\/strong>, og vi kan sagtens lade d\\u00f8ren v\\u00e6re<strong> ul\\u00e5st<\\\/strong>.<\\\/li>\\n\n\n<li>Rummene er store og lyse, s\\u00e5 <strong>ingen vil f\\u00f8le klaustrofobi<\\\/strong>.<\\\/li>\\n\n\n<li>Der er <strong>ingen chokeffekter<\\\/strong> eller live skuespillere.\\u00a0<\\\/li>\\n\n\n<li><span style=\\\"font-size: 16px;\\\">The Lab er egnet til <strong>k\\u00f8restolsbrugere<\\\/strong>.<\\\/span><\\\/li>\\n<\\\/ul>\",\"title\":\"Andre gode ting at vide\"}}],\"name\":\"room ofte stillede\"}]}]}]},{\"type\":\"section\",\"props\":{\"image_position\":\"center-center\",\"style\":\"default\",\"title_breakpoint\":\"xl\",\"title_position\":\"top-left\",\"title_rotation\":\"left\",\"vertical_align\":\"\",\"width\":\"default\"},\"children\":[{\"type\":\"row\",\"children\":[{\"type\":\"column\",\"props\":{\"image_position\":\"center-center\",\"position_sticky_breakpoint\":\"m\"},\"children\":[{\"type\":\"button\",\"props\":{\"button_size\":\"large\",\"fullwidth\":false,\"grid_column_gap\":\"small\",\"grid_row_gap\":\"small\",\"margin\":\"default\",\"text_align\":\"center\"},\"children\":[{\"type\":\"button_item\",\"props\":{\"button_style\":\"primary\",\"content\":\"Kontakt os for et tilbud\",\"icon_align\":\"left\",\"lightbox_height\":\"900\",\"lightbox_width\":\"900\",\"link\":\"\\\/kontakt\\\/\",\"link_title\":\"Book nu\"}}]}]}]}]}],\"version\":\"4.4.4\"} --><\/p>\n","protected":false},"excerpt":{"rendered":"<p>Tag klassen med i Mystery Room \u00bbDu kan l\u00e6re mere om et menneske ved \u00e9n times spil end ved et \u00e5rs samtale.\u00ab\u2013\u00a0Platon L\u00e6s mere L\u00e6ring gennem leg Tr\u00e6nger dine elever til en sjov l\u00e6ringsoplevelse, der s\u00e6tter deres samarbejds- og probleml\u00f8sningsevner lidt ekstra p\u00e5 pr\u00f8ve? The Lab er et spil hvor dine elever ikke har hverken [&hellip;]<\/p>\n","protected":false},"author":1,"featured_media":0,"parent":0,"menu_order":0,"comment_status":"closed","ping_status":"closed","template":"","meta":{"_acf_changed":false,"footnotes":""},"class_list":["post-1465","page","type-page","status-publish","hentry"],"acf":[],"_wp_attached_file":null,"_wp_attachment_metadata":null,"_wp_attachment_image_alt":null,"_menu_item_type":null,"_menu_item_menu_item_parent":null,"_menu_item_object_id":null,"_menu_item_object":null,"_menu_item_target":null,"_menu_item_classes":null,"_menu_item_xfn":null,"_menu_item_url":null,"_sc_disable_sc":null,"_sc_disable_admin":null,"_sc_editor":null,"_sc_allowed_devices":null,"wpml_media_processed":null,"_wp_page_template":null,"_wpcode_auto_insert":null,"_wpcode_auto_insert_number":null,"_wpcode_library_id":null,"_wpcode_conditional_logic_enabled":null,"_wpcode_priority":null,"_wpcode_note":null,"_wpcode_conditional_logic":null,"_yoast_wpseo_meta-robots-noindex":null,"_sc_description":null,"_yoast_wpseo_primary_category":null,"_oembed_0cc52318f6774d9ee312b83fd2dce3c1":null,"_oembed_time_0cc52318f6774d9ee312b83fd2dce3c1":null,"_wp_attachment_backup_sizes":null,"wp-smush-lossy":null,"wp-smpro-smush-data":null,"wp-smush-pngjpg_savings":null,"wp-smush-ignore-bulk":null,"_pum_built_in":null,"_pum_default_theme":null,"popup_theme_data_version":null,"popup_theme_settings":null,"popup_title":null,"enabled":null,"popup_settings":null,"data_version":null,"popup_open_count":null,"popup_conversion_count":null,"_aoc_tab":null,"_aoc_popup_goal":null,"_aoc_display_type":null,"_aoc_popup_appear":null,"_aoc_behaviour":null,"_aoc_content":null,"_aoc_design":null,"_aoc_advance":null,"_aoc_custom_css":null,"wpforms_form_locations":null,"popup_open_count_total":null,"popup_last_opened":null,"_pum_user_modified":null,"popup_theme_overlay":null,"popup_theme_container":null,"popup_theme_title":null,"popup_theme_content":null,"popup_theme_close":null,"_yoast_wpseo_meta-robots-nofollow":null,"_top_nav_excluded":null,"_cms_nav_minihome":null,"_wp_desired_post_slug":null,"wp-smush-transparent":null,"_thumbnail_id":null,"_yoast_wpseo_opengraph-image":null,"_yoast_wpseo_opengraph-image-id":null,"_trp_translated_slug_en_gb":null,"_emr_replace_author":null,"popup_data":null,"popup_type":null,"popup_goal":null,"popup_goal_action":null,"popup_placement":null,"popup_devices":null,"popup_views":null,"popup_conversion":null,"_pingme":null,"_encloseme":null,"_edit_lock":"1718972705:2","_edit_last":"2","_wp_old_slug":null,"_wp_old_date":null,"_wpml_word_count":"{\"total\":447,\"to_translate\":{\"en\":447}}","_wpml_media_featured":"1","_wpml_media_duplicate":"1","_last_translation_edit_mode":null,"_yoast_wpseo_title":"Skoleudflugt Mystery Room The Lab - Mystery Makers","_yoast_wpseo_metadesc":"Har du lyst til at give eleverne en l\u00e6rrig og underholdende oplevelse? S\u00e5 er vores Mystery Room-spil eller Mystery-hunt lige noget for jer!","_yoast_wpseo_content_score":null,"_yoast_wpseo_estimated-reading-time-minutes":"0","_yoast_wpseo_wordproof_timestamp":"","_pinterest_shares":null,"_total_shares":null,"swp_cache_timestamp":null,"_trp_automatically_translated_slug_en_gb":null,"overskrift":null,"_overskrift":null,"tekst":null,"_tekst":null,"brodtekst":null,"_brodtekst":null,"h1_overskrift":null,"_h1_overskrift":null,"hero-tekst":null,"_hero-tekst":null,"brodtekst_2":null,"_brodtekst_2":null,"yoast_head":"<!-- This site is optimized with the Yoast SEO plugin v27.3 - https:\/\/yoast.com\/product\/yoast-seo-wordpress\/ -->\n<title>Skoleudflugt Mystery Room The Lab - Mystery Makers<\/title>\n<meta name=\"description\" content=\"Har du lyst til at give eleverne en l\u00e6rrig og underholdende oplevelse? S\u00e5 er vores Mystery Room-spil eller Mystery-hunt lige noget for jer!\" \/>\n<meta name=\"robots\" content=\"index, follow, max-snippet:-1, max-image-preview:large, max-video-preview:-1\" \/>\n<link rel=\"canonical\" href=\"https:\/\/mysterymakers.dk\/en\/school-trip-mystery-room-the-lab\/\" \/>\n<meta property=\"og:locale\" content=\"en_GB\" \/>\n<meta property=\"og:type\" content=\"article\" \/>\n<meta property=\"og:title\" content=\"Skoleudflugt Mystery Room The Lab - Mystery Makers\" \/>\n<meta property=\"og:description\" content=\"Har du lyst til at give eleverne en l\u00e6rrig og underholdende oplevelse? S\u00e5 er vores Mystery Room-spil eller Mystery-hunt lige noget for jer!\" \/>\n<meta property=\"og:url\" content=\"https:\/\/mysterymakers.dk\/en\/school-trip-mystery-room-the-lab\/\" \/>\n<meta property=\"og:site_name\" content=\"Mystery Makers\" \/>\n<meta property=\"article:modified_time\" content=\"2024-06-21T12:27:56+00:00\" \/>\n<meta property=\"og:image\" content=\"https:\/\/mysterymakers.dk\/wp-content\/uploads\/Mystery-Hunt-Christiansborg-01-1.jpg\" \/>\n\t<meta property=\"og:image:width\" content=\"1911\" \/>\n\t<meta property=\"og:image:height\" content=\"1078\" \/>\n\t<meta property=\"og:image:type\" content=\"image\/jpeg\" \/>\n<meta name=\"twitter:card\" content=\"summary_large_image\" \/>\n<script type=\"application\/ld+json\" class=\"yoast-schema-graph\">{\"@context\":\"https:\\\/\\\/schema.org\",\"@graph\":[{\"@type\":\"WebPage\",\"@id\":\"https:\\\/\\\/mysterymakers.dk\\\/en\\\/skoleudflugt-mystery-room-the-lab\\\/\",\"url\":\"https:\\\/\\\/mysterymakers.dk\\\/en\\\/skoleudflugt-mystery-room-the-lab\\\/\",\"name\":\"Skoleudflugt Mystery Room The Lab - Mystery Makers\",\"isPartOf\":{\"@id\":\"https:\\\/\\\/mysterymakers.dk\\\/en\\\/#website\"},\"datePublished\":\"2022-08-16T11:13:07+00:00\",\"dateModified\":\"2024-06-21T12:27:56+00:00\",\"description\":\"Har du lyst til at give eleverne en l\u00e6rrig og underholdende oplevelse? S\u00e5 er vores Mystery Room-spil eller Mystery-hunt lige noget for jer!\",\"breadcrumb\":{\"@id\":\"https:\\\/\\\/mysterymakers.dk\\\/en\\\/skoleudflugt-mystery-room-the-lab\\\/#breadcrumb\"},\"inLanguage\":\"en-GB\",\"potentialAction\":[{\"@type\":\"ReadAction\",\"target\":[\"https:\\\/\\\/mysterymakers.dk\\\/en\\\/skoleudflugt-mystery-room-the-lab\\\/\"]}]},{\"@type\":\"BreadcrumbList\",\"@id\":\"https:\\\/\\\/mysterymakers.dk\\\/en\\\/skoleudflugt-mystery-room-the-lab\\\/#breadcrumb\",\"itemListElement\":[{\"@type\":\"ListItem\",\"position\":1,\"name\":\"Hjem\",\"item\":\"https:\\\/\\\/mysterymakers.dk\\\/\"},{\"@type\":\"ListItem\",\"position\":2,\"name\":\"Skoleudflugt Mystery Room The lab\"}]},{\"@type\":\"WebSite\",\"@id\":\"https:\\\/\\\/mysterymakers.dk\\\/en\\\/#website\",\"url\":\"https:\\\/\\\/mysterymakers.dk\\\/en\\\/\",\"name\":\"Mystery Makers\",\"description\":\"Mange timers underholdning med venner og kollegaer\",\"potentialAction\":[{\"@type\":\"SearchAction\",\"target\":{\"@type\":\"EntryPoint\",\"urlTemplate\":\"https:\\\/\\\/mysterymakers.dk\\\/en\\\/?s={search_term_string}\"},\"query-input\":{\"@type\":\"PropertyValueSpecification\",\"valueRequired\":true,\"valueName\":\"search_term_string\"}}],\"inLanguage\":\"en-GB\"}]}<\/script>\n<!-- \/ Yoast SEO plugin. -->","yoast_head_json":{"title":"School trip Mystery Room The Lab - Mystery Makers","description":"Want to give your students an educational and entertaining experience? Then our Mystery Room game or Mystery Hunt is for you!","robots":{"index":"index","follow":"follow","max-snippet":"max-snippet:-1","max-image-preview":"max-image-preview:large","max-video-preview":"max-video-preview:-1"},"canonical":"https:\/\/mysterymakers.dk\/en\/school-trip-mystery-room-the-lab\/","og_locale":"en_GB","og_type":"article","og_title":"Skoleudflugt Mystery Room The Lab - Mystery Makers","og_description":"Har du lyst til at give eleverne en l\u00e6rrig og underholdende oplevelse? S\u00e5 er vores Mystery Room-spil eller Mystery-hunt lige noget for jer!","og_url":"https:\/\/mysterymakers.dk\/en\/school-trip-mystery-room-the-lab\/","og_site_name":"Mystery Makers","article_modified_time":"2024-06-21T12:27:56+00:00","og_image":[{"width":1911,"height":1078,"url":"https:\/\/mysterymakers.dk\/wp-content\/uploads\/Mystery-Hunt-Christiansborg-01-1.jpg","type":"image\/jpeg"}],"twitter_card":"summary_large_image","schema":{"@context":"https:\/\/schema.org","@graph":[{"@type":"WebPage","@id":"https:\/\/mysterymakers.dk\/en\/skoleudflugt-mystery-room-the-lab\/","url":"https:\/\/mysterymakers.dk\/en\/skoleudflugt-mystery-room-the-lab\/","name":"School trip Mystery Room The Lab - Mystery Makers","isPartOf":{"@id":"https:\/\/mysterymakers.dk\/en\/#website"},"datePublished":"2022-08-16T11:13:07+00:00","dateModified":"2024-06-21T12:27:56+00:00","description":"Want to give your students an educational and entertaining experience? Then our Mystery Room game or Mystery Hunt is for you!","breadcrumb":{"@id":"https:\/\/mysterymakers.dk\/en\/skoleudflugt-mystery-room-the-lab\/#breadcrumb"},"inLanguage":"en-GB","potentialAction":[{"@type":"ReadAction","target":["https:\/\/mysterymakers.dk\/en\/skoleudflugt-mystery-room-the-lab\/"]}]},{"@type":"BreadcrumbList","@id":"https:\/\/mysterymakers.dk\/en\/skoleudflugt-mystery-room-the-lab\/#breadcrumb","itemListElement":[{"@type":"ListItem","position":1,"name":"Hjem","item":"https:\/\/mysterymakers.dk\/"},{"@type":"ListItem","position":2,"name":"Skoleudflugt Mystery Room The lab"}]},{"@type":"WebSite","@id":"https:\/\/mysterymakers.dk\/en\/#website","url":"https:\/\/mysterymakers.dk\/en\/","name":"Mystery Makers","description":"Hours of entertainment with friends and colleagues","potentialAction":[{"@type":"SearchAction","target":{"@type":"EntryPoint","urlTemplate":"https:\/\/mysterymakers.dk\/en\/?s={search_term_string}"},"query-input":{"@type":"PropertyValueSpecification","valueRequired":true,"valueName":"search_term_string"}}],"inLanguage":"en-GB"}]}},"_links":{"self":[{"href":"https:\/\/mysterymakers.dk\/en\/wp-json\/wp\/v2\/pages\/1465","targetHints":{"allow":["GET"]}}],"collection":[{"href":"https:\/\/mysterymakers.dk\/en\/wp-json\/wp\/v2\/pages"}],"about":[{"href":"https:\/\/mysterymakers.dk\/en\/wp-json\/wp\/v2\/types\/page"}],"author":[{"embeddable":true,"href":"https:\/\/mysterymakers.dk\/en\/wp-json\/wp\/v2\/users\/1"}],"replies":[{"embeddable":true,"href":"https:\/\/mysterymakers.dk\/en\/wp-json\/wp\/v2\/comments?post=1465"}],"version-history":[{"count":0,"href":"https:\/\/mysterymakers.dk\/en\/wp-json\/wp\/v2\/pages\/1465\/revisions"}],"wp:attachment":[{"href":"https:\/\/mysterymakers.dk\/en\/wp-json\/wp\/v2\/media?parent=1465"}],"curies":[{"name":"wp","href":"https:\/\/api.w.org\/{rel}","templated":true}]}}