{"id":1439,"date":"2022-08-16T10:47:45","date_gmt":"2022-08-16T10:47:45","guid":{"rendered":"https:\/\/mysterymakers.dk\/?page_id=1439"},"modified":"2025-04-25T12:17:38","modified_gmt":"2025-04-25T12:17:38","slug":"jobs","status":"publish","type":"page","link":"https:\/\/mysterymakers.dk\/en\/jobs\/","title":{"rendered":"Jobs"},"content":{"rendered":"<div>\n<p>    <img decoding=\"async\" src=\"\/wp-content\/uploads\/black-map.jpg\" alt=\"\"><\/p>\n<h1>Vil du arbejde hos Mystery Makers?<\/h1>\n<\/div>\n<div>\n<p><span>Hos Mystery Makers skaber vi kulturoplevelser, man bliver klogere af. Vi har siden 2010 lavet prisvindende oplevelser i hjertet af K\u00f8benhavn og p\u00e5 de st\u00f8rste museer i Danmark og Wien.<\/span><span><br \/><\/span><span><br \/><\/span><span>Hos Mystery Makers bliver du en\u00a0<\/span><span>del af en flok af kreative og ambiti\u00f8se iv\u00e6rks\u00e6ttere, der tr\u00e6kker p\u00e5 hinandens ressourcer for at give vores g\u00e6ster nye og anderledes oplevelser. Vi samarbejder hver dag p\u00e5 tv\u00e6rs af virksomheden, hvilket giver en kreativ og dynamisk hverdag uanset, hvilken afdeling man arbejder i.<\/span><span><br \/><\/span><span><br \/><\/span><span>\u00d8nsker du at komme i betragtning til en af vores stillinger, er det f\u00f8rste skridt at sende din ans\u00f8gning til os.<br \/><\/span><\/p>\n<p><strong>Hvis der er opsl\u00e5ede stillinger vil du kunne finde dem nederst p\u00e5 denne side.<\/strong><\/p>\n<\/div>\n<div>\n<p>    <iframe loading=\"lazy\" width=\"100%\" height=\"315\" src=\"https:\/\/www.youtube.com\/embed\/d2KNsLrjKLc\" title=\"YouTube video player\" frameborder=\"0\" allow=\"accelerometer; autoplay; clipboard-write; encrypted-media; gyroscope; picture-in-picture\" allowfullscreen><\/iframe>\n<\/div>\n<h2>VORES OPSL\u00c5EDE STILLINGER<\/h2>\n<div>Vi s\u00f8ger l\u00f8bende medarbejdere og \u00f8nsker du at blive en del af vores team, kan du finde vores opsl\u00e5ede stillinger nedenfor:..<\/div>\n<div>\n<\/div>\n<div>\u00d8nsker du at l\u00e6gge en ans\u00f8gning, s\u00e5 g\u00f8res det med skemaet til h\u00f8jre p\u00e5 denne side.<\/div>\n<div>\n<p>    <script src=\"https:\/\/static.airtable.com\/js\/embed\/embed_snippet_v1.js\"><\/script><iframe loading=\"lazy\" class=\"airtable-embed airtable-dynamic-height\" src=\"https:\/\/airtable.com\/embed\/shrBZ1pzVl9MhKpWQ?backgroundColor=white\" frameborder=\"0\" onmousewheel=\"\" width=\"100%\" height=\"1688\" style=\"background: transparent; border: 1px solid #ccc;\"><\/iframe>\n<\/div>\n<p><!--more--><br \/>\n<!-- {\"type\":\"layout\",\"children\":[{\"name\":\"Top - map bg\",\"type\":\"section\",\"props\":{\"animation_delay\":false,\"header_transparent\":true,\"header_transparent_noplaceholder\":true,\"header_transparent_text_color\":\"light\",\"image_position\":\"center-center\",\"overlap\":false,\"padding\":\"none\",\"style\":\"default\",\"title_breakpoint\":\"xl\",\"title_position\":\"top-left\",\"title_rotation\":\"left\",\"vertical_align\":\"\",\"width\":\"\"},\"children\":[{\"type\":\"row\",\"children\":[{\"type\":\"column\",\"props\":{\"image_position\":\"center-center\",\"position_sticky_breakpoint\":\"m\",\"width_medium\":\"1-1\"},\"children\":[{\"type\":\"slideshow\",\"props\":{\"animation\":\"fade\",\"css\":\"@media screen and (max-width: 500px) {\\n    .el-title{font-size:18px;}   \\n    \\n}\",\"image_width\":\"2560\",\"link_parallax_opacity\":\"0,1,1\",\"link_parallax_y\":\"50,0,0\",\"link_size\":\"large\",\"link_style\":\"danger\",\"link_text\":\"\",\"margin\":\"default\",\"meta_align\":\"below-title\",\"meta_element\":\"div\",\"meta_parallax_opacity\":\"0,1,1\",\"meta_parallax_y\":\"-50,0,0\",\"meta_style\":\"h6\",\"nav\":\"dotnav\",\"nav_align\":\"center\",\"nav_breakpoint\":\"\",\"nav_position\":\"bottom-center\",\"nav_position_margin\":\"medium\",\"overlay_animation\":\"parallax\",\"overlay_container\":\"default\",\"overlay_position\":\"center\",\"overlay_width\":\"xlarge\",\"show_content\":true,\"show_link\":true,\"show_meta\":true,\"show_thumbnail\":true,\"show_title\":true,\"slidenav\":\"default\",\"slidenav_breakpoint\":\"m\",\"slidenav_hover\":true,\"slidenav_margin\":\"medium\",\"slidenav_outside_breakpoint\":\"xl\",\"slideshow_autoplay\":false,\"slideshow_autoplay_pause\":true,\"slideshow_kenburns\":\"alternate\",\"slideshow_max_height\":\"300\",\"slideshow_min_height\":\"250\",\"slideshow_ratio\":\"16:7\",\"slideshow_velocity\":0.6,\"text_align\":\"center\",\"text_align_fallback\":\"center\",\"text_color\":\"light\",\"thumbnav_height\":\"75\",\"thumbnav_svg_color\":\"emphasis\",\"thumbnav_width\":\"100\",\"title_element\":\"h1\",\"title_hover_style\":\"reset\",\"title_parallax_opacity\":\"0,1,1\",\"title_parallax_x\":\"-200,0,200\"},\"children\":[{\"type\":\"slideshow_item\",\"props\":{\"content\":\"\",\"image\":\"wp-content\\\/uploads\\\/black-map.jpg\",\"media_overlay\":\"rgba(0, 0, 0, 0.5)\",\"meta\":\"\",\"thumbnail\":\"\",\"title\":\"Vil du arbejde hos Mystery Makers?\"}}]}]}]}]},{\"type\":\"section\",\"props\":{\"image_position\":\"center-center\",\"style\":\"default\",\"title_breakpoint\":\"xl\",\"title_position\":\"top-left\",\"title_rotation\":\"left\",\"vertical_align\":\"\",\"width\":\"default\"},\"children\":[{\"type\":\"row\",\"props\":{\"layout\":\"1-2,1-2\"},\"children\":[{\"type\":\"column\",\"props\":{\"image_position\":\"center-center\",\"position_sticky_breakpoint\":\"m\",\"width_medium\":\"1-2\"},\"children\":[{\"type\":\"text\",\"props\":{\"column_breakpoint\":\"m\",\"content\":\"\n\n<p><span>Hos Mystery Makers skaber vi kulturoplevelser, man bliver klogere af. Vi har siden 2010 lavet prisvindende oplevelser i hjertet af K\\u00f8benhavn og p\\u00e5 de st\\u00f8rste museer i Danmark og Wien.<\\\/span><span><br \\\/><\\\/span><span><br \\\/><\\\/span><span>Hos Mystery Makers bliver du en\\u00a0<\\\/span><span>del af en flok af kreative og ambiti\\u00f8se iv\\u00e6rks\\u00e6ttere, der tr\\u00e6kker p\\u00e5 hinandens ressourcer for at give vores g\\u00e6ster nye og anderledes oplevelser. Vi samarbejder hver dag p\\u00e5 tv\\u00e6rs af virksomheden, hvilket giver en kreativ og dynamisk hverdag uanset, hvilken afdeling man arbejder i.<\\\/span><span><br \\\/><\\\/span><span><br \\\/><\\\/span><span>\\u00d8nsker du at komme i betragtning til en af vores stillinger, er det f\\u00f8rste skridt at sende din ans\\u00f8gning til os.<br \\\/><\\\/span><\\\/p>\\n\n\n<p><strong>Hvis der er opsl\\u00e5ede stillinger vil du kunne finde dem nederst p\\u00e5 denne side.<\\\/strong><\\\/p>\",\"margin\":\"default\"}},{\"type\":\"html\",\"props\":{\"content\":\"<iframe width=\\\"100%\\\" height=\\\"315\\\" src=\\\"https:\\\/\\\/www.youtube.com\\\/embed\\\/d2KNsLrjKLc\\\" title=\\\"YouTube video player\\\" frameborder=\\\"0\\\" allow=\\\"accelerometer; autoplay; clipboard-write; encrypted-media; gyroscope; picture-in-picture\\\" allowfullscreen><\\\/iframe>\"}},{\"type\":\"headline\",\"props\":{\"content\":\"VORES OPSL\\u00c5EDE STILLINGER\",\"title_element\":\"h2\"}},{\"type\":\"text\",\"props\":{\"column_breakpoint\":\"m\",\"content\":\"Vi s\\u00f8ger l\\u00f8bende medarbejdere og \\u00f8nsker du at blive en del af vores team, kan du finde vores opsl\\u00e5ede stillinger nedenfor:..\",\"margin\":\"default\"}},{\"type\":\"list\",\"props\":{\"column_breakpoint\":\"m\",\"image_align\":\"left\",\"image_svg_color\":\"emphasis\",\"image_vertical_align\":true,\"list_element\":\"ul\",\"list_horizontal_separator\":\", \",\"list_type\":\"vertical\",\"show_image\":true,\"show_link\":true},\"children\":[{\"type\":\"list_item\",\"props\":{\"icon\":\"arrow-right\",\"icon_color\":\"primary\"},\"source\":{\"query\":{\"name\":\"posts.customPosts\",\"arguments\":{\"terms\":[25],\"category_operator\":\"IN\",\"post_tag_operator\":\"IN\",\"users\":[],\"users_operator\":\"IN\",\"offset\":0,\"limit\":10,\"order\":\"date\",\"order_direction\":\"DESC\"}},\"props\":{\"content\":{\"filters\":{\"search\":\"\"},\"name\":\"title\"},\"link\":{\"filters\":{\"search\":\"\"},\"name\":\"link\"}}}}]},{\"type\":\"text\",\"props\":{\"column_breakpoint\":\"m\",\"content\":\"\\u00d8nsker du at l\\u00e6gge en ans\\u00f8gning, s\\u00e5 g\\u00f8res det med skemaet til h\\u00f8jre p\\u00e5 denne side.\",\"margin\":\"default\"}}]},{\"type\":\"column\",\"props\":{\"image_position\":\"center-center\",\"position_sticky_breakpoint\":\"m\",\"width_medium\":\"1-2\"},\"children\":[{\"type\":\"html\",\"props\":{\"content\":\"<script src=\\\"https:\\\/\\\/static.airtable.com\\\/js\\\/embed\\\/embed_snippet_v1.js\\\"><\\\/script><iframe class=\\\"airtable-embed airtable-dynamic-height\\\" src=\\\"https:\\\/\\\/airtable.com\\\/embed\\\/shrBZ1pzVl9MhKpWQ?backgroundColor=white\\\" frameborder=\\\"0\\\" onmousewheel=\\\"\\\" width=\\\"100%\\\" height=\\\"1688\\\" style=\\\"background: transparent; border: 1px solid #ccc;\\\"><\\\/iframe>\"}}]}]}]}],\"version\":\"4.5.15\"} --><\/p>\n","protected":false},"excerpt":{"rendered":"<p>Vil du arbejde hos Mystery Makers? Hos Mystery Makers skaber vi kulturoplevelser, man bliver klogere af. Vi har siden 2010 lavet prisvindende oplevelser i hjertet af K\u00f8benhavn og p\u00e5 de st\u00f8rste museer i Danmark og Wien.Hos Mystery Makers bliver du en\u00a0del af en flok af kreative og ambiti\u00f8se iv\u00e6rks\u00e6ttere, der tr\u00e6kker p\u00e5 hinandens ressourcer for [&hellip;]<\/p>\n","protected":false},"author":1,"featured_media":0,"parent":0,"menu_order":0,"comment_status":"closed","ping_status":"closed","template":"","meta":{"_acf_changed":false,"footnotes":""},"class_list":["post-1439","page","type-page","status-publish","hentry"],"acf":[],"_wp_attached_file":null,"_wp_attachment_metadata":null,"_wp_attachment_image_alt":null,"_menu_item_type":null,"_menu_item_menu_item_parent":null,"_menu_item_object_id":null,"_menu_item_object":null,"_menu_item_target":null,"_menu_item_classes":null,"_menu_item_xfn":null,"_menu_item_url":null,"_sc_disable_sc":null,"_sc_disable_admin":null,"_sc_editor":null,"_sc_allowed_devices":null,"wpml_media_processed":null,"_wp_page_template":null,"_wpcode_auto_insert":null,"_wpcode_auto_insert_number":null,"_wpcode_library_id":null,"_wpcode_conditional_logic_enabled":null,"_wpcode_priority":null,"_wpcode_note":null,"_wpcode_conditional_logic":null,"_yoast_wpseo_meta-robots-noindex":null,"_sc_description":null,"_yoast_wpseo_primary_category":null,"_oembed_0cc52318f6774d9ee312b83fd2dce3c1":null,"_oembed_time_0cc52318f6774d9ee312b83fd2dce3c1":null,"_wp_attachment_backup_sizes":null,"wp-smush-lossy":null,"wp-smpro-smush-data":null,"wp-smush-pngjpg_savings":null,"wp-smush-ignore-bulk":null,"_pum_built_in":null,"_pum_default_theme":null,"popup_theme_data_version":null,"popup_theme_settings":null,"popup_title":null,"enabled":null,"popup_settings":null,"data_version":null,"popup_open_count":null,"popup_conversion_count":null,"_aoc_tab":null,"_aoc_popup_goal":null,"_aoc_display_type":null,"_aoc_popup_appear":null,"_aoc_behaviour":null,"_aoc_content":null,"_aoc_design":null,"_aoc_advance":null,"_aoc_custom_css":null,"wpforms_form_locations":null,"popup_open_count_total":null,"popup_last_opened":null,"_pum_user_modified":null,"popup_theme_overlay":null,"popup_theme_container":null,"popup_theme_title":null,"popup_theme_content":null,"popup_theme_close":null,"_yoast_wpseo_meta-robots-nofollow":null,"_top_nav_excluded":null,"_cms_nav_minihome":null,"_wp_desired_post_slug":null,"wp-smush-transparent":null,"_thumbnail_id":null,"_yoast_wpseo_opengraph-image":null,"_yoast_wpseo_opengraph-image-id":null,"_trp_translated_slug_en_gb":null,"_emr_replace_author":null,"popup_data":null,"popup_type":null,"popup_goal":null,"popup_goal_action":null,"popup_placement":null,"popup_devices":null,"popup_views":null,"popup_conversion":null,"_pingme":null,"_encloseme":null,"_edit_lock":"1770885439:12","_edit_last":"12","_wp_old_slug":null,"_wp_old_date":null,"_wpml_word_count":"{\"total\":198,\"to_translate\":{\"en\":198}}","_wpml_media_featured":"1","_wpml_media_duplicate":"1","_last_translation_edit_mode":null,"_yoast_wpseo_title":"Jobs hos Mystery Makers","_yoast_wpseo_metadesc":"\u00d8nsker du et job i oplevelsesindustrien, og vil du v\u00e6re en del af et ungt dynamisk team. S\u00e5 send en ans\u00f8gning til Mystery Makers.","_yoast_wpseo_content_score":null,"_yoast_wpseo_estimated-reading-time-minutes":"0","_yoast_wpseo_wordproof_timestamp":"","_pinterest_shares":null,"_total_shares":null,"swp_cache_timestamp":null,"_trp_automatically_translated_slug_en_gb":null,"overskrift":null,"_overskrift":null,"tekst":null,"_tekst":null,"brodtekst":null,"_brodtekst":null,"h1_overskrift":null,"_h1_overskrift":null,"hero-tekst":null,"_hero-tekst":null,"brodtekst_2":null,"_brodtekst_2":null,"yoast_head":"<!-- This site is optimized with the Yoast SEO plugin v27.3 - https:\/\/yoast.com\/product\/yoast-seo-wordpress\/ -->\n<title>Jobs hos Mystery Makers<\/title>\n<meta name=\"description\" content=\"\u00d8nsker du et job i oplevelsesindustrien, og vil du v\u00e6re en del af et ungt dynamisk team. S\u00e5 send en ans\u00f8gning til Mystery Makers.\" \/>\n<meta name=\"robots\" content=\"index, follow, max-snippet:-1, max-image-preview:large, max-video-preview:-1\" \/>\n<link rel=\"canonical\" href=\"https:\/\/mysterymakers.dk\/en\/jobs\/\" \/>\n<meta property=\"og:locale\" content=\"en_GB\" \/>\n<meta property=\"og:type\" content=\"article\" \/>\n<meta property=\"og:title\" content=\"Jobs hos Mystery Makers\" \/>\n<meta property=\"og:description\" content=\"\u00d8nsker du et job i oplevelsesindustrien, og vil du v\u00e6re en del af et ungt dynamisk team. S\u00e5 send en ans\u00f8gning til Mystery Makers.\" \/>\n<meta property=\"og:url\" content=\"https:\/\/mysterymakers.dk\/en\/jobs\/\" \/>\n<meta property=\"og:site_name\" content=\"Mystery Makers\" \/>\n<meta property=\"article:modified_time\" content=\"2025-04-25T12:17:38+00:00\" \/>\n<meta property=\"og:image\" content=\"https:\/\/mysterymakers.dk\/wp-content\/uploads\/Mystery-Hunt-Christiansborg-01-1.jpg\" \/>\n\t<meta property=\"og:image:width\" content=\"1911\" \/>\n\t<meta property=\"og:image:height\" content=\"1078\" \/>\n\t<meta property=\"og:image:type\" content=\"image\/jpeg\" \/>\n<meta name=\"twitter:card\" content=\"summary_large_image\" \/>\n<script type=\"application\/ld+json\" class=\"yoast-schema-graph\">{\"@context\":\"https:\\\/\\\/schema.org\",\"@graph\":[{\"@type\":\"WebPage\",\"@id\":\"https:\\\/\\\/mysterymakers.dk\\\/en\\\/jobs\\\/\",\"url\":\"https:\\\/\\\/mysterymakers.dk\\\/en\\\/jobs\\\/\",\"name\":\"Jobs hos Mystery Makers\",\"isPartOf\":{\"@id\":\"https:\\\/\\\/mysterymakers.dk\\\/en\\\/#website\"},\"datePublished\":\"2022-08-16T10:47:45+00:00\",\"dateModified\":\"2025-04-25T12:17:38+00:00\",\"description\":\"\u00d8nsker du et job i oplevelsesindustrien, og vil du v\u00e6re en del af et ungt dynamisk team. S\u00e5 send en ans\u00f8gning til Mystery Makers.\",\"breadcrumb\":{\"@id\":\"https:\\\/\\\/mysterymakers.dk\\\/en\\\/jobs\\\/#breadcrumb\"},\"inLanguage\":\"en-GB\",\"potentialAction\":[{\"@type\":\"ReadAction\",\"target\":[\"https:\\\/\\\/mysterymakers.dk\\\/en\\\/jobs\\\/\"]}]},{\"@type\":\"BreadcrumbList\",\"@id\":\"https:\\\/\\\/mysterymakers.dk\\\/en\\\/jobs\\\/#breadcrumb\",\"itemListElement\":[{\"@type\":\"ListItem\",\"position\":1,\"name\":\"Hjem\",\"item\":\"https:\\\/\\\/mysterymakers.dk\\\/\"},{\"@type\":\"ListItem\",\"position\":2,\"name\":\"Jobs\"}]},{\"@type\":\"WebSite\",\"@id\":\"https:\\\/\\\/mysterymakers.dk\\\/en\\\/#website\",\"url\":\"https:\\\/\\\/mysterymakers.dk\\\/en\\\/\",\"name\":\"Mystery Makers\",\"description\":\"Mange timers underholdning med venner og kollegaer\",\"potentialAction\":[{\"@type\":\"SearchAction\",\"target\":{\"@type\":\"EntryPoint\",\"urlTemplate\":\"https:\\\/\\\/mysterymakers.dk\\\/en\\\/?s={search_term_string}\"},\"query-input\":{\"@type\":\"PropertyValueSpecification\",\"valueRequired\":true,\"valueName\":\"search_term_string\"}}],\"inLanguage\":\"en-GB\"}]}<\/script>\n<!-- \/ Yoast SEO plugin. -->","yoast_head_json":{"title":"Jobs at Mystery Makers","description":"Are you looking for a job in the experience industry and want to be part of a young, dynamic team. Then send an application to Mystery Makers.","robots":{"index":"index","follow":"follow","max-snippet":"max-snippet:-1","max-image-preview":"max-image-preview:large","max-video-preview":"max-video-preview:-1"},"canonical":"https:\/\/mysterymakers.dk\/en\/jobs\/","og_locale":"en_GB","og_type":"article","og_title":"Jobs hos Mystery Makers","og_description":"\u00d8nsker du et job i oplevelsesindustrien, og vil du v\u00e6re en del af et ungt dynamisk team. S\u00e5 send en ans\u00f8gning til Mystery Makers.","og_url":"https:\/\/mysterymakers.dk\/en\/jobs\/","og_site_name":"Mystery Makers","article_modified_time":"2025-04-25T12:17:38+00:00","og_image":[{"width":1911,"height":1078,"url":"https:\/\/mysterymakers.dk\/wp-content\/uploads\/Mystery-Hunt-Christiansborg-01-1.jpg","type":"image\/jpeg"}],"twitter_card":"summary_large_image","schema":{"@context":"https:\/\/schema.org","@graph":[{"@type":"WebPage","@id":"https:\/\/mysterymakers.dk\/en\/jobs\/","url":"https:\/\/mysterymakers.dk\/en\/jobs\/","name":"Jobs at Mystery Makers","isPartOf":{"@id":"https:\/\/mysterymakers.dk\/en\/#website"},"datePublished":"2022-08-16T10:47:45+00:00","dateModified":"2025-04-25T12:17:38+00:00","description":"Are you looking for a job in the experience industry and want to be part of a young, dynamic team. Then send an application to Mystery Makers.","breadcrumb":{"@id":"https:\/\/mysterymakers.dk\/en\/jobs\/#breadcrumb"},"inLanguage":"en-GB","potentialAction":[{"@type":"ReadAction","target":["https:\/\/mysterymakers.dk\/en\/jobs\/"]}]},{"@type":"BreadcrumbList","@id":"https:\/\/mysterymakers.dk\/en\/jobs\/#breadcrumb","itemListElement":[{"@type":"ListItem","position":1,"name":"Hjem","item":"https:\/\/mysterymakers.dk\/"},{"@type":"ListItem","position":2,"name":"Jobs"}]},{"@type":"WebSite","@id":"https:\/\/mysterymakers.dk\/en\/#website","url":"https:\/\/mysterymakers.dk\/en\/","name":"Mystery Makers","description":"Hours of entertainment with friends and colleagues","potentialAction":[{"@type":"SearchAction","target":{"@type":"EntryPoint","urlTemplate":"https:\/\/mysterymakers.dk\/en\/?s={search_term_string}"},"query-input":{"@type":"PropertyValueSpecification","valueRequired":true,"valueName":"search_term_string"}}],"inLanguage":"en-GB"}]}},"_links":{"self":[{"href":"https:\/\/mysterymakers.dk\/en\/wp-json\/wp\/v2\/pages\/1439","targetHints":{"allow":["GET"]}}],"collection":[{"href":"https:\/\/mysterymakers.dk\/en\/wp-json\/wp\/v2\/pages"}],"about":[{"href":"https:\/\/mysterymakers.dk\/en\/wp-json\/wp\/v2\/types\/page"}],"author":[{"embeddable":true,"href":"https:\/\/mysterymakers.dk\/en\/wp-json\/wp\/v2\/users\/1"}],"replies":[{"embeddable":true,"href":"https:\/\/mysterymakers.dk\/en\/wp-json\/wp\/v2\/comments?post=1439"}],"version-history":[{"count":0,"href":"https:\/\/mysterymakers.dk\/en\/wp-json\/wp\/v2\/pages\/1439\/revisions"}],"wp:attachment":[{"href":"https:\/\/mysterymakers.dk\/en\/wp-json\/wp\/v2\/media?parent=1439"}],"curies":[{"name":"wp","href":"https:\/\/api.w.org\/{rel}","templated":true}]}}