{"id":1370,"date":"2022-08-16T08:24:06","date_gmt":"2022-08-16T08:24:06","guid":{"rendered":"https:\/\/mysterymakers.dk\/?page_id=1370"},"modified":"2023-11-16T10:16:59","modified_gmt":"2023-11-16T10:16:59","slug":"business","status":"publish","type":"page","link":"https:\/\/mysterymakers.dk\/en\/erhverv\/","title":{"rendered":"Business"},"content":{"rendered":"<div>\n<p>    <img decoding=\"async\" src=\"\/wp-content\/uploads\/black-map.jpg\" alt=\"\"><\/p>\n<h1>Til erhverv<\/h1>\n<\/div>\n<div>\n<p><span>F\u00e5 en teambuilding-oplevelse ud over det s\u00e6dvanlige hos Mystery Makers! En tur i et Mystery Room eller p\u00e5 en Mystery Hunt giver jer indsigtsfuld viden i, hvordan I arbejder sammen, og er den perfekte mulighed for en eftermiddag i teamudviklingens tegn. Efter spillet vil en erfaren Gamemaster give jer feedback, som I kan bruge p\u00e5 arbejdspladsen. L\u00e6s mere om vores sjove og udfordrende firmaaktiviteter her!<\/span><\/p>\n<\/div>\n<div>\n<p>        <img decoding=\"async\" src=\"\/wp-content\/uploads\/Teambuilding-til-virksomheder-Mystery-Makers.png\" alt=\"Teambuilding til virksomheder i K\u00f8benhavn\"><\/p>\n<h3>Teambuilding til virksomheder<\/h3>\n<div>\n<div><span>Pr\u00f8v et af vores mange sp\u00e6ndende Mystery Room\u00ae eller Mystery Hunt\u00ae spil til dit n\u00e6ste teambuilding arrangement. Vi skaber rammerne, hvor I i m\u00f8det med nye udfordringer ser hinanden i et nyt lys.<\/span><\/div>\n<\/div>\n<p><a href=\"\/virksomheder\/\">L\u00e6s mere<\/a><\/p>\n<\/div>\n<div>\n<p>        <img decoding=\"async\" src=\"\/wp-content\/uploads\/mystery_hunt_koedbyen_04.jpg\" alt=\"Mystery hunt i K\u00f8dbyen\"><\/p>\n<h3>Firmaaktiviteter<\/h3>\n<div>\n<div>Skal du afholde et firmaarrangement i K\u00f8benhavn for din afdeling eller virksomhed? S\u00e5 er du landet det rette sted! Hos Mystery Makers tilbyder vi nemlig sjove aktiviteter med fokus p\u00e5 samarbejde og teambuilding, som passer perfekt til dit n\u00e6ste firmaarrangement.<\/div>\n<\/div>\n<p><a href=\"\/firmaaktiviteter\/\">L\u00e6s mere<\/a><\/p>\n<\/div>\n<div>\n<p>        <img decoding=\"async\" src=\"\/wp-content\/uploads\/mystery_hunt_koedbyen_01.jpg\" alt=\"Mystery Hunt i K\u00f8dbyen. Godt til skoleudflugtler og team building\"><\/p>\n<h3>Skoleudflugt<\/h3>\n<div>\n<div>Er du underviser i gymnasiet eller i grundskolens udskoling? Vil du give dine elever en oplevelse som ikke lugter langt v\u00e6k af l\u00e6ring? Lad dine elever blive rystet sammen over en aktivitet der kr\u00e6ver samarbejde, kreativitet og nysgerrighed og som, ikke mindst, s\u00e6tter oplevelsesl\u00e6ring p\u00e5 skemaet.<\/div>\n<\/div>\n<p><a href=\"\/skoleudflugt\/\">L\u00e6s mere<\/a><\/p>\n<\/div>\n<div>\n<p>        <img decoding=\"async\" src=\"\/wp-content\/uploads\/Firmafest-med-Mystery-Makers.jpg\" alt=\"Hold din firmest i K\u00f8benhavn sammen med Mystery Makers\"><\/p>\n<h3>Firmafest<\/h3>\n<div>\n<div>St\u00e5r du for at arrangere den n\u00e6ste personalefest p\u00e5 dit arbejde, men mangler du id\u00e9er til, hvad I skal lave, inden det hele g\u00e5r l\u00f8s med middag og dans? Hos Mystery Makers har vi en r\u00e6kke sjove aktiviteter i K\u00f8benhavn og omegn fyldt med sp\u00e6nding og adrenalinsus, der vil v\u00e6re den perfekte start p\u00e5 en festlig dag\/aften i selskab med kollegaerne.<\/div>\n<\/div>\n<p><a href=\"\/firmafest\/\">L\u00e6s mere<\/a><\/p>\n<\/div>\n<div>\n<p>        <img decoding=\"async\" src=\"\/wp-content\/uploads\/killing-room-06.jpg\" alt=\"\"><\/p>\n<h3>Firmagave<\/h3>\n<div>\n<div>Skal du finde p\u00e5 \u00e5rets firmajulegave, sommergave eller m\u00e5ske en lille gave i anledningen af p\u00e5sken til dine medarbejdere, kollegaer eller samarbejdspartnere? Og \u00f8nsker du at give en lidt anderledes gave i \u00e5r?<\/div>\n<\/div>\n<p><a href=\"\/firmagave\/\">L\u00e6s mere<\/a><\/p>\n<\/div>\n<div>\n<p>        <img decoding=\"async\" src=\"\/wp-content\/uploads\/Firmatur-i-Koebenhavn-med-Mystery-Makers-1.jpg\" alt=\"Tag p\u00e5 firmatur i K\u00f8benhavn med Mystery Makers\"><\/p>\n<h3>Firmatur<\/h3>\n<div>\n<div>Mangler du id\u00e9er til en sjov og sp\u00e6ndende firmatur for din virksomhed? Hos Mystery Makers er vi eksperter i at skabe sp\u00e6ndende og l\u00e6rerige aktiviteter for virksomheder, der \u00f8nsker at styrke samarbejdet og kommunikationen medarbejderne imellem.<\/div>\n<\/div>\n<p><a href=\"\/firmatur\/\">L\u00e6s mere<\/a><\/p>\n<\/div>\n<p><!--more--><br \/>\n<!-- {\"name\":\"Privat - layout\",\"type\":\"layout\",\"children\":[{\"name\":\"Top - map bg\",\"type\":\"section\",\"props\":{\"animation_delay\":false,\"header_transparent\":\"light\",\"header_transparent_noplaceholder\":true,\"image_position\":\"center-center\",\"overlap\":false,\"padding\":\"none\",\"style\":\"default\",\"title_breakpoint\":\"xl\",\"title_position\":\"top-left\",\"title_rotation\":\"left\",\"vertical_align\":\"\",\"width\":\"\"},\"children\":[{\"type\":\"row\",\"children\":[{\"type\":\"column\",\"props\":{\"image_position\":\"center-center\",\"position_sticky_breakpoint\":\"m\",\"width_medium\":\"1-1\"},\"children\":[{\"type\":\"slideshow\",\"props\":{\"animation\":\"fade\",\"css\":\"@media screen and (max-width: 500px) {\\n    .el-title{font-size:18px;}   \\n    \\n}\",\"image_width\":\"2560\",\"link_parallax_opacity\":\"0,1,1\",\"link_parallax_y\":\"50,0,0\",\"link_size\":\"large\",\"link_style\":\"danger\",\"link_text\":\"\",\"margin\":\"default\",\"meta_align\":\"below-title\",\"meta_element\":\"div\",\"meta_parallax_opacity\":\"0,1,1\",\"meta_parallax_y\":\"-50,0,0\",\"meta_style\":\"h6\",\"nav\":\"dotnav\",\"nav_align\":\"center\",\"nav_breakpoint\":\"\",\"nav_position\":\"bottom-center\",\"nav_position_margin\":\"medium\",\"overlay_animation\":\"parallax\",\"overlay_container\":\"default\",\"overlay_position\":\"center\",\"overlay_width\":\"xlarge\",\"show_content\":true,\"show_link\":true,\"show_meta\":true,\"show_thumbnail\":true,\"show_title\":true,\"slidenav\":\"default\",\"slidenav_breakpoint\":\"m\",\"slidenav_hover\":true,\"slidenav_margin\":\"medium\",\"slidenav_outside_breakpoint\":\"xl\",\"slideshow_autoplay\":false,\"slideshow_autoplay_pause\":true,\"slideshow_kenburns\":\"alternate\",\"slideshow_max_height\":\"300\",\"slideshow_min_height\":\"250\",\"slideshow_ratio\":\"16:7\",\"slideshow_velocity\":0.59999999999999998,\"text_align\":\"center\",\"text_align_fallback\":\"center\",\"text_color\":\"light\",\"thumbnav_height\":\"75\",\"thumbnav_svg_color\":\"emphasis\",\"thumbnav_width\":\"100\",\"title_element\":\"h1\",\"title_parallax_opacity\":\"0,1,1\",\"title_parallax_x\":\"-200,0,200\"},\"children\":[{\"type\":\"slideshow_item\",\"props\":{\"content\":\"\",\"image\":\"wp-content\\\/uploads\\\/black-map.jpg\",\"media_overlay\":\"rgba(0, 0, 0, 0.5)\",\"meta\":\"\",\"title\":\"Til erhverv\"}}]}]}]}]},{\"type\":\"section\",\"props\":{\"image_position\":\"center-center\",\"style\":\"default\",\"title_breakpoint\":\"xl\",\"title_position\":\"top-left\",\"title_rotation\":\"left\",\"vertical_align\":\"middle\",\"width\":\"default\"},\"children\":[{\"type\":\"row\",\"children\":[{\"type\":\"column\",\"props\":{\"image_position\":\"center-center\",\"position_sticky_breakpoint\":\"m\"},\"children\":[{\"type\":\"text\",\"props\":{\"column_breakpoint\":\"m\",\"content\":\"\n\n<p><span>F\\u00e5 en teambuilding-oplevelse ud over det s\\u00e6dvanlige hos Mystery Makers! En tur i et Mystery Room eller p\\u00e5 en Mystery Hunt giver jer indsigtsfuld viden i, hvordan I arbejder sammen, og er den perfekte mulighed for en eftermiddag i teamudviklingens tegn. Efter spillet vil en erfaren Gamemaster give jer feedback, som I kan bruge p\\u00e5 arbejdspladsen. L\\u00e6s mere om vores sjove og udfordrende firmaaktiviteter her!<\\\/span><\\\/p>\",\"margin\":\"default\"}}]}]}]},{\"type\":\"section\",\"props\":{\"animation\":\"scale-up\",\"animation_delay\":\"100\",\"image_position\":\"center-center\",\"style\":\"muted\",\"title_breakpoint\":\"xl\",\"title_position\":\"top-left\",\"title_rotation\":\"left\",\"vertical_align\":\"middle\",\"width\":\"large\"},\"children\":[{\"type\":\"row\",\"children\":[{\"type\":\"column\",\"props\":{\"image_position\":\"center-center\",\"position_sticky_breakpoint\":\"m\"},\"children\":[{\"type\":\"panel\",\"props\":{\"content\":\"\n\n<div><span>Pr\\u00f8v et af vores mange sp\\u00e6ndende Mystery Room\\u00ae eller Mystery Hunt\\u00ae spil til dit n\\u00e6ste teambuilding arrangement. Vi skaber rammerne, hvor I i m\\u00f8det med nye udfordringer ser hinanden i et nyt lys.<\\\/span><\\\/div>\",\"content_column_breakpoint\":\"m\",\"content_dropcap\":false,\"icon_width\":80,\"image\":\"wp-content\\\/uploads\\\/Teambuilding-til-virksomheder-Mystery-Makers.png\",\"image_align\":\"left\",\"image_alt\":\"Teambuilding til virksomheder i K\\u00f8benhavn\",\"image_grid_breakpoint\":\"m\",\"image_grid_width\":\"1-2\",\"image_svg_color\":\"emphasis\",\"image_vertical_align\":true,\"link\":\"\\\/virksomheder\\\/\",\"link_style\":\"default\",\"link_text\":\"L\\u00e6s mere\",\"margin\":\"default\",\"meta\":\"\",\"meta_align\":\"below-title\",\"meta_element\":\"div\",\"meta_style\":\"text-meta\",\"panel_image_no_padding\":true,\"panel_padding\":\"default\",\"panel_style\":\"card-default\",\"title\":\"Teambuilding til virksomheder\",\"title_align\":\"top\",\"title_element\":\"h3\",\"title_grid_breakpoint\":\"m\",\"title_grid_width\":\"1-2\",\"title_hover_style\":\"reset\",\"title_style\":\"h3\"}},{\"type\":\"panel\",\"props\":{\"content\":\"\n\n<div>Skal du afholde et firmaarrangement i K\\u00f8benhavn for din afdeling eller virksomhed? S\\u00e5 er du landet det rette sted! Hos Mystery Makers tilbyder vi nemlig sjove aktiviteter med fokus p\\u00e5 samarbejde og teambuilding, som passer perfekt til dit n\\u00e6ste firmaarrangement.<\\\/div>\",\"content_column_breakpoint\":\"m\",\"content_dropcap\":false,\"icon_width\":80,\"image\":\"wp-content\\\/uploads\\\/mystery_hunt_koedbyen_04.jpg\",\"image_align\":\"left\",\"image_alt\":\"Mystery hunt i K\\u00f8dbyen\",\"image_grid_breakpoint\":\"m\",\"image_grid_width\":\"1-2\",\"image_svg_color\":\"emphasis\",\"image_vertical_align\":true,\"link\":\"\\\/firmaaktiviteter\\\/\",\"link_style\":\"default\",\"link_text\":\"L\\u00e6s mere\",\"margin\":\"default\",\"meta\":\"\",\"meta_align\":\"below-title\",\"meta_element\":\"div\",\"meta_style\":\"text-meta\",\"panel_image_no_padding\":true,\"panel_padding\":\"default\",\"panel_style\":\"card-default\",\"title\":\"Firmaaktiviteter\",\"title_align\":\"top\",\"title_element\":\"h3\",\"title_grid_breakpoint\":\"m\",\"title_grid_width\":\"1-2\",\"title_hover_style\":\"reset\",\"title_style\":\"h3\"}},{\"type\":\"panel\",\"props\":{\"content\":\"\n\n<div>Er du underviser i gymnasiet eller i grundskolens udskoling? Vil du give dine elever en oplevelse som ikke lugter langt v\\u00e6k af l\\u00e6ring? Lad dine elever blive rystet sammen over en aktivitet der kr\\u00e6ver samarbejde, kreativitet og nysgerrighed og som, ikke mindst, s\\u00e6tter oplevelsesl\\u00e6ring p\\u00e5 skemaet.<\\\/div>\",\"content_column_breakpoint\":\"m\",\"content_dropcap\":false,\"icon_width\":80,\"image\":\"wp-content\\\/uploads\\\/mystery_hunt_koedbyen_01.jpg\",\"image_align\":\"left\",\"image_alt\":\"Mystery Hunt i K\\u00f8dbyen. Godt til skoleudflugtler og team building\",\"image_grid_breakpoint\":\"m\",\"image_grid_width\":\"1-2\",\"image_svg_color\":\"emphasis\",\"image_vertical_align\":true,\"link\":\"\\\/skoleudflugt\\\/\",\"link_style\":\"default\",\"link_text\":\"L\\u00e6s mere\",\"margin\":\"default\",\"meta\":\"\",\"meta_align\":\"below-title\",\"meta_element\":\"div\",\"meta_style\":\"text-meta\",\"panel_image_no_padding\":true,\"panel_padding\":\"default\",\"panel_style\":\"card-default\",\"title\":\"Skoleudflugt\",\"title_align\":\"top\",\"title_element\":\"h3\",\"title_grid_breakpoint\":\"m\",\"title_grid_width\":\"1-2\",\"title_hover_style\":\"reset\",\"title_style\":\"h3\"}},{\"type\":\"panel\",\"props\":{\"content\":\"\n\n<div>St\\u00e5r du for at arrangere den n\\u00e6ste personalefest p\\u00e5 dit arbejde, men mangler du id\\u00e9er til, hvad I skal lave, inden det hele g\\u00e5r l\\u00f8s med middag og dans? Hos Mystery Makers har vi en r\\u00e6kke sjove aktiviteter i K\\u00f8benhavn og omegn fyldt med sp\\u00e6nding og adrenalinsus, der vil v\\u00e6re den perfekte start p\\u00e5 en festlig dag\\\/aften i selskab med kollegaerne.<\\\/div>\",\"content_column_breakpoint\":\"m\",\"content_dropcap\":false,\"icon_width\":80,\"image\":\"wp-content\\\/uploads\\\/Firmafest-med-Mystery-Makers.jpg\",\"image_align\":\"left\",\"image_alt\":\"Hold din firmest i K\\u00f8benhavn sammen med Mystery Makers\",\"image_grid_breakpoint\":\"m\",\"image_grid_width\":\"1-2\",\"image_svg_color\":\"emphasis\",\"image_vertical_align\":true,\"link\":\"\\\/firmafest\\\/\",\"link_style\":\"default\",\"link_text\":\"L\\u00e6s mere\",\"margin\":\"default\",\"meta\":\"\",\"meta_align\":\"below-title\",\"meta_element\":\"div\",\"meta_style\":\"text-meta\",\"panel_image_no_padding\":true,\"panel_padding\":\"default\",\"panel_style\":\"card-default\",\"title\":\"Firmafest\",\"title_align\":\"top\",\"title_element\":\"h3\",\"title_grid_breakpoint\":\"m\",\"title_grid_width\":\"1-2\",\"title_hover_style\":\"reset\",\"title_style\":\"h3\"}},{\"type\":\"panel\",\"props\":{\"content\":\"\n\n<div>Skal du finde p\\u00e5 \\u00e5rets firmajulegave, sommergave eller m\\u00e5ske en lille gave i anledningen af p\\u00e5sken til dine medarbejdere, kollegaer eller samarbejdspartnere? Og \\u00f8nsker du at give en lidt anderledes gave i \\u00e5r?<\\\/div>\",\"content_column_breakpoint\":\"m\",\"content_dropcap\":false,\"icon_width\":80,\"image\":\"wp-content\\\/uploads\\\/killing-room-06.jpg\",\"image_align\":\"left\",\"image_grid_breakpoint\":\"m\",\"image_grid_width\":\"1-2\",\"image_svg_color\":\"emphasis\",\"image_vertical_align\":true,\"link\":\"\\\/firmagave\\\/\",\"link_style\":\"default\",\"link_text\":\"L\\u00e6s mere\",\"margin\":\"default\",\"meta\":\"\",\"meta_align\":\"below-title\",\"meta_element\":\"div\",\"meta_style\":\"text-meta\",\"panel_image_no_padding\":true,\"panel_padding\":\"default\",\"panel_style\":\"card-default\",\"title\":\"Firmagave\",\"title_align\":\"top\",\"title_element\":\"h3\",\"title_grid_breakpoint\":\"m\",\"title_grid_width\":\"1-2\",\"title_hover_style\":\"reset\",\"title_style\":\"h3\"}},{\"type\":\"panel\",\"props\":{\"content\":\"\n\n<div>Mangler du id\\u00e9er til en sjov og sp\\u00e6ndende firmatur for din virksomhed? Hos Mystery Makers er vi eksperter i at skabe sp\\u00e6ndende og l\\u00e6rerige aktiviteter for virksomheder, der \\u00f8nsker at styrke samarbejdet og kommunikationen medarbejderne imellem.<\\\/div>\",\"content_column_breakpoint\":\"m\",\"content_dropcap\":false,\"icon_width\":80,\"image\":\"wp-content\\\/uploads\\\/Firmatur-i-Koebenhavn-med-Mystery-Makers-1.jpg\",\"image_align\":\"left\",\"image_alt\":\"Tag p\\u00e5 firmatur i K\\u00f8benhavn med Mystery Makers\",\"image_grid_breakpoint\":\"m\",\"image_grid_width\":\"1-2\",\"image_svg_color\":\"emphasis\",\"image_vertical_align\":true,\"link\":\"\\\/firmatur\\\/\",\"link_style\":\"default\",\"link_text\":\"L\\u00e6s mere\",\"margin\":\"default\",\"meta\":\"\",\"meta_align\":\"below-title\",\"meta_element\":\"div\",\"meta_style\":\"text-meta\",\"panel_image_no_padding\":true,\"panel_padding\":\"default\",\"panel_style\":\"card-default\",\"title\":\"Firmatur\",\"title_align\":\"top\",\"title_element\":\"h3\",\"title_grid_breakpoint\":\"m\",\"title_grid_width\":\"1-2\",\"title_hover_style\":\"reset\",\"title_style\":\"h3\"}}]}]}]}],\"version\":\"4.2.2\"} --><\/p>\n","protected":false},"excerpt":{"rendered":"<p>Til erhverv F\u00e5 en teambuilding-oplevelse ud over det s\u00e6dvanlige hos Mystery Makers! En tur i et Mystery Room eller p\u00e5 en Mystery Hunt giver jer indsigtsfuld viden i, hvordan I arbejder sammen, og er den perfekte mulighed for en eftermiddag i teamudviklingens tegn. Efter spillet vil en erfaren Gamemaster give jer feedback, som I kan [&hellip;]<\/p>\n","protected":false},"author":1,"featured_media":0,"parent":0,"menu_order":0,"comment_status":"closed","ping_status":"closed","template":"","meta":{"_acf_changed":false,"footnotes":""},"class_list":["post-1370","page","type-page","status-publish","hentry"],"acf":[],"_wp_attached_file":null,"_wp_attachment_metadata":null,"_wp_attachment_image_alt":null,"_menu_item_type":null,"_menu_item_menu_item_parent":null,"_menu_item_object_id":null,"_menu_item_object":null,"_menu_item_target":null,"_menu_item_classes":null,"_menu_item_xfn":null,"_menu_item_url":null,"_sc_disable_sc":null,"_sc_disable_admin":null,"_sc_editor":null,"_sc_allowed_devices":null,"wpml_media_processed":null,"_wp_page_template":null,"_wpcode_auto_insert":null,"_wpcode_auto_insert_number":null,"_wpcode_library_id":null,"_wpcode_conditional_logic_enabled":null,"_wpcode_priority":null,"_wpcode_note":null,"_wpcode_conditional_logic":null,"_yoast_wpseo_meta-robots-noindex":null,"_sc_description":null,"_yoast_wpseo_primary_category":null,"_oembed_0cc52318f6774d9ee312b83fd2dce3c1":null,"_oembed_time_0cc52318f6774d9ee312b83fd2dce3c1":null,"_wp_attachment_backup_sizes":null,"wp-smush-lossy":null,"wp-smpro-smush-data":null,"wp-smush-pngjpg_savings":null,"wp-smush-ignore-bulk":null,"_pum_built_in":null,"_pum_default_theme":null,"popup_theme_data_version":null,"popup_theme_settings":null,"popup_title":null,"enabled":null,"popup_settings":null,"data_version":null,"popup_open_count":null,"popup_conversion_count":null,"_aoc_tab":null,"_aoc_popup_goal":null,"_aoc_display_type":null,"_aoc_popup_appear":null,"_aoc_behaviour":null,"_aoc_content":null,"_aoc_design":null,"_aoc_advance":null,"_aoc_custom_css":null,"wpforms_form_locations":null,"popup_open_count_total":null,"popup_last_opened":null,"_pum_user_modified":null,"popup_theme_overlay":null,"popup_theme_container":null,"popup_theme_title":null,"popup_theme_content":null,"popup_theme_close":null,"_yoast_wpseo_meta-robots-nofollow":null,"_top_nav_excluded":null,"_cms_nav_minihome":null,"_wp_desired_post_slug":null,"wp-smush-transparent":null,"_thumbnail_id":null,"_yoast_wpseo_opengraph-image":null,"_yoast_wpseo_opengraph-image-id":null,"_trp_translated_slug_en_gb":null,"_emr_replace_author":null,"popup_data":null,"popup_type":null,"popup_goal":null,"popup_goal_action":null,"popup_placement":null,"popup_devices":null,"popup_views":null,"popup_conversion":null,"_pingme":null,"_encloseme":null,"_edit_lock":"1709195470:12","_edit_last":"11","_wp_old_slug":null,"_wp_old_date":null,"_wpml_word_count":"{\"total\":340,\"to_translate\":{\"en\":340}}","_wpml_media_featured":"1","_wpml_media_duplicate":"1","_last_translation_edit_mode":null,"_yoast_wpseo_title":null,"_yoast_wpseo_metadesc":null,"_yoast_wpseo_content_score":null,"_yoast_wpseo_estimated-reading-time-minutes":"0","_yoast_wpseo_wordproof_timestamp":"","_pinterest_shares":null,"_total_shares":null,"swp_cache_timestamp":null,"_trp_automatically_translated_slug_en_gb":null,"overskrift":null,"_overskrift":null,"tekst":null,"_tekst":null,"brodtekst":null,"_brodtekst":null,"h1_overskrift":null,"_h1_overskrift":null,"hero-tekst":null,"_hero-tekst":null,"brodtekst_2":null,"_brodtekst_2":null,"yoast_head":"<!-- This site is optimized with the Yoast SEO plugin v27.5 - https:\/\/yoast.com\/product\/yoast-seo-wordpress\/ -->\n<title>Erhverv - Mystery Makers<\/title>\n<meta name=\"robots\" content=\"index, follow, max-snippet:-1, max-image-preview:large, max-video-preview:-1\" \/>\n<link rel=\"canonical\" href=\"https:\/\/mysterymakers.dk\/en\/business\/\" \/>\n<meta property=\"og:locale\" content=\"en_GB\" \/>\n<meta property=\"og:type\" content=\"article\" \/>\n<meta property=\"og:title\" content=\"Erhverv - Mystery Makers\" \/>\n<meta property=\"og:description\" content=\"Til erhverv F\u00e5 en teambuilding-oplevelse ud over det s\u00e6dvanlige hos Mystery Makers! En tur i et Mystery Room eller p\u00e5 en Mystery Hunt giver jer indsigtsfuld viden i, hvordan I arbejder sammen, og er den perfekte mulighed for en eftermiddag i teamudviklingens tegn. Efter spillet vil en erfaren Gamemaster give jer feedback, som I kan [&hellip;]\" \/>\n<meta property=\"og:url\" content=\"https:\/\/mysterymakers.dk\/en\/business\/\" \/>\n<meta property=\"og:site_name\" content=\"Mystery Makers\" \/>\n<meta property=\"article:modified_time\" content=\"2023-11-16T10:16:59+00:00\" \/>\n<meta property=\"og:image\" content=\"https:\/\/mysterymakers.dk\/wp-content\/uploads\/Mystery-Hunt-Christiansborg-01-1.jpg\" \/>\n\t<meta property=\"og:image:width\" content=\"1911\" \/>\n\t<meta property=\"og:image:height\" content=\"1078\" \/>\n\t<meta property=\"og:image:type\" content=\"image\/jpeg\" \/>\n<meta name=\"twitter:card\" content=\"summary_large_image\" \/>\n<script type=\"application\/ld+json\" class=\"yoast-schema-graph\">{\"@context\":\"https:\\\/\\\/schema.org\",\"@graph\":[{\"@type\":\"WebPage\",\"@id\":\"https:\\\/\\\/mysterymakers.dk\\\/en\\\/erhverv\\\/\",\"url\":\"https:\\\/\\\/mysterymakers.dk\\\/en\\\/erhverv\\\/\",\"name\":\"Erhverv - Mystery Makers\",\"isPartOf\":{\"@id\":\"https:\\\/\\\/mysterymakers.dk\\\/en\\\/#website\"},\"datePublished\":\"2022-08-16T08:24:06+00:00\",\"dateModified\":\"2023-11-16T10:16:59+00:00\",\"breadcrumb\":{\"@id\":\"https:\\\/\\\/mysterymakers.dk\\\/en\\\/erhverv\\\/#breadcrumb\"},\"inLanguage\":\"en-GB\",\"potentialAction\":[{\"@type\":\"ReadAction\",\"target\":[\"https:\\\/\\\/mysterymakers.dk\\\/en\\\/erhverv\\\/\"]}]},{\"@type\":\"BreadcrumbList\",\"@id\":\"https:\\\/\\\/mysterymakers.dk\\\/en\\\/erhverv\\\/#breadcrumb\",\"itemListElement\":[{\"@type\":\"ListItem\",\"position\":1,\"name\":\"Hjem\",\"item\":\"https:\\\/\\\/mysterymakers.dk\\\/\"},{\"@type\":\"ListItem\",\"position\":2,\"name\":\"Erhverv\"}]},{\"@type\":\"WebSite\",\"@id\":\"https:\\\/\\\/mysterymakers.dk\\\/en\\\/#website\",\"url\":\"https:\\\/\\\/mysterymakers.dk\\\/en\\\/\",\"name\":\"Mystery Makers\",\"description\":\"Mange timers underholdning med venner og kollegaer\",\"potentialAction\":[{\"@type\":\"SearchAction\",\"target\":{\"@type\":\"EntryPoint\",\"urlTemplate\":\"https:\\\/\\\/mysterymakers.dk\\\/en\\\/?s={search_term_string}\"},\"query-input\":{\"@type\":\"PropertyValueSpecification\",\"valueRequired\":true,\"valueName\":\"search_term_string\"}}],\"inLanguage\":\"en-GB\"}]}<\/script>\n<!-- \/ Yoast SEO plugin. -->","yoast_head_json":{"title":"Business - Mystery Makers","robots":{"index":"index","follow":"follow","max-snippet":"max-snippet:-1","max-image-preview":"max-image-preview:large","max-video-preview":"max-video-preview:-1"},"canonical":"https:\/\/mysterymakers.dk\/en\/business\/","og_locale":"en_GB","og_type":"article","og_title":"Erhverv - Mystery Makers","og_description":"Til erhverv F\u00e5 en teambuilding-oplevelse ud over det s\u00e6dvanlige hos Mystery Makers! En tur i et Mystery Room eller p\u00e5 en Mystery Hunt giver jer indsigtsfuld viden i, hvordan I arbejder sammen, og er den perfekte mulighed for en eftermiddag i teamudviklingens tegn. Efter spillet vil en erfaren Gamemaster give jer feedback, som I kan [&hellip;]","og_url":"https:\/\/mysterymakers.dk\/en\/business\/","og_site_name":"Mystery Makers","article_modified_time":"2023-11-16T10:16:59+00:00","og_image":[{"width":1911,"height":1078,"url":"https:\/\/mysterymakers.dk\/wp-content\/uploads\/Mystery-Hunt-Christiansborg-01-1.jpg","type":"image\/jpeg"}],"twitter_card":"summary_large_image","schema":{"@context":"https:\/\/schema.org","@graph":[{"@type":"WebPage","@id":"https:\/\/mysterymakers.dk\/en\/erhverv\/","url":"https:\/\/mysterymakers.dk\/en\/erhverv\/","name":"Business - Mystery Makers","isPartOf":{"@id":"https:\/\/mysterymakers.dk\/en\/#website"},"datePublished":"2022-08-16T08:24:06+00:00","dateModified":"2023-11-16T10:16:59+00:00","breadcrumb":{"@id":"https:\/\/mysterymakers.dk\/en\/erhverv\/#breadcrumb"},"inLanguage":"en-GB","potentialAction":[{"@type":"ReadAction","target":["https:\/\/mysterymakers.dk\/en\/erhverv\/"]}]},{"@type":"BreadcrumbList","@id":"https:\/\/mysterymakers.dk\/en\/erhverv\/#breadcrumb","itemListElement":[{"@type":"ListItem","position":1,"name":"Hjem","item":"https:\/\/mysterymakers.dk\/"},{"@type":"ListItem","position":2,"name":"Erhverv"}]},{"@type":"WebSite","@id":"https:\/\/mysterymakers.dk\/en\/#website","url":"https:\/\/mysterymakers.dk\/en\/","name":"Mystery Makers","description":"Hours of entertainment with friends and colleagues","potentialAction":[{"@type":"SearchAction","target":{"@type":"EntryPoint","urlTemplate":"https:\/\/mysterymakers.dk\/en\/?s={search_term_string}"},"query-input":{"@type":"PropertyValueSpecification","valueRequired":true,"valueName":"search_term_string"}}],"inLanguage":"en-GB"}]}},"_links":{"self":[{"href":"https:\/\/mysterymakers.dk\/en\/wp-json\/wp\/v2\/pages\/1370","targetHints":{"allow":["GET"]}}],"collection":[{"href":"https:\/\/mysterymakers.dk\/en\/wp-json\/wp\/v2\/pages"}],"about":[{"href":"https:\/\/mysterymakers.dk\/en\/wp-json\/wp\/v2\/types\/page"}],"author":[{"embeddable":true,"href":"https:\/\/mysterymakers.dk\/en\/wp-json\/wp\/v2\/users\/1"}],"replies":[{"embeddable":true,"href":"https:\/\/mysterymakers.dk\/en\/wp-json\/wp\/v2\/comments?post=1370"}],"version-history":[{"count":0,"href":"https:\/\/mysterymakers.dk\/en\/wp-json\/wp\/v2\/pages\/1370\/revisions"}],"wp:attachment":[{"href":"https:\/\/mysterymakers.dk\/en\/wp-json\/wp\/v2\/media?parent=1370"}],"curies":[{"name":"wp","href":"https:\/\/api.w.org\/{rel}","templated":true}]}}