{"id":1343,"date":"2022-08-15T12:22:47","date_gmt":"2022-08-15T12:22:47","guid":{"rendered":"https:\/\/mysterymakers.dk\/?page_id=1343"},"modified":"2023-09-15T09:06:23","modified_gmt":"2023-09-15T09:06:23","slug":"for-the-press","status":"publish","type":"page","link":"https:\/\/mysterymakers.dk\/en\/for-pressen\/","title":{"rendered":"For the Press"},"content":{"rendered":"<div>\n<p>    <img decoding=\"async\" src=\"\/wp-content\/uploads\/black-map.jpg\" alt=\"\"><\/p>\n<h1>For Pressen<\/h1>\n<\/div>\n<div>\n<p>        <img decoding=\"async\" src=\"\/wp-content\/uploads\/Image-from-iOS-2-copy.jpg\" alt=\"\"><\/p>\n<div>\n<div id=\"fws_62fa3a5d8a0c0\" data-midnight=\"dark\" data-bg-mobile-hidden=\"\" class=\"wpb_row vc_row-fluid vc_row standard_section   \">\n<div class=\"col span_12 dark left\">\n<div class=\"vc_col-sm-6 wpb_column column_container vc_column_container col no-extra-padding instance-1\" data-shadow=\"none\" data-border-animation=\"\" data-border-animation-delay=\"\" data-border-width=\"none\" data-border-style=\"solid\" data-border-color=\"\" data-bg-cover=\"\" data-padding-pos=\"all\" data-has-bg-color=\"false\" data-bg-color=\"\" data-bg-opacity=\"1\" data-hover-bg=\"\" data-hover-bg-opacity=\"1\" data-animation=\"\" data-delay=\"0\">\n<div class=\"vc_column-inner\">\n<div class=\"wpb_wrapper\">\n<div class=\"wpb_text_column wpb_content_element \">\n<div class=\"wpb_wrapper\">\n<h2>PRESSEHENVENDELSER<\/h2>\n<\/div>\n<\/div>\n<div class=\"wpb_text_column wpb_content_element \">\n<div class=\"wpb_wrapper\">\n<p>Ved presserelaterede henvendelser er du velkommen til at kontakte:<\/p>\n<p><strong>Miriam Hindsgaul <\/strong><br \/>Tlf.: <a href=\"tel:20117271\"><span>20 11 72 71<\/span><\/a><br \/>Mail: <a href=\"mailto:mh@hindsgaulkommunikation.dk\"><span>mh@hindsgaulkommunikation.dk<\/span><\/a><\/p>\n<\/div>\n<\/div>\n<div class=\"wpb_text_column wpb_content_element \">\n<div class=\"wpb_wrapper\">\n<h3>BRUG AF MYSTERY MAKERS BILLEDER<\/h3>\n<\/div>\n<\/div>\n<div class=\"wpb_text_column wpb_content_element \">\n<div class=\"wpb_wrapper\">\n<p>Hvis du vil offentligg\u00f8re fotos fra Mystery Makers, s\u00e5 skal du tydeligt skrive Mystery Makers samt\u00a0produktets navn og evt. fotografens navn. eks. Mystery Makers, The Killing Room\u2122, Foto: Kim Wendt.<\/p>\n<p>Du kan finde\u00a0en samling af h\u00f8jopl\u00f8ste fotos\u00a0fra vores oplevelser<span>\u00a0<\/span><a href=\"\/billeder\/\"><strong>ved at klikke\u00a0her<\/strong><\/a>.<\/p>\n<p>Billederne m\u00e5 kun anvendes til redaktionelt indhold.<\/p>\n<p>Du er velkommen til at kontakte os, hvis du har sp\u00f8rgsm\u00e5l eller er i tvivl om, hvordan disse retningslinjer skal efterleves.<\/p>\n<p>Vi beder alle, der er interesseret i vores arbejde at respektere disse retningslinjer. Vi \u00f8nsker til hver en tid et godt samarbejde med alle vores kunder og alle danske medier fremadrettet<\/p>\n<\/div>\n<\/div>\n<\/div>\n<\/div>\n<\/div>\n<\/div>\n<\/div>\n<\/div>\n<\/div>\n<ul>\n<li>\n<h3>The Ritual<\/h3>\n<div>\n<p><span>Mystery Makers ultimative spil\u00a0\u00e5bnede d. 31. marts 2017.\u00a0The Ritual er vores hidtil mest avancerede Mystery Room. I The Ritual har du og dit hold 60 min. til at afbryde en okkult loges uhyggelige ritual. Spillet er\u00a0baseret p\u00e5 erfaringerne fra de mere end 60.000 g\u00e6ster der har bes\u00f8gt vores Killing Room og The Lab.<\/span><\/p>\n<\/div>\n<\/li>\n<li>\n<h3>Escape room er g\u00e5et mainstream<\/h3>\n<div>\n<p><span>Mystery Makers \u00e5bnede det f\u00f8rste skandinaviske escape room i 2014. F\u00e6nomenet tog \u00f8jeblikkeligt g\u00e6sterne med storm. Historierne om den nye form for oplevelse gik fra mund til mund og den hypede trend er nu ved at blive en anerkendt\u00a0oplevelsesform. Hos Mystery Makers er vi stolte over at have v\u00e6ret frontl\u00f8bere i etableringen af en ny oplevelsesgenre i Danmark.<\/span><\/p>\n<\/div>\n<\/li>\n<li>\n<h3>Den Skjulte Krig<\/h3>\n<div>\n<p><span>I maj m\u00e5ned 2017 \u00e5bnede Mystery Makers en ny skattejagt, en udfordrende og h\u00e6sbl\u00e6sende mission\u00a0p\u00e5 Kastellet i K\u00f8benhavn.\u00a0I skal indsamle informationer, kn\u00e6kke koder, l\u00f8se g\u00e5der og afsl\u00f8re bedrag.\u00a0Hvem kan I\u00a0stole p\u00e5 og hvem af jer er mestre krigens kunst?<\/span><\/p>\n<\/div>\n<\/li>\n<\/ul>\n<p><!--more--><br \/>\n<!-- {\"type\":\"layout\",\"children\":[{\"name\":\"Top - map bg\",\"type\":\"section\",\"props\":{\"animation_delay\":false,\"header_transparent\":\"light\",\"header_transparent_noplaceholder\":true,\"image_position\":\"center-center\",\"overlap\":false,\"padding\":\"none\",\"style\":\"default\",\"title_breakpoint\":\"xl\",\"title_position\":\"top-left\",\"title_rotation\":\"left\",\"vertical_align\":\"\",\"width\":\"\"},\"children\":[{\"type\":\"row\",\"children\":[{\"type\":\"column\",\"props\":{\"image_position\":\"center-center\",\"position_sticky_breakpoint\":\"m\",\"width_medium\":\"1-1\"},\"children\":[{\"type\":\"slideshow\",\"props\":{\"animation\":\"fade\",\"css\":\"@media screen and (max-width: 500px) {\\n    .el-title{font-size:18px;}   \\n    \\n}\",\"image_width\":\"2560\",\"link_parallax_opacity\":\"0,1,1\",\"link_parallax_y\":\"50,0,0\",\"link_size\":\"large\",\"link_style\":\"danger\",\"link_text\":\"\",\"margin\":\"default\",\"meta_align\":\"below-title\",\"meta_element\":\"div\",\"meta_parallax_opacity\":\"0,1,1\",\"meta_parallax_y\":\"-50,0,0\",\"meta_style\":\"h6\",\"nav\":\"dotnav\",\"nav_align\":\"center\",\"nav_breakpoint\":\"\",\"nav_position\":\"bottom-center\",\"nav_position_margin\":\"medium\",\"overlay_animation\":\"parallax\",\"overlay_container\":\"default\",\"overlay_position\":\"center\",\"overlay_width\":\"xlarge\",\"show_content\":true,\"show_link\":true,\"show_meta\":true,\"show_thumbnail\":true,\"show_title\":true,\"slidenav\":\"default\",\"slidenav_breakpoint\":\"m\",\"slidenav_hover\":true,\"slidenav_margin\":\"medium\",\"slidenav_outside_breakpoint\":\"xl\",\"slideshow_autoplay\":false,\"slideshow_autoplay_pause\":true,\"slideshow_kenburns\":\"alternate\",\"slideshow_max_height\":\"300\",\"slideshow_min_height\":\"250\",\"slideshow_ratio\":\"16:7\",\"slideshow_velocity\":0.59999999999999998,\"text_align\":\"center\",\"text_align_fallback\":\"center\",\"text_color\":\"light\",\"thumbnav_height\":\"75\",\"thumbnav_svg_color\":\"emphasis\",\"thumbnav_width\":\"100\",\"title_element\":\"h1\",\"title_parallax_opacity\":\"0,1,1\",\"title_parallax_x\":\"-200,0,200\"},\"children\":[{\"type\":\"slideshow_item\",\"props\":{\"content\":\"\",\"image\":\"wp-content\\\/uploads\\\/black-map.jpg\",\"media_overlay\":\"rgba(0, 0, 0, 0.5)\",\"meta\":\"\",\"title\":\"For Pressen\"}}]}]}]}]},{\"type\":\"section\",\"props\":{\"image_position\":\"center-center\",\"style\":\"default\",\"title_breakpoint\":\"xl\",\"title_position\":\"top-left\",\"title_rotation\":\"left\",\"vertical_align\":\"middle\",\"width\":\"default\"},\"children\":[{\"type\":\"row\",\"children\":[{\"type\":\"column\",\"props\":{\"image_position\":\"center-center\",\"position_sticky_breakpoint\":\"m\"},\"children\":[{\"type\":\"panel\",\"props\":{\"content\":\"\n\n<div id=\\\"fws_62fa3a5d8a0c0\\\" data-midnight=\\\"dark\\\" data-bg-mobile-hidden=\\\"\\\" class=\\\"wpb_row vc_row-fluid vc_row standard_section   \\\">\\n\n\n<div class=\\\"col span_12 dark left\\\">\\n\n\n<div class=\\\"vc_col-sm-6 wpb_column column_container vc_column_container col no-extra-padding instance-1\\\" data-shadow=\\\"none\\\" data-border-animation=\\\"\\\" data-border-animation-delay=\\\"\\\" data-border-width=\\\"none\\\" data-border-style=\\\"solid\\\" data-border-color=\\\"\\\" data-bg-cover=\\\"\\\" data-padding-pos=\\\"all\\\" data-has-bg-color=\\\"false\\\" data-bg-color=\\\"\\\" data-bg-opacity=\\\"1\\\" data-hover-bg=\\\"\\\" data-hover-bg-opacity=\\\"1\\\" data-animation=\\\"\\\" data-delay=\\\"0\\\">\\n\n\n<div class=\\\"vc_column-inner\\\">\\n\n\n<div class=\\\"wpb_wrapper\\\">\\n\n\n<div class=\\\"wpb_text_column wpb_content_element \\\">\\n\n\n<div class=\\\"wpb_wrapper\\\">\\n\n\n<h2>PRESSEHENVENDELSER<\\\/h2>\\n<\\\/div>\\n<\\\/div>\\n\n\n<div class=\\\"wpb_text_column wpb_content_element \\\">\\n\n\n<div class=\\\"wpb_wrapper\\\">\\n\n\n<p>Ved presserelaterede henvendelser er du velkommen til at kontakte:<\\\/p>\\n\n\n<p><strong>Miriam Hindsgaul <\\\/strong><br \\\/>Tlf.: <a href=\\\"tel:20117271\\\"><span>20 11 72 71<\\\/span><\\\/a><br \\\/>Mail: <a href=\\\"mailto:mh@hindsgaulkommunikation.dk\\\"><span>mh@hindsgaulkommunikation.dk<\\\/span><\\\/a><\\\/p>\\n<\\\/div>\\n<\\\/div>\\n\n\n<div class=\\\"wpb_text_column wpb_content_element \\\">\\n\n\n<div class=\\\"wpb_wrapper\\\">\\n\n\n<h3>BRUG AF MYSTERY MAKERS BILLEDER<\\\/h3>\\n<\\\/div>\\n<\\\/div>\\n\n\n<div class=\\\"wpb_text_column wpb_content_element \\\">\\n\n\n<div class=\\\"wpb_wrapper\\\">\\n\n\n<p>Hvis du vil offentligg\\u00f8re fotos fra Mystery Makers, s\\u00e5 skal du tydeligt skrive Mystery Makers samt\\u00a0produktets navn og evt. fotografens navn. eks. Mystery Makers, The Killing Room\\u2122, Foto: Kim Wendt.<\\\/p>\\n\n\n<p>Du kan finde\\u00a0en samling af h\\u00f8jopl\\u00f8ste fotos\\u00a0fra vores oplevelser<span>\\u00a0<\\\/span><a href=\\\"\\\/billeder\\\/\\\"><strong>ved at klikke\\u00a0her<\\\/strong><\\\/a>.<\\\/p>\\n\n\n<p>Billederne m\\u00e5 kun anvendes til redaktionelt indhold.<\\\/p>\\n\n\n<p>Du er velkommen til at kontakte os, hvis du har sp\\u00f8rgsm\\u00e5l eller er i tvivl om, hvordan disse retningslinjer skal efterleves.<\\\/p>\\n\n\n<p>Vi beder alle, der er interesseret i vores arbejde at respektere disse retningslinjer. Vi \\u00f8nsker til hver en tid et godt samarbejde med alle vores kunder og alle danske medier fremadrettet<\\\/p>\\n<\\\/div>\\n<\\\/div>\\n<\\\/div>\\n<\\\/div>\\n<\\\/div>\\n<\\\/div>\\n<\\\/div>\",\"content_column_breakpoint\":\"m\",\"icon_width\":80,\"image\":\"wp-content\\\/uploads\\\/Image-from-iOS-2-copy.jpg\",\"image_align\":\"right\",\"image_grid_breakpoint\":\"m\",\"image_grid_width\":\"1-2\",\"image_svg_color\":\"emphasis\",\"image_vertical_align\":false,\"link_style\":\"default\",\"link_text\":\"Read more\",\"margin\":\"default\",\"meta_align\":\"below-title\",\"meta_element\":\"div\",\"meta_style\":\"text-meta\",\"panel_image_no_padding\":true,\"panel_padding\":\"default\",\"panel_style\":\"card-default\",\"title_align\":\"top\",\"title_element\":\"h3\",\"title_grid_breakpoint\":\"m\",\"title_grid_width\":\"1-2\",\"title_hover_style\":\"reset\"}}]}]}]},{\"type\":\"section\",\"props\":{\"image_position\":\"center-center\",\"style\":\"default\",\"title_breakpoint\":\"xl\",\"title_position\":\"top-left\",\"title_rotation\":\"left\",\"vertical_align\":\"middle\",\"width\":\"default\"},\"children\":[{\"type\":\"row\",\"children\":[{\"type\":\"column\",\"props\":{\"image_position\":\"center-center\",\"position_sticky_breakpoint\":\"m\"},\"children\":[{\"type\":\"grid\",\"props\":{\"content_column_breakpoint\":\"m\",\"css\":\".el-content{color:#fff;}\",\"filter_align\":\"left\",\"filter_all\":true,\"filter_grid_breakpoint\":\"m\",\"filter_grid_width\":\"auto\",\"filter_position\":\"top\",\"filter_style\":\"tab\",\"grid_default\":\"1\",\"grid_medium\":\"3\",\"icon_width\":80,\"image_align\":\"top\",\"image_grid_breakpoint\":\"m\",\"image_grid_width\":\"1-2\",\"image_svg_color\":\"emphasis\",\"item_animation\":true,\"link_style\":\"default\",\"link_text\":\"Read more\",\"margin\":\"default\",\"meta_align\":\"below-title\",\"meta_element\":\"div\",\"meta_style\":\"text-meta\",\"panel_padding\":\"default\",\"panel_style\":\"card-secondary\",\"parallax_easing\":\"1\",\"show_content\":true,\"show_image\":true,\"show_link\":true,\"show_meta\":true,\"show_title\":true,\"title_align\":\"top\",\"title_element\":\"h3\",\"title_grid_breakpoint\":\"m\",\"title_grid_width\":\"1-2\",\"title_hover_style\":\"reset\"},\"children\":[{\"type\":\"grid_item\",\"props\":{\"content\":\"\n\n<p><span>Mystery Makers ultimative spil\\u00a0\\u00e5bnede d. 31. marts 2017.\\u00a0The Ritual er vores hidtil mest avancerede Mystery Room. I The Ritual har du og dit hold 60 min. til at afbryde en okkult loges uhyggelige ritual. Spillet er\\u00a0baseret p\\u00e5 erfaringerne fra de mere end 60.000 g\\u00e6ster der har bes\\u00f8gt vores Killing Room og The Lab.<\\\/span><\\\/p>\",\"title\":\"The Ritual\"}},{\"type\":\"grid_item\",\"props\":{\"content\":\"\n\n<p><span>Mystery Makers \\u00e5bnede det f\\u00f8rste skandinaviske escape room i 2014. F\\u00e6nomenet tog \\u00f8jeblikkeligt g\\u00e6sterne med storm. Historierne om den nye form for oplevelse gik fra mund til mund og den hypede trend er nu ved at blive en anerkendt\\u00a0oplevelsesform. Hos Mystery Makers er vi stolte over at have v\\u00e6ret frontl\\u00f8bere i etableringen af en ny oplevelsesgenre i Danmark.<\\\/span><\\\/p>\",\"title\":\"Escape room er g\\u00e5et mainstream\"}},{\"type\":\"grid_item\",\"props\":{\"content\":\"\n\n<p><span>I maj m\\u00e5ned 2017 \\u00e5bnede Mystery Makers en ny skattejagt, en udfordrende og h\\u00e6sbl\\u00e6sende mission\\u00a0p\\u00e5 Kastellet i K\\u00f8benhavn.\\u00a0I skal indsamle informationer, kn\\u00e6kke koder, l\\u00f8se g\\u00e5der og afsl\\u00f8re bedrag.\\u00a0Hvem kan I\\u00a0stole p\\u00e5 og hvem af jer er mestre krigens kunst?<\\\/span><\\\/p>\",\"title\":\"Den Skjulte Krig\"}}]}]}]}]}],\"version\":\"4.0.11\"} --><\/p>\n","protected":false},"excerpt":{"rendered":"<p>For Pressen PRESSEHENVENDELSER Ved presserelaterede henvendelser er du velkommen til at kontakte: Miriam Hindsgaul Tlf.: 20 11 72 71Mail: mh@hindsgaulkommunikation.dk BRUG AF MYSTERY MAKERS BILLEDER Hvis du vil offentligg\u00f8re fotos fra Mystery Makers, s\u00e5 skal du tydeligt skrive Mystery Makers samt\u00a0produktets navn og evt. fotografens navn. eks. Mystery Makers, The Killing Room\u2122, Foto: Kim Wendt. [&hellip;]<\/p>\n","protected":false},"author":1,"featured_media":0,"parent":0,"menu_order":0,"comment_status":"closed","ping_status":"closed","template":"","meta":{"_acf_changed":false,"footnotes":""},"class_list":["post-1343","page","type-page","status-publish","hentry"],"acf":[],"_wp_attached_file":null,"_wp_attachment_metadata":null,"_wp_attachment_image_alt":null,"_menu_item_type":null,"_menu_item_menu_item_parent":null,"_menu_item_object_id":null,"_menu_item_object":null,"_menu_item_target":null,"_menu_item_classes":null,"_menu_item_xfn":null,"_menu_item_url":null,"_sc_disable_sc":null,"_sc_disable_admin":null,"_sc_editor":null,"_sc_allowed_devices":null,"wpml_media_processed":null,"_wp_page_template":null,"_wpcode_auto_insert":null,"_wpcode_auto_insert_number":null,"_wpcode_library_id":null,"_wpcode_conditional_logic_enabled":null,"_wpcode_priority":null,"_wpcode_note":null,"_wpcode_conditional_logic":null,"_yoast_wpseo_meta-robots-noindex":null,"_sc_description":null,"_yoast_wpseo_primary_category":null,"_oembed_0cc52318f6774d9ee312b83fd2dce3c1":null,"_oembed_time_0cc52318f6774d9ee312b83fd2dce3c1":null,"_wp_attachment_backup_sizes":null,"wp-smush-lossy":null,"wp-smpro-smush-data":null,"wp-smush-pngjpg_savings":null,"wp-smush-ignore-bulk":null,"_pum_built_in":null,"_pum_default_theme":null,"popup_theme_data_version":null,"popup_theme_settings":null,"popup_title":null,"enabled":null,"popup_settings":null,"data_version":null,"popup_open_count":null,"popup_conversion_count":null,"_aoc_tab":null,"_aoc_popup_goal":null,"_aoc_display_type":null,"_aoc_popup_appear":null,"_aoc_behaviour":null,"_aoc_content":null,"_aoc_design":null,"_aoc_advance":null,"_aoc_custom_css":null,"wpforms_form_locations":null,"popup_open_count_total":null,"popup_last_opened":null,"_pum_user_modified":null,"popup_theme_overlay":null,"popup_theme_container":null,"popup_theme_title":null,"popup_theme_content":null,"popup_theme_close":null,"_yoast_wpseo_meta-robots-nofollow":null,"_top_nav_excluded":null,"_cms_nav_minihome":null,"_wp_desired_post_slug":null,"wp-smush-transparent":null,"_thumbnail_id":null,"_yoast_wpseo_opengraph-image":null,"_yoast_wpseo_opengraph-image-id":null,"_trp_translated_slug_en_gb":null,"_emr_replace_author":null,"popup_data":null,"popup_type":null,"popup_goal":null,"popup_goal_action":null,"popup_placement":null,"popup_devices":null,"popup_views":null,"popup_conversion":null,"_pingme":null,"_encloseme":null,"_edit_lock":"1707989482:2","_edit_last":"2","_wp_old_slug":null,"_wp_old_date":null,"_wpml_word_count":"{\"total\":298,\"to_translate\":{\"en\":298}}","_wpml_media_featured":"1","_wpml_media_duplicate":"1","_last_translation_edit_mode":null,"_yoast_wpseo_title":"For pressen - Mystery Makers","_yoast_wpseo_metadesc":null,"_yoast_wpseo_content_score":null,"_yoast_wpseo_estimated-reading-time-minutes":"0","_yoast_wpseo_wordproof_timestamp":"","_pinterest_shares":null,"_total_shares":null,"swp_cache_timestamp":null,"_trp_automatically_translated_slug_en_gb":null,"overskrift":null,"_overskrift":null,"tekst":null,"_tekst":null,"brodtekst":null,"_brodtekst":null,"h1_overskrift":null,"_h1_overskrift":null,"hero-tekst":null,"_hero-tekst":null,"brodtekst_2":null,"_brodtekst_2":null,"yoast_head":"<!-- This site is optimized with the Yoast SEO plugin v27.3 - https:\/\/yoast.com\/product\/yoast-seo-wordpress\/ -->\n<title>For pressen - Mystery Makers<\/title>\n<meta name=\"robots\" content=\"index, follow, max-snippet:-1, max-image-preview:large, max-video-preview:-1\" \/>\n<link rel=\"canonical\" href=\"https:\/\/mysterymakers.dk\/en\/for-the-press\/\" \/>\n<meta property=\"og:locale\" content=\"en_GB\" \/>\n<meta property=\"og:type\" content=\"article\" \/>\n<meta property=\"og:title\" content=\"For pressen - Mystery Makers\" \/>\n<meta property=\"og:description\" content=\"For Pressen PRESSEHENVENDELSER Ved presserelaterede henvendelser er du velkommen til at kontakte: Miriam Hindsgaul Tlf.: 20 11 72 71Mail: mh@hindsgaulkommunikation.dk BRUG AF MYSTERY MAKERS BILLEDER Hvis du vil offentligg\u00f8re fotos fra Mystery Makers, s\u00e5 skal du tydeligt skrive Mystery Makers samt\u00a0produktets navn og evt. fotografens navn. eks. Mystery Makers, The Killing Room\u2122, Foto: Kim Wendt. [&hellip;]\" \/>\n<meta property=\"og:url\" content=\"https:\/\/mysterymakers.dk\/en\/for-the-press\/\" \/>\n<meta property=\"og:site_name\" content=\"Mystery Makers\" \/>\n<meta property=\"article:modified_time\" content=\"2023-09-15T09:06:23+00:00\" \/>\n<meta property=\"og:image\" content=\"https:\/\/mysterymakers.dk\/wp-content\/uploads\/Mystery-Hunt-Christiansborg-01-1.jpg\" \/>\n\t<meta property=\"og:image:width\" content=\"1911\" \/>\n\t<meta property=\"og:image:height\" content=\"1078\" \/>\n\t<meta property=\"og:image:type\" content=\"image\/jpeg\" \/>\n<meta name=\"twitter:card\" content=\"summary_large_image\" \/>\n<script type=\"application\/ld+json\" class=\"yoast-schema-graph\">{\"@context\":\"https:\\\/\\\/schema.org\",\"@graph\":[{\"@type\":\"WebPage\",\"@id\":\"https:\\\/\\\/mysterymakers.dk\\\/en\\\/for-pressen\\\/\",\"url\":\"https:\\\/\\\/mysterymakers.dk\\\/en\\\/for-pressen\\\/\",\"name\":\"For pressen - Mystery Makers\",\"isPartOf\":{\"@id\":\"https:\\\/\\\/mysterymakers.dk\\\/en\\\/#website\"},\"datePublished\":\"2022-08-15T12:22:47+00:00\",\"dateModified\":\"2023-09-15T09:06:23+00:00\",\"breadcrumb\":{\"@id\":\"https:\\\/\\\/mysterymakers.dk\\\/en\\\/for-pressen\\\/#breadcrumb\"},\"inLanguage\":\"en-GB\",\"potentialAction\":[{\"@type\":\"ReadAction\",\"target\":[\"https:\\\/\\\/mysterymakers.dk\\\/en\\\/for-pressen\\\/\"]}]},{\"@type\":\"BreadcrumbList\",\"@id\":\"https:\\\/\\\/mysterymakers.dk\\\/en\\\/for-pressen\\\/#breadcrumb\",\"itemListElement\":[{\"@type\":\"ListItem\",\"position\":1,\"name\":\"Hjem\",\"item\":\"https:\\\/\\\/mysterymakers.dk\\\/\"},{\"@type\":\"ListItem\",\"position\":2,\"name\":\"For Pressen\"}]},{\"@type\":\"WebSite\",\"@id\":\"https:\\\/\\\/mysterymakers.dk\\\/en\\\/#website\",\"url\":\"https:\\\/\\\/mysterymakers.dk\\\/en\\\/\",\"name\":\"Mystery Makers\",\"description\":\"Mange timers underholdning med venner og kollegaer\",\"potentialAction\":[{\"@type\":\"SearchAction\",\"target\":{\"@type\":\"EntryPoint\",\"urlTemplate\":\"https:\\\/\\\/mysterymakers.dk\\\/en\\\/?s={search_term_string}\"},\"query-input\":{\"@type\":\"PropertyValueSpecification\",\"valueRequired\":true,\"valueName\":\"search_term_string\"}}],\"inLanguage\":\"en-GB\"}]}<\/script>\n<!-- \/ Yoast SEO plugin. -->","yoast_head_json":{"title":"For the press - Mystery Makers","robots":{"index":"index","follow":"follow","max-snippet":"max-snippet:-1","max-image-preview":"max-image-preview:large","max-video-preview":"max-video-preview:-1"},"canonical":"https:\/\/mysterymakers.dk\/en\/for-the-press\/","og_locale":"en_GB","og_type":"article","og_title":"For pressen - Mystery Makers","og_description":"For Pressen PRESSEHENVENDELSER Ved presserelaterede henvendelser er du velkommen til at kontakte: Miriam Hindsgaul Tlf.: 20 11 72 71Mail: mh@hindsgaulkommunikation.dk BRUG AF MYSTERY MAKERS BILLEDER Hvis du vil offentligg\u00f8re fotos fra Mystery Makers, s\u00e5 skal du tydeligt skrive Mystery Makers samt\u00a0produktets navn og evt. fotografens navn. eks. Mystery Makers, The Killing Room\u2122, Foto: Kim Wendt. [&hellip;]","og_url":"https:\/\/mysterymakers.dk\/en\/for-the-press\/","og_site_name":"Mystery Makers","article_modified_time":"2023-09-15T09:06:23+00:00","og_image":[{"width":1911,"height":1078,"url":"https:\/\/mysterymakers.dk\/wp-content\/uploads\/Mystery-Hunt-Christiansborg-01-1.jpg","type":"image\/jpeg"}],"twitter_card":"summary_large_image","schema":{"@context":"https:\/\/schema.org","@graph":[{"@type":"WebPage","@id":"https:\/\/mysterymakers.dk\/en\/for-pressen\/","url":"https:\/\/mysterymakers.dk\/en\/for-pressen\/","name":"For the press - Mystery Makers","isPartOf":{"@id":"https:\/\/mysterymakers.dk\/en\/#website"},"datePublished":"2022-08-15T12:22:47+00:00","dateModified":"2023-09-15T09:06:23+00:00","breadcrumb":{"@id":"https:\/\/mysterymakers.dk\/en\/for-pressen\/#breadcrumb"},"inLanguage":"en-GB","potentialAction":[{"@type":"ReadAction","target":["https:\/\/mysterymakers.dk\/en\/for-pressen\/"]}]},{"@type":"BreadcrumbList","@id":"https:\/\/mysterymakers.dk\/en\/for-pressen\/#breadcrumb","itemListElement":[{"@type":"ListItem","position":1,"name":"Hjem","item":"https:\/\/mysterymakers.dk\/"},{"@type":"ListItem","position":2,"name":"For Pressen"}]},{"@type":"WebSite","@id":"https:\/\/mysterymakers.dk\/en\/#website","url":"https:\/\/mysterymakers.dk\/en\/","name":"Mystery Makers","description":"Hours of entertainment with friends and colleagues","potentialAction":[{"@type":"SearchAction","target":{"@type":"EntryPoint","urlTemplate":"https:\/\/mysterymakers.dk\/en\/?s={search_term_string}"},"query-input":{"@type":"PropertyValueSpecification","valueRequired":true,"valueName":"search_term_string"}}],"inLanguage":"en-GB"}]}},"_links":{"self":[{"href":"https:\/\/mysterymakers.dk\/en\/wp-json\/wp\/v2\/pages\/1343","targetHints":{"allow":["GET"]}}],"collection":[{"href":"https:\/\/mysterymakers.dk\/en\/wp-json\/wp\/v2\/pages"}],"about":[{"href":"https:\/\/mysterymakers.dk\/en\/wp-json\/wp\/v2\/types\/page"}],"author":[{"embeddable":true,"href":"https:\/\/mysterymakers.dk\/en\/wp-json\/wp\/v2\/users\/1"}],"replies":[{"embeddable":true,"href":"https:\/\/mysterymakers.dk\/en\/wp-json\/wp\/v2\/comments?post=1343"}],"version-history":[{"count":0,"href":"https:\/\/mysterymakers.dk\/en\/wp-json\/wp\/v2\/pages\/1343\/revisions"}],"wp:attachment":[{"href":"https:\/\/mysterymakers.dk\/en\/wp-json\/wp\/v2\/media?parent=1343"}],"curies":[{"name":"wp","href":"https:\/\/api.w.org\/{rel}","templated":true}]}}