{"id":1302,"date":"2022-08-15T12:00:01","date_gmt":"2022-08-15T12:00:01","guid":{"rendered":"https:\/\/mysterymakers.dk\/?page_id=1302"},"modified":"2025-11-17T21:30:26","modified_gmt":"2025-11-17T21:30:26","slug":"buy-gift-cards","status":"publish","type":"page","link":"https:\/\/mysterymakers.dk\/en\/koeb-gavekort\/","title":{"rendered":"Gift card"},"content":{"rendered":"<div>\n<p>    <img decoding=\"async\" src=\"\/wp-content\/uploads\/black-map.jpg\" alt=\"\"><\/p>\n<h1>Gavekort<\/h1>\n<div>\n<p>Giv en oplevelsesgave til dem du holder af<\/p>\n<p><a href=\"#gavekort\" class=\"el-content uk-width-1-1 uk-button uk-button-primary uk-button-large\" title=\"kob gavekort\">K\u00f8b gavekort her<\/a><\/p>\n<\/div>\n<\/div>\n<div>\n<p>        <img decoding=\"async\" src=\"\/wp-content\/uploads\/gavekort-img.jpg\" alt=\"\"><\/p>\n<h3>PRISVINDENDE G\u00c5DEOPLEVELSER I K\u00d8BENHAVN<\/h3>\n<div>\n<p style=\"text-align: left;\"><span>Mangler du en helt s\u00e6rlig gave til en du holder af? Eller er du p\u00e5 jagt efter en sjov og anerledes firmagave? Overrask dem med et gavekort, der \u00e5bner en verden af mysterier.<\/span><\/p>\n<p style=\"text-align: left;\"><span>Hos Mystery Makers fylder vi den velkendte verden med g\u00e5der, spor og mysterieoplevelser. Med vores\u00a0<a href=\"\/om-mystery-hunt\/\">Mystery Hunt<\/a>\u00a0og\u00a0<a href=\"\/om-mystery-room\/\">Mystery Room<\/a>, laver vi underholdende Da Vinci inspirerede g\u00e5dejagter og g\u00e5derum, hvor deltagerne bliver klogere p\u00e5 sig selv og dem, de er sammen med.<\/span><\/p>\n<p style=\"text-align: left;\"><span>Vores oplevelser egner sig rigtigt godt til arrangementer som f\u00f8dselsdage, jubil\u00e6er og endda\u00a0<a href=\"https:\/\/mysterymakers.dk\/virksomheder\/\">teambuilding-events<\/a> for st\u00f8rre virksomheder, der \u00f8nsker at teste deres medarbejderes samarbejdsevner under unikke forhold.<\/span><\/p>\n<p style=\"text-align: left;\"><span>Bestil dit gavekort nu. Om f\u00e5 \u00f8jeblikke kan du have dit gavekort fra Mystery Makers liggende i din indbakke. Det mindste bel\u00f8b du kan bestille for er 200,-<\/span><\/p>\n<p style=\"text-align: left;\"><a href=\"#gavekort\" class=\"el-content uk-width-1-1 uk-button uk-button-danger uk-button-large\" title=\"kob gavekort\">K\u00f8b gavekort her<\/a><\/p>\n<\/div>\n<\/div>\n<div>\n\n<\/div>\n<div><\/div>\n<div>\n<p>        <img decoding=\"async\" src=\"\/wp-content\/uploads\/FysiskGavekort-e1606474001388.jpg\" alt=\"\"><\/p>\n<h3>PRAKTISK INFORMATION<\/h3>\n<div>\n<p><span>Gavekortet kan bruges til vores Mystery Room og Mystery Hunt oplevelser. N\u00e5r du har valgt den oplevelse og den tid du \u00f8nsker, indtaster du den unikke kode, du har f\u00e5et med gavekortet.<\/span><\/p>\n<p>Gavekort er gyldige i 2 \u00e5r fra k\u00f8bsdatoen og kan ikke ombyttes til kontanter.<\/p>\n<p>N\u00e5r du k\u00f8ber gavekort online, skal du<span>\u00a0<\/span><strong>kun<\/strong><span>\u00a0<\/span>udfylde dine egne oplysninger.<\/p>\n<p>Gavekort kan ikke bruges som betaling af entr\u00e9 til Kronborg Slot, Christiansborg Slot eller Thorvaldsens Museum.<\/p>\n<\/div>\n<\/div>\n<ul>\n<li>\n<p>        <img decoding=\"async\" src=\"\/wp-content\/uploads\/kimwendt-3747-1.jpg\" alt=\"\"><\/p>\n<\/li>\n<li>\n<p>        <img decoding=\"async\" src=\"\/wp-content\/uploads\/The-Ritual-Mystery-Room-1-1.jpg\" alt=\"\"><\/p>\n<\/li>\n<li>\n<p>        <img decoding=\"async\" src=\"\/wp-content\/uploads\/628989765504589-problembo.com_.jpg\" alt=\"Mystery Room Killing Room\"><\/p>\n<\/li>\n<li>\n<p>        <img decoding=\"async\" src=\"\/wp-content\/uploads\/kimwendt-4787.jpg\" alt=\"\"><\/p>\n<\/li>\n<\/ul>\n<p><!--more--><br \/>\n<!-- {\"name\":\"Mystery Hunt - Fuld layout\",\"type\":\"layout\",\"children\":[{\"name\":\"Hero\",\"type\":\"section\",\"props\":{\"animation_delay\":false,\"header_transparent\":true,\"header_transparent_noplaceholder\":true,\"header_transparent_text_color\":\"light\",\"image_position\":\"center-center\",\"overlap\":false,\"padding\":\"none\",\"style\":\"default\",\"title_breakpoint\":\"xl\",\"title_position\":\"top-left\",\"title_rotation\":\"left\",\"vertical_align\":\"\",\"width\":\"\"},\"children\":[{\"type\":\"row\",\"children\":[{\"type\":\"column\",\"props\":{\"image_position\":\"center-center\",\"position_sticky_breakpoint\":\"m\",\"width_medium\":\"1-1\"},\"children\":[{\"type\":\"slideshow\",\"props\":{\"animation\":\"fade\",\"css\":\".el-element a.el-link.uk-button.uk-button-primary.uk-button-large {\\n    background-color: #00a783;\\n    color: #fcfcfb;\\n}\\n\\na.el-link.uk-button.uk-button-primary.uk-button-large:hover {\\n    background-color: #00745b;\\n    color: #fcfcfb;\\n}\",\"image_width\":\"2560\",\"link_parallax_opacity\":\"0,1,1\",\"link_parallax_y\":\"50,0,0\",\"link_size\":\"large\",\"link_style\":\"primary\",\"link_target\":true,\"link_text\":\"\",\"margin\":\"default\",\"meta_align\":\"below-title\",\"meta_element\":\"div\",\"meta_parallax_opacity\":\"0,1,1\",\"meta_parallax_y\":\"-50,0,0\",\"meta_style\":\"h6\",\"nav\":\"dotnav\",\"nav_align\":\"center\",\"nav_breakpoint\":\"\",\"nav_position\":\"bottom-center\",\"nav_position_margin\":\"medium\",\"overlay_animation\":\"parallax\",\"overlay_container\":\"default\",\"overlay_position\":\"center\",\"overlay_width\":\"xlarge\",\"show_content\":true,\"show_link\":true,\"show_meta\":true,\"show_thumbnail\":true,\"show_title\":true,\"slidenav\":\"default\",\"slidenav_breakpoint\":\"m\",\"slidenav_hover\":true,\"slidenav_margin\":\"medium\",\"slidenav_outside_breakpoint\":\"xl\",\"slideshow_autoplay\":false,\"slideshow_autoplay_pause\":true,\"slideshow_kenburns\":\"alternate\",\"slideshow_max_height\":\"600\",\"slideshow_min_height\":\"400\",\"slideshow_ratio\":\"16:7\",\"slideshow_velocity\":0.6,\"text_align\":\"center\",\"text_align_fallback\":\"center\",\"text_color\":\"light\",\"thumbnav_height\":\"75\",\"thumbnav_svg_color\":\"emphasis\",\"thumbnav_width\":\"100\",\"title_element\":\"h1\",\"title_hover_style\":\"reset\",\"title_parallax_opacity\":\"0,1,1\",\"title_parallax_x\":\"-200,0,200\",\"title_style\":\"h1\"},\"children\":[{\"type\":\"slideshow_item\",\"props\":{\"content\":\"\n\n<p>Giv en oplevelsesgave til dem du holder af<\\\/p>\\n\n\n<p><a href=\\\"#gavekort\\\" class=\\\"el-content uk-width-1-1 uk-button uk-button-primary uk-button-large\\\" title=\\\"kob gavekort\\\">K\\u00f8b gavekort her<\\\/a><\\\/p>\",\"image\":\"wp-content\\\/uploads\\\/black-map.jpg\",\"link_text\":\"K\\u00f8b gavekort her\",\"media_overlay\":\"rgba(0, 0, 0, 0.5)\",\"meta\":\"\",\"title\":\"Gavekort\"}}]}]}]}]},{\"type\":\"section\",\"props\":{\"image_position\":\"center-center\",\"style\":\"default\",\"title_breakpoint\":\"xl\",\"title_position\":\"top-left\",\"title_rotation\":\"left\",\"vertical_align\":\"\",\"width\":\"default\"},\"children\":[{\"type\":\"row\",\"children\":[{\"type\":\"column\",\"props\":{\"image_position\":\"center-center\",\"position_sticky_breakpoint\":\"m\"},\"children\":[{\"type\":\"panel\",\"props\":{\"content\":\"\n\n<p style=\\\"text-align: left;\\\"><span>Mangler du en helt s\\u00e6rlig gave til en du holder af? Eller er du p\\u00e5 jagt efter en sjov og anerledes firmagave? Overrask dem med et gavekort, der \\u00e5bner en verden af mysterier.<\\\/span><\\\/p>\\n\n\n<p style=\\\"text-align: left;\\\"><span>Hos Mystery Makers fylder vi den velkendte verden med g\\u00e5der, spor og mysterieoplevelser. Med vores\\u00a0<a href=\\\"\\\/om-mystery-hunt\\\/\\\">Mystery Hunt<\\\/a>\\u00a0og\\u00a0<a href=\\\"\\\/om-mystery-room\\\/\\\">Mystery Room<\\\/a>, laver vi underholdende Da Vinci inspirerede g\\u00e5dejagter og g\\u00e5derum, hvor deltagerne bliver klogere p\\u00e5 sig selv og dem, de er sammen med.<\\\/span><\\\/p>\\n\n\n<p style=\\\"text-align: left;\\\"><span>Vores oplevelser egner sig rigtigt godt til arrangementer som f\\u00f8dselsdage, jubil\\u00e6er og endda\\u00a0<a href=\\\"https:\\\/\\\/mysterymakers.dk\\\/virksomheder\\\/\\\">teambuilding-events<\\\/a> for st\\u00f8rre virksomheder, der \\u00f8nsker at teste deres medarbejderes samarbejdsevner under unikke forhold.<\\\/span><\\\/p>\\n\n\n<p style=\\\"text-align: left;\\\"><span>Bestil dit gavekort nu. Om f\\u00e5 \\u00f8jeblikke kan du have dit gavekort fra Mystery Makers liggende i din indbakke. Det mindste bel\\u00f8b du kan bestille for er 200,-<\\\/span><\\\/p>\\n\n\n<p style=\\\"text-align: left;\\\"><a href=\\\"#gavekort\\\" class=\\\"el-content uk-width-1-1 uk-button uk-button-danger uk-button-large\\\" title=\\\"kob gavekort\\\">K\\u00f8b gavekort her<\\\/a><\\\/p>\",\"content_column_breakpoint\":\"m\",\"icon_width\":80,\"image\":\"wp-content\\\/uploads\\\/gavekort-img.jpg\",\"image_align\":\"left\",\"image_border\":\"circle\",\"image_grid_breakpoint\":\"m\",\"image_grid_width\":\"1-2\",\"image_svg_color\":\"emphasis\",\"image_vertical_align\":true,\"link_style\":\"danger\",\"link_target\":false,\"link_text\":\"K\\u00d8B GAVEKORT HER\",\"margin\":\"default\",\"meta_align\":\"below-title\",\"meta_element\":\"div\",\"meta_style\":\"text-meta\",\"text_align\":\"left\",\"text_align_breakpoint\":\"m\",\"text_align_fallback\":\"center\",\"title\":\"PRISVINDENDE G\\u00c5DEOPLEVELSER I K\\u00d8BENHAVN\",\"title_align\":\"top\",\"title_element\":\"h3\",\"title_grid_breakpoint\":\"m\",\"title_grid_width\":\"1-2\",\"title_hover_style\":\"reset\"}}]}]}]},{\"type\":\"section\",\"props\":{\"id\":\"gavekort\",\"image_position\":\"center-center\",\"status\":\"disabled\",\"style\":\"default\",\"title_breakpoint\":\"xl\",\"title_position\":\"top-left\",\"title_rotation\":\"left\",\"vertical_align\":\"\",\"width\":\"default\"},\"children\":[{\"type\":\"row\",\"children\":[{\"type\":\"column\",\"props\":{\"image_position\":\"center-center\",\"position_sticky_breakpoint\":\"m\"},\"children\":[{\"type\":\"html\",\"props\":{\"content\":\" [checkfront category_id=\\\"14\\\" options=category_select,hidesearch,hidedates locale_id=da_DK\\\"]\"}}]}]}]},{\"type\":\"section\",\"props\":{\"id\":\"gavekort\",\"image_position\":\"center-center\",\"style\":\"default\",\"title_breakpoint\":\"xl\",\"title_position\":\"top-left\",\"title_rotation\":\"left\",\"vertical_align\":\"\",\"width\":\"default\"},\"children\":[{\"type\":\"row\",\"children\":[{\"type\":\"column\",\"props\":{\"image_position\":\"center-center\",\"position_sticky_breakpoint\":\"m\"},\"children\":[{\"type\":\"text\",\"props\":{\"column_breakpoint\":\"m\",\"content\":\"\n\n<p>[checkfront category_id=\\\"14\\\" options=category_select,hidesearch,hidedates lang_id=\\\"da\\\" locale_id=da_DK\\\"]<\\\/p>\",\"margin\":\"default\"},\"source\":{\"query\":{\"name\":\"site\"},\"props\":{\"_condition\":{\"filters\":{\"condition\":\"=\",\"condition_value\":\"\\\/koeb-gavekort\\\/\"},\"arguments\":{\"query\":false},\"name\":\"page_url\"}}},\"name\":\"booking dansk\"},{\"type\":\"text\",\"props\":{\"column_breakpoint\":\"m\",\"content\":\"[checkfront category_id=\\\"14\\\" options=category_select,hidesearch,hidedates lang_id=\\\"en\\\"]\",\"margin\":\"default\"},\"source\":{\"query\":{\"name\":\"site\"},\"props\":{\"_condition\":{\"filters\":{\"condition\":\"~=\",\"condition_value\":\"\\\/en\\\/\"},\"arguments\":{\"query\":false},\"name\":\"page_url\"}}},\"name\":\"booking engelsk\"}]}]}],\"name\":\"Booking (dansk og engelsk)\"},{\"type\":\"section\",\"props\":{\"css\":\".el-section {\\n    z-index: -1000px;\\n}\",\"image_position\":\"center-center\",\"style\":\"muted\",\"title_breakpoint\":\"xl\",\"title_position\":\"top-left\",\"title_rotation\":\"left\",\"vertical_align\":\"\",\"width\":\"default\"},\"children\":[{\"type\":\"row\",\"children\":[{\"type\":\"column\",\"props\":{\"image_position\":\"center-center\",\"position_sticky_breakpoint\":\"m\"},\"children\":[{\"type\":\"panel\",\"props\":{\"content\":\"\n\n<p><span>Gavekortet kan bruges til vores Mystery Room og Mystery Hunt oplevelser. N\\u00e5r du har valgt den oplevelse og den tid du \\u00f8nsker, indtaster du den unikke kode, du har f\\u00e5et med gavekortet.<\\\/span><\\\/p>\\n\n\n<p>Gavekort er gyldige i 2 \\u00e5r fra k\\u00f8bsdatoen og kan ikke ombyttes til kontanter.<\\\/p>\\n\n\n<p>N\\u00e5r du k\\u00f8ber gavekort online, skal du<span>\\u00a0<\\\/span><strong>kun<\\\/strong><span>\\u00a0<\\\/span>udfylde dine egne oplysninger.<\\\/p>\\n\n\n<p>Gavekort kan ikke bruges som betaling af entr\\u00e9 til Kronborg Slot, Christiansborg Slot eller Thorvaldsens Museum.<\\\/p>\",\"content_column_breakpoint\":\"m\",\"css\":\".el-element {\\n    z-index: 1000px;\\n}\",\"icon_width\":80,\"image\":\"wp-content\\\/uploads\\\/FysiskGavekort-e1606474001388.jpg\",\"image_align\":\"left\",\"image_grid_breakpoint\":\"m\",\"image_grid_width\":\"1-3\",\"image_svg_color\":\"emphasis\",\"link_style\":\"default\",\"link_text\":\"Read more\",\"margin\":\"default\",\"meta_align\":\"below-title\",\"meta_element\":\"div\",\"meta_style\":\"text-meta\",\"panel_expand\":\"image\",\"panel_image_no_padding\":true,\"panel_padding\":\"default\",\"panel_style\":\"card-default\",\"title\":\"PRAKTISK INFORMATION\",\"title_align\":\"top\",\"title_element\":\"h3\",\"title_grid_breakpoint\":\"m\",\"title_grid_width\":\"1-2\",\"title_hover_style\":\"reset\"}}]}]}]},{\"type\":\"section\",\"props\":{\"image_position\":\"center-center\",\"style\":\"default\",\"title_breakpoint\":\"xl\",\"title_position\":\"top-left\",\"title_rotation\":\"left\",\"vertical_align\":\"\",\"width\":\"default\"},\"children\":[{\"type\":\"row\",\"children\":[{\"type\":\"column\",\"props\":{\"image_position\":\"center-center\",\"position_sticky_breakpoint\":\"m\"},\"children\":[{\"type\":\"overlay-slider\",\"props\":{\"image_height\":\"600\",\"link_style\":\"default\",\"link_text\":\"Read more\",\"margin\":\"default\",\"margin_remove_bottom\":false,\"meta_align\":\"below-title\",\"meta_element\":\"div\",\"meta_style\":\"text-meta\",\"nav\":\"\",\"nav_align\":\"center\",\"nav_below\":true,\"nav_breakpoint\":\"\",\"nav_position\":\"bottom-center\",\"nav_position_margin\":\"medium\",\"overlay_mode\":\"cover\",\"overlay_position\":\"center\",\"overlay_transition\":\"fade\",\"show_content\":true,\"show_hover_image\":true,\"show_hover_video\":true,\"show_link\":true,\"show_meta\":true,\"show_title\":true,\"slidenav\":\"default\",\"slidenav_breakpoint\":\"s\",\"slidenav_hover\":true,\"slidenav_large\":false,\"slidenav_margin\":\"medium\",\"slidenav_outside_breakpoint\":\"xl\",\"slider_autoplay\":true,\"slider_autoplay_interval\":\"5\",\"slider_autoplay_pause\":false,\"slider_gap\":\"small\",\"slider_width\":\"fixed\",\"slider_width_default\":\"5-6\",\"slider_width_medium\":\"1-2\",\"text_align\":\"center\",\"title_element\":\"h3\",\"title_hover_style\":\"reset\"},\"children\":[{\"type\":\"overlay-slider_item\",\"props\":{\"image\":\"wp-content\\\/uploads\\\/kimwendt-3747-1.jpg\"}},{\"type\":\"overlay-slider_item\",\"props\":{\"image\":\"wp-content\\\/uploads\\\/The-Ritual-Mystery-Room-1-1.jpg\"}},{\"type\":\"overlay-slider_item\",\"props\":{\"image\":\"wp-content\\\/uploads\\\/628989765504589-problembo.com_.jpg\",\"image_alt\":\"Mystery Room Killing Room\"}},{\"type\":\"overlay-slider_item\",\"props\":{\"image\":\"wp-content\\\/uploads\\\/kimwendt-4787.jpg\"}}]}]}]}]}],\"version\":\"4.5.27\"} --><\/p>\n","protected":false},"excerpt":{"rendered":"<p>Gavekort Giv en oplevelsesgave til dem du holder af K\u00f8b gavekort her PRISVINDENDE G\u00c5DEOPLEVELSER I K\u00d8BENHAVN Mangler du en helt s\u00e6rlig gave til en du holder af? Eller er du p\u00e5 jagt efter en sjov og anerledes firmagave? Overrask dem med et gavekort, der \u00e5bner en verden af mysterier. Hos Mystery Makers fylder vi den [&hellip;]<\/p>\n","protected":false},"author":1,"featured_media":0,"parent":0,"menu_order":0,"comment_status":"closed","ping_status":"closed","template":"","meta":{"_acf_changed":false,"footnotes":""},"class_list":["post-1302","page","type-page","status-publish","hentry"],"acf":[],"_wp_attached_file":null,"_wp_attachment_metadata":null,"_wp_attachment_image_alt":null,"_menu_item_type":null,"_menu_item_menu_item_parent":null,"_menu_item_object_id":null,"_menu_item_object":null,"_menu_item_target":null,"_menu_item_classes":null,"_menu_item_xfn":null,"_menu_item_url":null,"_sc_disable_sc":null,"_sc_disable_admin":null,"_sc_editor":null,"_sc_allowed_devices":null,"wpml_media_processed":null,"_wp_page_template":null,"_wpcode_auto_insert":null,"_wpcode_auto_insert_number":null,"_wpcode_library_id":null,"_wpcode_conditional_logic_enabled":null,"_wpcode_priority":null,"_wpcode_note":null,"_wpcode_conditional_logic":null,"_yoast_wpseo_meta-robots-noindex":null,"_sc_description":null,"_yoast_wpseo_primary_category":null,"_oembed_0cc52318f6774d9ee312b83fd2dce3c1":null,"_oembed_time_0cc52318f6774d9ee312b83fd2dce3c1":null,"_wp_attachment_backup_sizes":null,"wp-smush-lossy":null,"wp-smpro-smush-data":null,"wp-smush-pngjpg_savings":null,"wp-smush-ignore-bulk":null,"_pum_built_in":null,"_pum_default_theme":null,"popup_theme_data_version":null,"popup_theme_settings":null,"popup_title":null,"enabled":null,"popup_settings":null,"data_version":null,"popup_open_count":null,"popup_conversion_count":null,"_aoc_tab":null,"_aoc_popup_goal":null,"_aoc_display_type":null,"_aoc_popup_appear":null,"_aoc_behaviour":null,"_aoc_content":null,"_aoc_design":null,"_aoc_advance":null,"_aoc_custom_css":null,"wpforms_form_locations":null,"popup_open_count_total":null,"popup_last_opened":null,"_pum_user_modified":null,"popup_theme_overlay":null,"popup_theme_container":null,"popup_theme_title":null,"popup_theme_content":null,"popup_theme_close":null,"_yoast_wpseo_meta-robots-nofollow":null,"_top_nav_excluded":null,"_cms_nav_minihome":null,"_wp_desired_post_slug":null,"wp-smush-transparent":null,"_thumbnail_id":null,"_yoast_wpseo_opengraph-image":null,"_yoast_wpseo_opengraph-image-id":null,"_trp_translated_slug_en_gb":null,"_emr_replace_author":null,"popup_data":null,"popup_type":null,"popup_goal":null,"popup_goal_action":null,"popup_placement":null,"popup_devices":null,"popup_views":null,"popup_conversion":null,"_pingme":null,"_encloseme":null,"_edit_lock":"1763387461:12","_edit_last":"2","_wp_old_slug":null,"_wp_old_date":null,"_wpml_word_count":"{\"total\":257,\"to_translate\":{\"en\":257}}","_wpml_media_featured":"1","_wpml_media_duplicate":"1","_last_translation_edit_mode":null,"_yoast_wpseo_title":"Gavekort til Mystery Makers - Giv dine n\u00e6rmeste en oplevelsesgave","_yoast_wpseo_metadesc":"Hos Mystery Makers har du mulighed for at k\u00f8be et gavekort og give dine venner eller familie et unik gave. K\u00f8b dit gavekort lige her. Hurtig levering.","_yoast_wpseo_content_score":null,"_yoast_wpseo_estimated-reading-time-minutes":"0","_yoast_wpseo_wordproof_timestamp":"","_pinterest_shares":null,"_total_shares":null,"swp_cache_timestamp":null,"_trp_automatically_translated_slug_en_gb":null,"overskrift":null,"_overskrift":null,"tekst":null,"_tekst":null,"brodtekst":null,"_brodtekst":null,"h1_overskrift":null,"_h1_overskrift":null,"hero-tekst":null,"_hero-tekst":null,"brodtekst_2":null,"_brodtekst_2":null,"yoast_head":"<!-- This site is optimized with the Yoast SEO plugin v27.3 - https:\/\/yoast.com\/product\/yoast-seo-wordpress\/ -->\n<title>Gavekort til Mystery Makers - Giv dine n\u00e6rmeste en oplevelsesgave<\/title>\n<meta name=\"description\" content=\"Hos Mystery Makers har du mulighed for at k\u00f8be et gavekort og give dine venner eller familie et unik gave. K\u00f8b dit gavekort lige her. Hurtig levering.\" \/>\n<meta name=\"robots\" content=\"index, follow, max-snippet:-1, max-image-preview:large, max-video-preview:-1\" \/>\n<link rel=\"canonical\" href=\"https:\/\/mysterymakers.dk\/en\/buy-gift-cards\/\" \/>\n<meta property=\"og:locale\" content=\"en_GB\" \/>\n<meta property=\"og:type\" content=\"article\" \/>\n<meta property=\"og:title\" content=\"Gavekort til Mystery Makers - Giv dine n\u00e6rmeste en oplevelsesgave\" \/>\n<meta property=\"og:description\" content=\"Hos Mystery Makers har du mulighed for at k\u00f8be et gavekort og give dine venner eller familie et unik gave. K\u00f8b dit gavekort lige her. Hurtig levering.\" \/>\n<meta property=\"og:url\" content=\"https:\/\/mysterymakers.dk\/en\/buy-gift-cards\/\" \/>\n<meta property=\"og:site_name\" content=\"Mystery Makers\" \/>\n<meta property=\"article:modified_time\" content=\"2025-11-17T21:30:26+00:00\" \/>\n<meta property=\"og:image\" content=\"https:\/\/mysterymakers.dk\/wp-content\/uploads\/Mystery-Hunt-Christiansborg-01-1.jpg\" \/>\n\t<meta property=\"og:image:width\" content=\"1911\" \/>\n\t<meta property=\"og:image:height\" content=\"1078\" \/>\n\t<meta property=\"og:image:type\" content=\"image\/jpeg\" \/>\n<meta name=\"twitter:card\" content=\"summary_large_image\" \/>\n<script type=\"application\/ld+json\" class=\"yoast-schema-graph\">{\"@context\":\"https:\\\/\\\/schema.org\",\"@graph\":[{\"@type\":\"WebPage\",\"@id\":\"https:\\\/\\\/mysterymakers.dk\\\/en\\\/koeb-gavekort\\\/\",\"url\":\"https:\\\/\\\/mysterymakers.dk\\\/en\\\/koeb-gavekort\\\/\",\"name\":\"Gavekort til Mystery Makers - Giv dine n\u00e6rmeste en oplevelsesgave\",\"isPartOf\":{\"@id\":\"https:\\\/\\\/mysterymakers.dk\\\/en\\\/#website\"},\"datePublished\":\"2022-08-15T12:00:01+00:00\",\"dateModified\":\"2025-11-17T21:30:26+00:00\",\"description\":\"Hos Mystery Makers har du mulighed for at k\u00f8be et gavekort og give dine venner eller familie et unik gave. K\u00f8b dit gavekort lige her. Hurtig levering.\",\"breadcrumb\":{\"@id\":\"https:\\\/\\\/mysterymakers.dk\\\/en\\\/koeb-gavekort\\\/#breadcrumb\"},\"inLanguage\":\"en-GB\",\"potentialAction\":[{\"@type\":\"ReadAction\",\"target\":[\"https:\\\/\\\/mysterymakers.dk\\\/en\\\/koeb-gavekort\\\/\"]}]},{\"@type\":\"BreadcrumbList\",\"@id\":\"https:\\\/\\\/mysterymakers.dk\\\/en\\\/koeb-gavekort\\\/#breadcrumb\",\"itemListElement\":[{\"@type\":\"ListItem\",\"position\":1,\"name\":\"Hjem\",\"item\":\"https:\\\/\\\/mysterymakers.dk\\\/\"},{\"@type\":\"ListItem\",\"position\":2,\"name\":\"Gavekort\"}]},{\"@type\":\"WebSite\",\"@id\":\"https:\\\/\\\/mysterymakers.dk\\\/en\\\/#website\",\"url\":\"https:\\\/\\\/mysterymakers.dk\\\/en\\\/\",\"name\":\"Mystery Makers\",\"description\":\"Mange timers underholdning med venner og kollegaer\",\"potentialAction\":[{\"@type\":\"SearchAction\",\"target\":{\"@type\":\"EntryPoint\",\"urlTemplate\":\"https:\\\/\\\/mysterymakers.dk\\\/en\\\/?s={search_term_string}\"},\"query-input\":{\"@type\":\"PropertyValueSpecification\",\"valueRequired\":true,\"valueName\":\"search_term_string\"}}],\"inLanguage\":\"en-GB\"}]}<\/script>\n<!-- \/ Yoast SEO plugin. -->","yoast_head_json":{"title":"Gift vouchers for Mystery Makers - Give your loved ones an experience gift","description":"At Mystery Makers you can buy a gift voucher and give your friends or family a unique gift. Buy your gift voucher right here. Fast delivery.","robots":{"index":"index","follow":"follow","max-snippet":"max-snippet:-1","max-image-preview":"max-image-preview:large","max-video-preview":"max-video-preview:-1"},"canonical":"https:\/\/mysterymakers.dk\/en\/buy-gift-cards\/","og_locale":"en_GB","og_type":"article","og_title":"Gavekort til Mystery Makers - Giv dine n\u00e6rmeste en oplevelsesgave","og_description":"Hos Mystery Makers har du mulighed for at k\u00f8be et gavekort og give dine venner eller familie et unik gave. K\u00f8b dit gavekort lige her. Hurtig levering.","og_url":"https:\/\/mysterymakers.dk\/en\/buy-gift-cards\/","og_site_name":"Mystery Makers","article_modified_time":"2025-11-17T21:30:26+00:00","og_image":[{"width":1911,"height":1078,"url":"https:\/\/mysterymakers.dk\/wp-content\/uploads\/Mystery-Hunt-Christiansborg-01-1.jpg","type":"image\/jpeg"}],"twitter_card":"summary_large_image","schema":{"@context":"https:\/\/schema.org","@graph":[{"@type":"WebPage","@id":"https:\/\/mysterymakers.dk\/en\/koeb-gavekort\/","url":"https:\/\/mysterymakers.dk\/en\/koeb-gavekort\/","name":"Gift vouchers for Mystery Makers - Give your loved ones an experience gift","isPartOf":{"@id":"https:\/\/mysterymakers.dk\/en\/#website"},"datePublished":"2022-08-15T12:00:01+00:00","dateModified":"2025-11-17T21:30:26+00:00","description":"At Mystery Makers you can buy a gift voucher and give your friends or family a unique gift. Buy your gift voucher right here. Fast delivery.","breadcrumb":{"@id":"https:\/\/mysterymakers.dk\/en\/koeb-gavekort\/#breadcrumb"},"inLanguage":"en-GB","potentialAction":[{"@type":"ReadAction","target":["https:\/\/mysterymakers.dk\/en\/koeb-gavekort\/"]}]},{"@type":"BreadcrumbList","@id":"https:\/\/mysterymakers.dk\/en\/koeb-gavekort\/#breadcrumb","itemListElement":[{"@type":"ListItem","position":1,"name":"Hjem","item":"https:\/\/mysterymakers.dk\/"},{"@type":"ListItem","position":2,"name":"Gavekort"}]},{"@type":"WebSite","@id":"https:\/\/mysterymakers.dk\/en\/#website","url":"https:\/\/mysterymakers.dk\/en\/","name":"Mystery Makers","description":"Hours of entertainment with friends and colleagues","potentialAction":[{"@type":"SearchAction","target":{"@type":"EntryPoint","urlTemplate":"https:\/\/mysterymakers.dk\/en\/?s={search_term_string}"},"query-input":{"@type":"PropertyValueSpecification","valueRequired":true,"valueName":"search_term_string"}}],"inLanguage":"en-GB"}]}},"_links":{"self":[{"href":"https:\/\/mysterymakers.dk\/en\/wp-json\/wp\/v2\/pages\/1302","targetHints":{"allow":["GET"]}}],"collection":[{"href":"https:\/\/mysterymakers.dk\/en\/wp-json\/wp\/v2\/pages"}],"about":[{"href":"https:\/\/mysterymakers.dk\/en\/wp-json\/wp\/v2\/types\/page"}],"author":[{"embeddable":true,"href":"https:\/\/mysterymakers.dk\/en\/wp-json\/wp\/v2\/users\/1"}],"replies":[{"embeddable":true,"href":"https:\/\/mysterymakers.dk\/en\/wp-json\/wp\/v2\/comments?post=1302"}],"version-history":[{"count":5,"href":"https:\/\/mysterymakers.dk\/en\/wp-json\/wp\/v2\/pages\/1302\/revisions"}],"predecessor-version":[{"id":5983,"href":"https:\/\/mysterymakers.dk\/en\/wp-json\/wp\/v2\/pages\/1302\/revisions\/5983"}],"wp:attachment":[{"href":"https:\/\/mysterymakers.dk\/en\/wp-json\/wp\/v2\/media?parent=1302"}],"curies":[{"name":"wp","href":"https:\/\/api.w.org\/{rel}","templated":true}]}}