{"id":1229,"date":"2022-08-15T08:45:41","date_gmt":"2022-08-15T08:45:41","guid":{"rendered":"https:\/\/mysterymakers.dk\/?page_id=1229"},"modified":"2023-09-15T09:16:22","modified_gmt":"2023-09-15T09:16:22","slug":"event-map","status":"publish","type":"page","link":"https:\/\/mysterymakers.dk\/en\/kort-over-events\/","title":{"rendered":"Event map"},"content":{"rendered":"<div>\n<p>    <img decoding=\"async\" src=\"\/wp-content\/uploads\/black-map.jpg\" alt=\"\"><\/p>\n<h1>Oplevelser i K\u00f8benhavn<\/h1>\n<\/div>\n<div>MYSTERY ROOM\u2122<\/div>\n<div>\n<p><strong>The Killing Room\u2122<\/strong><br \/>Bornholmsgade 3<br \/>1266 K\u00f8benhavn K<\/p>\n<p><strong>The Lab\u2122<\/strong><br \/>Gr\u00f8nningen 15<br \/>1270 K\u00f8benhavn K<\/p>\n<p><strong>The Ritual\u2122<\/strong><br \/>Hammerensgade 6<br \/>1267 K\u00f8benhavn K<\/p>\n<p><span>Alle vores Mystery Room ligger i vores egne lokale p\u00e5 centrale placeringer i det indre K\u00f8benhavn. Vores lokaler er nemme at tilg\u00e5 med b\u00e5de cykel, bil og bus.<\/span><\/p>\n<\/div>\n<ul>\n<li>\n<p>55.6880,12.5909<\/p>\n<h5>The Killing Room\u2122<\/h5>\n<div>\n<p><span>Bornholmsgade 3<\/span><br \/><span>1266 K\u00f8benhavn K<\/span><\/p>\n<\/div>\n<\/li>\n<li>\n<p>55.6875,12.5922<\/p>\n<h5>The Lab\u2122<\/h5>\n<div>\n<p><span>Gr\u00f8nningen 15<\/span><br \/><span>1270 K\u00f8benhavn K<\/span><\/p>\n<\/div>\n<\/li>\n<li>\n<p>55.6883,12.5906<\/p>\n<h5>The Ritual\u2122<\/h5>\n<div>\n<p><span>Hammerensgade 6<\/span><br \/><span>1267 K\u00f8benhavn K<\/span><\/p>\n<\/div>\n<\/li>\n<\/ul>\n<hr>\n<div>MYSTERY HUNT\u2122<\/div>\n<div>\n<p><strong>Kongens Have<\/strong><br \/>\u00d8ster Voldgade 4A<br \/>1350 K\u00f8benhavn<\/p>\n<p><strong>Christiansborg Slot<\/strong><br \/>Prins J\u00f8rgens G\u00e5rd 5<br \/>1218 K\u00f8benhavn<\/p>\n<p><strong>Kastellet<br \/><\/strong>Gl. Hovedvagt<br \/>Kastellet 1<br \/>2100 K\u00f8benhavn \u00d8<strong><br \/><\/strong><\/p>\n<p><strong>Kronborg Slot<\/strong><br \/>Kronborg 2 C<br \/>3000 Helsing\u00f8r<\/p>\n<p><b>Assistens Kirkeg\u00e5rd<br \/><\/b>Kapelvej 2<br \/>2200 K\u00f8benhavn N<\/p>\n<p><strong>K\u00f8dbyen<\/strong><br \/>Slagterboderne<br \/>1716 K\u00f8benhavn V<\/p>\n<p><strong>\u00d8rstedsparken<\/strong><br \/>N\u00f8rre Voldgade 1\u00a0<br \/>1358 K\u00f8benhavn<\/p>\n<p>Alle vores Mystery Hunt finder sted p\u00e5 historiske lokationer, der bidrager til at give en helt unik oplevelse, som I ikke finder andre steder. F\u00e5 Danmarkshistorien helt ind under huden.<\/p>\n<\/div>\n<ul>\n<li>\n<p>55.6849,12.574<\/p>\n<h5>Kongens Have<\/h5>\n<div>\n<p><span>\u00d8ster Voldgade 4A<\/span><br \/><span>1350 K\u00f8benhavn<\/span><\/p>\n<\/div>\n<\/li>\n<li>\n<p>55.6769,12.58<\/p>\n<h5>Christiansborg Slot<\/h5>\n<div>\n<p><span>Prins J\u00f8rgens G\u00e5rd 5<\/span><br \/><span>1218 K\u00f8benhavn<\/span><\/p>\n<\/div>\n<\/li>\n<li>\n<p>55.6899,12.5952<\/p>\n<h5>Kastellet<\/h5>\n<div>\n<p><span>Gl. Hovedvagt<\/span><br \/><span>Kastellet 1<\/span><br \/><span>2100 K\u00f8benhavn \u00d8<\/span><\/p>\n<\/div>\n<\/li>\n<li>\n<p>56.0383,12.62<\/p>\n<h5>Kronborg Slot<\/h5>\n<div>\n<p><span>Kronborg 2 C<\/span><br \/><span>3000 Helsing\u00f8r<\/span><\/p>\n<\/div>\n<\/li>\n<li>\n<p>55.6894205,12.5529767<\/p>\n<h5>Assistens Kirkeg\u00e5rd<\/h5>\n<div>\n<p><span>Kapelvej 2<\/span><br \/><span>2200 K\u00f8benhavn N<\/span><\/p>\n<\/div>\n<\/li>\n<li>\n<p>55.6688509,12.5587908<\/p>\n<h5>K\u00f8dbyen<\/h5>\n<div>\n<p><span>Slagterboderne<\/span><br \/><span>1716 K\u00f8benhavn V<\/span><\/p>\n<\/div>\n<\/li>\n<li>\n<p>55.6808303,12.5673123<\/p>\n<h5>\u00d8rstedsparken<\/h5>\n<div>\n<p><span>N\u00f8rre Voldgade 1\u00a0<\/span><br \/><span>1358 K\u00f8benhavn<\/span><\/p>\n<\/div>\n<\/li>\n<\/ul>\n<p><!--more--><br \/>\n<!-- {\"name\":\"Mystery Hunt - Fuld layout\",\"type\":\"layout\",\"children\":[{\"name\":\"Top - map bg\",\"type\":\"section\",\"props\":{\"animation_delay\":false,\"header_transparent\":\"light\",\"header_transparent_noplaceholder\":true,\"image_position\":\"center-center\",\"overlap\":false,\"padding\":\"none\",\"style\":\"default\",\"title_breakpoint\":\"xl\",\"title_position\":\"top-left\",\"title_rotation\":\"left\",\"vertical_align\":\"\",\"width\":\"\"},\"children\":[{\"type\":\"row\",\"children\":[{\"type\":\"column\",\"props\":{\"image_position\":\"center-center\",\"position_sticky_breakpoint\":\"m\",\"width_medium\":\"1-1\"},\"children\":[{\"type\":\"slideshow\",\"props\":{\"animation\":\"fade\",\"css\":\"@media screen and (max-width: 500px) {\\n    .el-title{font-size:18px;}   \\n    \\n}\",\"image_width\":\"2560\",\"link_parallax_opacity\":\"0,1,1\",\"link_parallax_y\":\"50,0,0\",\"link_size\":\"large\",\"link_style\":\"danger\",\"link_text\":\"\",\"margin\":\"default\",\"meta_align\":\"below-title\",\"meta_element\":\"div\",\"meta_parallax_opacity\":\"0,1,1\",\"meta_parallax_y\":\"-50,0,0\",\"meta_style\":\"h6\",\"nav\":\"dotnav\",\"nav_align\":\"center\",\"nav_breakpoint\":\"\",\"nav_position\":\"bottom-center\",\"nav_position_margin\":\"medium\",\"overlay_animation\":\"parallax\",\"overlay_container\":\"default\",\"overlay_position\":\"center\",\"overlay_width\":\"xlarge\",\"show_content\":true,\"show_link\":true,\"show_meta\":true,\"show_thumbnail\":true,\"show_title\":true,\"slidenav\":\"default\",\"slidenav_breakpoint\":\"m\",\"slidenav_hover\":true,\"slidenav_margin\":\"medium\",\"slidenav_outside_breakpoint\":\"xl\",\"slideshow_autoplay\":false,\"slideshow_autoplay_pause\":true,\"slideshow_kenburns\":\"alternate\",\"slideshow_max_height\":\"300\",\"slideshow_min_height\":\"250\",\"slideshow_ratio\":\"16:7\",\"slideshow_velocity\":0.59999999999999998,\"text_align\":\"center\",\"text_align_fallback\":\"center\",\"text_color\":\"light\",\"thumbnav_height\":\"75\",\"thumbnav_svg_color\":\"emphasis\",\"thumbnav_width\":\"100\",\"title_element\":\"h1\",\"title_parallax_opacity\":\"0,1,1\",\"title_parallax_x\":\"-200,0,200\"},\"children\":[{\"type\":\"slideshow_item\",\"props\":{\"content\":\"\",\"image\":\"wp-content\\\/uploads\\\/black-map.jpg\",\"media_overlay\":\"rgba(0, 0, 0, 0.5)\",\"meta\":\"\",\"title\":\"Oplevelser i K\\u00f8benhavn\"}}]}]}]}]},{\"type\":\"section\",\"props\":{\"image_position\":\"center-center\",\"style\":\"default\",\"title_breakpoint\":\"xl\",\"title_position\":\"top-left\",\"title_rotation\":\"left\",\"vertical_align\":\"middle\",\"width\":\"default\"},\"children\":[{\"type\":\"row\",\"props\":{\"layout\":\"2-5,3-5\"},\"children\":[{\"type\":\"column\",\"props\":{\"image_position\":\"center-center\",\"position_sticky_breakpoint\":\"m\",\"width_medium\":\"2-5\"},\"children\":[{\"type\":\"headline\",\"props\":{\"content\":\"MYSTERY ROOM\\u2122\",\"title_element\":\"div\",\"title_style\":\"h2\"}},{\"type\":\"text\",\"props\":{\"column_breakpoint\":\"m\",\"content\":\"\n\n<p><strong>The Killing Room\\u2122<\\\/strong><br \\\/>Bornholmsgade 3<br \\\/>1266 K\\u00f8benhavn K<\\\/p>\\n\n\n<p><strong>The Lab\\u2122<\\\/strong><br \\\/>Gr\\u00f8nningen 15<br \\\/>1270 K\\u00f8benhavn K<\\\/p>\\n\n\n<p><strong>The Ritual\\u2122<\\\/strong><br \\\/>Hammerensgade 6<br \\\/>1267 K\\u00f8benhavn K<\\\/p>\\n\n\n<p><span>Alle vores Mystery Room ligger i vores egne lokale p\\u00e5 centrale placeringer i det indre K\\u00f8benhavn. Vores lokaler er nemme at tilg\\u00e5 med b\\u00e5de cykel, bil og bus.<\\\/span><\\\/p>\",\"margin\":\"default\"}}]},{\"type\":\"column\",\"props\":{\"image_position\":\"center-center\",\"position_sticky_breakpoint\":\"m\",\"width_medium\":\"3-5\"},\"children\":[{\"type\":\"map\",\"props\":{\"controls\":true,\"dragging\":true,\"image_svg_color\":\"emphasis\",\"link_style\":\"default\",\"link_text\":\"Read more\",\"margin\":\"default\",\"max_zoom\":18,\"meta_align\":\"below-title\",\"meta_element\":\"div\",\"meta_style\":\"text-meta\",\"min_zoom\":0,\"poi\":false,\"show_content\":true,\"show_image\":true,\"show_link\":true,\"show_meta\":true,\"show_title\":true,\"styler_gamma\":\"1\",\"styler_hue\":\"#35983b0\",\"styler_invert_lightness\":false,\"styler_lightness\":\"0\",\"styler_saturation\":\"-100\",\"title_element\":\"h5\",\"title_hover_style\":\"reset\",\"title_margin\":\"small\",\"type\":\"roadmap\",\"zoom\":\"15\",\"zooming\":false},\"children\":[{\"type\":\"map_item\",\"props\":{\"content\":\"\n\n<p><span>Bornholmsgade 3<\\\/span><br \\\/><span>1266 K\\u00f8benhavn K<\\\/span><\\\/p>\",\"location\":\"55.6880,12.5909\",\"title\":\"The Killing Room\\u2122\"}},{\"type\":\"map_item\",\"props\":{\"content\":\"\n\n<p><span>Gr\\u00f8nningen 15<\\\/span><br \\\/><span>1270 K\\u00f8benhavn K<\\\/span><\\\/p>\",\"location\":\"55.6875,12.5922\",\"title\":\"The Lab\\u2122\"}},{\"type\":\"map_item\",\"props\":{\"content\":\"\n\n<p><span>Hammerensgade 6<\\\/span><br \\\/><span>1267 K\\u00f8benhavn K<\\\/span><\\\/p>\",\"location\":\"55.6883,12.5906\",\"title\":\"The Ritual\\u2122\"}}]}]}]},{\"type\":\"row\",\"children\":[{\"type\":\"column\",\"props\":{\"image_position\":\"center-center\",\"position_sticky_breakpoint\":\"m\"},\"children\":[{\"type\":\"divider\",\"props\":{\"divider_element\":\"hr\"}}]}]},{\"type\":\"row\",\"props\":{\"layout\":\"2-5,3-5\",\"match\":false},\"children\":[{\"type\":\"column\",\"props\":{\"image_position\":\"center-center\",\"position_sticky_breakpoint\":\"m\",\"width_medium\":\"2-5\"},\"children\":[{\"type\":\"headline\",\"props\":{\"content\":\"MYSTERY HUNT\\u2122\",\"title_element\":\"div\",\"title_style\":\"h2\"}},{\"type\":\"text\",\"props\":{\"column_breakpoint\":\"m\",\"content\":\"\n\n<p><strong>Kongens Have<\\\/strong><br \\\/>\\u00d8ster Voldgade 4A<br \\\/>1350 K\\u00f8benhavn<\\\/p>\\n\n\n<p><strong>Christiansborg Slot<\\\/strong><br \\\/>Prins J\\u00f8rgens G\\u00e5rd 5<br \\\/>1218 K\\u00f8benhavn<\\\/p>\\n\n\n<p><strong>Kastellet<br \\\/><\\\/strong>Gl. Hovedvagt<br \\\/>Kastellet 1<br \\\/>2100 K\\u00f8benhavn \\u00d8<strong><br \\\/><\\\/strong><\\\/p>\\n\n\n<p><strong>Kronborg Slot<\\\/strong><br \\\/>Kronborg 2 C<br \\\/>3000 Helsing\\u00f8r<\\\/p>\\n\n\n<p><b>Assistens Kirkeg\\u00e5rd<br \\\/><\\\/b>Kapelvej 2<br \\\/>2200 K\\u00f8benhavn N<\\\/p>\\n\n\n<p><strong>K\\u00f8dbyen<\\\/strong><br \\\/>Slagterboderne<br \\\/>1716 K\\u00f8benhavn V<\\\/p>\\n\n\n<p><strong>\\u00d8rstedsparken<\\\/strong><br \\\/>N\\u00f8rre Voldgade 1\\u00a0<br \\\/>1358 K\\u00f8benhavn<\\\/p>\\n\n\n<p>Alle vores Mystery Hunt finder sted p\\u00e5 historiske lokationer, der bidrager til at give en helt unik oplevelse, som I ikke finder andre steder. F\\u00e5 Danmarkshistorien helt ind under huden.<\\\/p>\",\"margin\":\"default\"}}]},{\"type\":\"column\",\"props\":{\"image_position\":\"center-center\",\"position_sticky_breakpoint\":\"m\",\"width_medium\":\"3-5\"},\"children\":[{\"type\":\"map\",\"props\":{\"controls\":true,\"dragging\":true,\"image_svg_color\":\"emphasis\",\"link_style\":\"default\",\"link_text\":\"Read more\",\"margin\":\"default\",\"max_zoom\":18,\"meta_align\":\"below-title\",\"meta_element\":\"div\",\"meta_style\":\"text-meta\",\"min_zoom\":0,\"poi\":false,\"show_content\":true,\"show_image\":true,\"show_link\":true,\"show_meta\":true,\"show_title\":true,\"styler_gamma\":\"1\",\"styler_hue\":\"#35983b0\",\"styler_lightness\":\"0\",\"styler_saturation\":\"-100\",\"title_element\":\"h5\",\"title_hover_style\":\"reset\",\"title_margin\":\"small\",\"type\":\"roadmap\",\"zoom\":\"13\",\"zooming\":false},\"children\":[{\"type\":\"map_item\",\"props\":{\"content\":\"\n\n<p><span>\\u00d8ster Voldgade 4A<\\\/span><br \\\/><span>1350 K\\u00f8benhavn<\\\/span><\\\/p>\",\"location\":\"55.6849,12.574\",\"title\":\"Kongens Have\"}},{\"type\":\"map_item\",\"props\":{\"content\":\"\n\n<p><span>Prins J\\u00f8rgens G\\u00e5rd 5<\\\/span><br \\\/><span>1218 K\\u00f8benhavn<\\\/span><\\\/p>\",\"location\":\"55.6769,12.58\",\"title\":\"Christiansborg Slot\"}},{\"type\":\"map_item\",\"props\":{\"content\":\"\n\n<p><span>Gl. Hovedvagt<\\\/span><br \\\/><span>Kastellet 1<\\\/span><br \\\/><span>2100 K\\u00f8benhavn \\u00d8<\\\/span><\\\/p>\",\"location\":\"55.6899,12.5952\",\"title\":\"Kastellet\"}},{\"type\":\"map_item\",\"props\":{\"content\":\"\n\n<p><span>Kronborg 2 C<\\\/span><br \\\/><span>3000 Helsing\\u00f8r<\\\/span><\\\/p>\",\"location\":\"56.0383,12.62\",\"title\":\"Kronborg Slot\"}},{\"type\":\"map_item\",\"props\":{\"content\":\"\n\n<p><span>Kapelvej 2<\\\/span><br \\\/><span>2200 K\\u00f8benhavn N<\\\/span><\\\/p>\",\"location\":\"55.6894205,12.5529767\",\"title\":\"Assistens Kirkeg\\u00e5rd\"}},{\"type\":\"map_item\",\"props\":{\"content\":\"\n\n<p><span>Slagterboderne<\\\/span><br \\\/><span>1716 K\\u00f8benhavn V<\\\/span><\\\/p>\",\"location\":\"55.6688509,12.5587908\",\"title\":\"K\\u00f8dbyen\"}},{\"type\":\"map_item\",\"props\":{\"content\":\"\n\n<p><span>N\\u00f8rre Voldgade 1\\u00a0<\\\/span><br \\\/><span>1358 K\\u00f8benhavn<\\\/span><\\\/p>\",\"location\":\"55.6808303,12.5673123\",\"title\":\"\\u00d8rstedsparken\"}}]}]}]}]}],\"version\":\"4.0.11\"} --><\/p>\n","protected":false},"excerpt":{"rendered":"<p>Oplevelser i K\u00f8benhavn MYSTERY ROOM\u2122 The Killing Room\u2122Bornholmsgade 31266 K\u00f8benhavn K The Lab\u2122Gr\u00f8nningen 151270 K\u00f8benhavn K The Ritual\u2122Hammerensgade 61267 K\u00f8benhavn K Alle vores Mystery Room ligger i vores egne lokale p\u00e5 centrale placeringer i det indre K\u00f8benhavn. Vores lokaler er nemme at tilg\u00e5 med b\u00e5de cykel, bil og bus. 55.6880,12.5909 The Killing Room\u2122 Bornholmsgade 31266 [&hellip;]<\/p>\n","protected":false},"author":1,"featured_media":0,"parent":0,"menu_order":0,"comment_status":"closed","ping_status":"closed","template":"","meta":{"_acf_changed":false,"footnotes":""},"class_list":["post-1229","page","type-page","status-publish","hentry"],"acf":[],"_wp_attached_file":null,"_wp_attachment_metadata":null,"_wp_attachment_image_alt":null,"_menu_item_type":null,"_menu_item_menu_item_parent":null,"_menu_item_object_id":null,"_menu_item_object":null,"_menu_item_target":null,"_menu_item_classes":null,"_menu_item_xfn":null,"_menu_item_url":null,"_sc_disable_sc":null,"_sc_disable_admin":null,"_sc_editor":null,"_sc_allowed_devices":null,"wpml_media_processed":null,"_wp_page_template":null,"_wpcode_auto_insert":null,"_wpcode_auto_insert_number":null,"_wpcode_library_id":null,"_wpcode_conditional_logic_enabled":null,"_wpcode_priority":null,"_wpcode_note":null,"_wpcode_conditional_logic":null,"_yoast_wpseo_meta-robots-noindex":null,"_sc_description":null,"_yoast_wpseo_primary_category":null,"_oembed_0cc52318f6774d9ee312b83fd2dce3c1":null,"_oembed_time_0cc52318f6774d9ee312b83fd2dce3c1":null,"_wp_attachment_backup_sizes":null,"wp-smush-lossy":null,"wp-smpro-smush-data":null,"wp-smush-pngjpg_savings":null,"wp-smush-ignore-bulk":null,"_pum_built_in":null,"_pum_default_theme":null,"popup_theme_data_version":null,"popup_theme_settings":null,"popup_title":null,"enabled":null,"popup_settings":null,"data_version":null,"popup_open_count":null,"popup_conversion_count":null,"_aoc_tab":null,"_aoc_popup_goal":null,"_aoc_display_type":null,"_aoc_popup_appear":null,"_aoc_behaviour":null,"_aoc_content":null,"_aoc_design":null,"_aoc_advance":null,"_aoc_custom_css":null,"wpforms_form_locations":null,"popup_open_count_total":null,"popup_last_opened":null,"_pum_user_modified":null,"popup_theme_overlay":null,"popup_theme_container":null,"popup_theme_title":null,"popup_theme_content":null,"popup_theme_close":null,"_yoast_wpseo_meta-robots-nofollow":null,"_top_nav_excluded":null,"_cms_nav_minihome":null,"_wp_desired_post_slug":null,"wp-smush-transparent":null,"_thumbnail_id":null,"_yoast_wpseo_opengraph-image":null,"_yoast_wpseo_opengraph-image-id":null,"_trp_translated_slug_en_gb":null,"_emr_replace_author":null,"popup_data":null,"popup_type":null,"popup_goal":null,"popup_goal_action":null,"popup_placement":null,"popup_devices":null,"popup_views":null,"popup_conversion":null,"_pingme":null,"_encloseme":null,"_edit_lock":"1662116392:1","_edit_last":"2","_wp_old_slug":null,"_wp_old_date":null,"_wpml_word_count":"{\"total\":228,\"to_translate\":{\"en\":228}}","_wpml_media_featured":"1","_wpml_media_duplicate":"1","_last_translation_edit_mode":null,"_yoast_wpseo_title":"Anderledes oplevelser i K\u00f8benhavn - Kort over events - Mystery Makers","_yoast_wpseo_metadesc":null,"_yoast_wpseo_content_score":null,"_yoast_wpseo_estimated-reading-time-minutes":"0","_yoast_wpseo_wordproof_timestamp":"","_pinterest_shares":null,"_total_shares":null,"swp_cache_timestamp":null,"_trp_automatically_translated_slug_en_gb":null,"overskrift":null,"_overskrift":null,"tekst":null,"_tekst":null,"brodtekst":null,"_brodtekst":null,"h1_overskrift":null,"_h1_overskrift":null,"hero-tekst":null,"_hero-tekst":null,"brodtekst_2":null,"_brodtekst_2":null,"yoast_head":"<!-- This site is optimized with the Yoast SEO plugin v27.6 - https:\/\/yoast.com\/product\/yoast-seo-wordpress\/ -->\n<title>Anderledes oplevelser i K\u00f8benhavn - Kort over events - Mystery Makers<\/title>\n<meta name=\"robots\" content=\"index, follow, max-snippet:-1, max-image-preview:large, max-video-preview:-1\" \/>\n<link rel=\"canonical\" href=\"https:\/\/mysterymakers.dk\/en\/event-map\/\" \/>\n<meta property=\"og:locale\" content=\"en_GB\" \/>\n<meta property=\"og:type\" content=\"article\" \/>\n<meta property=\"og:title\" content=\"Anderledes oplevelser i K\u00f8benhavn - Kort over events - Mystery Makers\" \/>\n<meta property=\"og:description\" content=\"Oplevelser i K\u00f8benhavn MYSTERY ROOM\u2122 The Killing Room\u2122Bornholmsgade 31266 K\u00f8benhavn K The Lab\u2122Gr\u00f8nningen 151270 K\u00f8benhavn K The Ritual\u2122Hammerensgade 61267 K\u00f8benhavn K Alle vores Mystery Room ligger i vores egne lokale p\u00e5 centrale placeringer i det indre K\u00f8benhavn. Vores lokaler er nemme at tilg\u00e5 med b\u00e5de cykel, bil og bus. 55.6880,12.5909 The Killing Room\u2122 Bornholmsgade 31266 [&hellip;]\" \/>\n<meta property=\"og:url\" content=\"https:\/\/mysterymakers.dk\/en\/event-map\/\" \/>\n<meta property=\"og:site_name\" content=\"Mystery Makers\" \/>\n<meta property=\"article:modified_time\" content=\"2023-09-15T09:16:22+00:00\" \/>\n<meta property=\"og:image\" content=\"https:\/\/mysterymakers.dk\/wp-content\/uploads\/Mystery-Hunt-Christiansborg-01-1.jpg\" \/>\n\t<meta property=\"og:image:width\" content=\"1911\" \/>\n\t<meta property=\"og:image:height\" content=\"1078\" \/>\n\t<meta property=\"og:image:type\" content=\"image\/jpeg\" \/>\n<meta name=\"twitter:card\" content=\"summary_large_image\" \/>\n<script type=\"application\/ld+json\" class=\"yoast-schema-graph\">{\"@context\":\"https:\\\/\\\/schema.org\",\"@graph\":[{\"@type\":\"WebPage\",\"@id\":\"https:\\\/\\\/mysterymakers.dk\\\/en\\\/kort-over-events\\\/\",\"url\":\"https:\\\/\\\/mysterymakers.dk\\\/en\\\/kort-over-events\\\/\",\"name\":\"Anderledes oplevelser i K\u00f8benhavn - Kort over events - Mystery Makers\",\"isPartOf\":{\"@id\":\"https:\\\/\\\/mysterymakers.dk\\\/en\\\/#website\"},\"datePublished\":\"2022-08-15T08:45:41+00:00\",\"dateModified\":\"2023-09-15T09:16:22+00:00\",\"breadcrumb\":{\"@id\":\"https:\\\/\\\/mysterymakers.dk\\\/en\\\/kort-over-events\\\/#breadcrumb\"},\"inLanguage\":\"en-GB\",\"potentialAction\":[{\"@type\":\"ReadAction\",\"target\":[\"https:\\\/\\\/mysterymakers.dk\\\/en\\\/kort-over-events\\\/\"]}]},{\"@type\":\"BreadcrumbList\",\"@id\":\"https:\\\/\\\/mysterymakers.dk\\\/en\\\/kort-over-events\\\/#breadcrumb\",\"itemListElement\":[{\"@type\":\"ListItem\",\"position\":1,\"name\":\"Hjem\",\"item\":\"https:\\\/\\\/mysterymakers.dk\\\/\"},{\"@type\":\"ListItem\",\"position\":2,\"name\":\"Kort over events\"}]},{\"@type\":\"WebSite\",\"@id\":\"https:\\\/\\\/mysterymakers.dk\\\/en\\\/#website\",\"url\":\"https:\\\/\\\/mysterymakers.dk\\\/en\\\/\",\"name\":\"Mystery Makers\",\"description\":\"Mange timers underholdning med venner og kollegaer\",\"potentialAction\":[{\"@type\":\"SearchAction\",\"target\":{\"@type\":\"EntryPoint\",\"urlTemplate\":\"https:\\\/\\\/mysterymakers.dk\\\/en\\\/?s={search_term_string}\"},\"query-input\":{\"@type\":\"PropertyValueSpecification\",\"valueRequired\":true,\"valueName\":\"search_term_string\"}}],\"inLanguage\":\"en-GB\"}]}<\/script>\n<!-- \/ Yoast SEO plugin. -->","yoast_head_json":{"title":"Different experiences in Copenhagen - Map of events - Mystery Makers","robots":{"index":"index","follow":"follow","max-snippet":"max-snippet:-1","max-image-preview":"max-image-preview:large","max-video-preview":"max-video-preview:-1"},"canonical":"https:\/\/mysterymakers.dk\/en\/event-map\/","og_locale":"en_GB","og_type":"article","og_title":"Anderledes oplevelser i K\u00f8benhavn - Kort over events - Mystery Makers","og_description":"Oplevelser i K\u00f8benhavn MYSTERY ROOM\u2122 The Killing Room\u2122Bornholmsgade 31266 K\u00f8benhavn K The Lab\u2122Gr\u00f8nningen 151270 K\u00f8benhavn K The Ritual\u2122Hammerensgade 61267 K\u00f8benhavn K Alle vores Mystery Room ligger i vores egne lokale p\u00e5 centrale placeringer i det indre K\u00f8benhavn. Vores lokaler er nemme at tilg\u00e5 med b\u00e5de cykel, bil og bus. 55.6880,12.5909 The Killing Room\u2122 Bornholmsgade 31266 [&hellip;]","og_url":"https:\/\/mysterymakers.dk\/en\/event-map\/","og_site_name":"Mystery Makers","article_modified_time":"2023-09-15T09:16:22+00:00","og_image":[{"width":1911,"height":1078,"url":"https:\/\/mysterymakers.dk\/wp-content\/uploads\/Mystery-Hunt-Christiansborg-01-1.jpg","type":"image\/jpeg"}],"twitter_card":"summary_large_image","schema":{"@context":"https:\/\/schema.org","@graph":[{"@type":"WebPage","@id":"https:\/\/mysterymakers.dk\/en\/kort-over-events\/","url":"https:\/\/mysterymakers.dk\/en\/kort-over-events\/","name":"Different experiences in Copenhagen - Map of events - Mystery Makers","isPartOf":{"@id":"https:\/\/mysterymakers.dk\/en\/#website"},"datePublished":"2022-08-15T08:45:41+00:00","dateModified":"2023-09-15T09:16:22+00:00","breadcrumb":{"@id":"https:\/\/mysterymakers.dk\/en\/kort-over-events\/#breadcrumb"},"inLanguage":"en-GB","potentialAction":[{"@type":"ReadAction","target":["https:\/\/mysterymakers.dk\/en\/kort-over-events\/"]}]},{"@type":"BreadcrumbList","@id":"https:\/\/mysterymakers.dk\/en\/kort-over-events\/#breadcrumb","itemListElement":[{"@type":"ListItem","position":1,"name":"Hjem","item":"https:\/\/mysterymakers.dk\/"},{"@type":"ListItem","position":2,"name":"Kort over events"}]},{"@type":"WebSite","@id":"https:\/\/mysterymakers.dk\/en\/#website","url":"https:\/\/mysterymakers.dk\/en\/","name":"Mystery Makers","description":"Hours of entertainment with friends and colleagues","potentialAction":[{"@type":"SearchAction","target":{"@type":"EntryPoint","urlTemplate":"https:\/\/mysterymakers.dk\/en\/?s={search_term_string}"},"query-input":{"@type":"PropertyValueSpecification","valueRequired":true,"valueName":"search_term_string"}}],"inLanguage":"en-GB"}]}},"_links":{"self":[{"href":"https:\/\/mysterymakers.dk\/en\/wp-json\/wp\/v2\/pages\/1229","targetHints":{"allow":["GET"]}}],"collection":[{"href":"https:\/\/mysterymakers.dk\/en\/wp-json\/wp\/v2\/pages"}],"about":[{"href":"https:\/\/mysterymakers.dk\/en\/wp-json\/wp\/v2\/types\/page"}],"author":[{"embeddable":true,"href":"https:\/\/mysterymakers.dk\/en\/wp-json\/wp\/v2\/users\/1"}],"replies":[{"embeddable":true,"href":"https:\/\/mysterymakers.dk\/en\/wp-json\/wp\/v2\/comments?post=1229"}],"version-history":[{"count":0,"href":"https:\/\/mysterymakers.dk\/en\/wp-json\/wp\/v2\/pages\/1229\/revisions"}],"wp:attachment":[{"href":"https:\/\/mysterymakers.dk\/en\/wp-json\/wp\/v2\/media?parent=1229"}],"curies":[{"name":"wp","href":"https:\/\/api.w.org\/{rel}","templated":true}]}}